{"id":9998,"date":"2020-04-03T14:21:07","date_gmt":"2020-04-03T12:21:07","guid":{"rendered":"http:\/\/derm.dermacenter.ch\/produkt\/import-placeholder-for-2460\/"},"modified":"2024-10-25T09:27:18","modified_gmt":"2024-10-25T07:27:18","slug":"skinceuticals-retinol-03-30-ml","status":"publish","type":"product","link":"https:\/\/www.dermacenter.ch\/?product=skinceuticals-retinol-03-30-ml","title":{"rendered":"SkinCeuticals \u2013 Retinol 0,3 30 ml"},"content":{"rendered":"<p>SkinCeuticals Retinol 0.3 enth\u00e4lt mit 0.3 % eine besonders hohe Konzentration an reinem Retinol bei kosmetischen Hautpflegeprodukten. Es regt die Zellregeneration und Kollagenproduktion an und mildert F\u00e4ltchen, Falten und Altersflecken. Zus\u00e4tzlich hilft es, die Poren zu verfeinern und korrigiert einen fleckigen, unebenm\u00e4ssigen Teint.<\/p>\n<p>&#8211; Hilft F\u00e4ltchen, Falten, Altersflecken und Hautunregelm\u00e4ssigkeiten zu mindern<\/p>\n<p>&#8211; Bewahrt die optimale Stabilit\u00e4t von Retinol und minimiert die h\u00e4ufig damit verbundenen Hautreizungen<\/p>\n<p>&#8211; Ein Maximum an Retinol gelangt exakt dort an die Haut, wo sie es ben\u00f6tigt<\/p>\n<p>&#8211; Trocknet die Haut nicht aus, verstopft nicht die Poren<\/p>\n","protected":false},"excerpt":{"rendered":"<p>Hautbild verfeinernde Intensiv-Nachtcreme mit 0,3 % reinem Retinol<\/p>\n","protected":false},"featured_media":9476,"comment_status":"open","ping_status":"closed","template":"","meta":[],"yoast_head":"<!-- This site is optimized with the Yoast SEO plugin v15.5 - https:\/\/yoast.com\/wordpress\/plugins\/seo\/ -->\n<title>SkinCeuticals \u2013 Retinol 0,3 30 ml - Dermacenter AG<\/title>\n<meta name=\"robots\" content=\"index, follow, max-snippet:-1, max-image-preview:large, max-video-preview:-1\" \/>\n<link rel=\"canonical\" href=\"https:\/\/www.dermacenter.ch\/?product=skinceuticals-retinol-03-30-ml\" \/>\n<meta property=\"og:locale\" content=\"de_DE\" \/>\n<meta property=\"og:type\" content=\"article\" \/>\n<meta property=\"og:title\" content=\"SkinCeuticals \u2013 Retinol 0,3 30 ml - Dermacenter AG\" \/>\n<meta property=\"og:description\" content=\"Hautbild verfeinernde Intensiv-Nachtcreme mit 0,3 % reinem Retinol\" \/>\n<meta property=\"og:url\" content=\"https:\/\/www.dermacenter.ch\/?product=skinceuticals-retinol-03-30-ml\" \/>\n<meta property=\"og:site_name\" content=\"Dermacenter AG\" \/>\n<meta property=\"article:modified_time\" content=\"2024-10-25T07:27:18+00:00\" \/>\n<meta property=\"og:image\" content=\"https:\/\/www.dermacenter.ch\/wp-content\/uploads\/2020\/04\/Retinol-03.jpg\" \/>\n\t<meta property=\"og:image:width\" content=\"500\" \/>\n\t<meta property=\"og:image:height\" content=\"500\" \/>\n<meta name=\"twitter:card\" content=\"summary_large_image\" \/>\n<meta name=\"twitter:label1\" content=\"Gesch\u00e4tzte Lesezeit\">\n\t<meta name=\"twitter:data1\" content=\"0\u00a0Minuten\">\n<script type=\"application\/ld+json\" class=\"yoast-schema-graph\">{\"@context\":\"https:\/\/schema.org\",\"@graph\":[{\"@type\":\"WebSite\",\"@id\":\"https:\/\/www.dermacenter.ch\/#website\",\"url\":\"https:\/\/www.dermacenter.ch\/\",\"name\":\"Dermacenter AG\",\"description\":\"\",\"potentialAction\":[{\"@type\":\"SearchAction\",\"target\":\"https:\/\/www.dermacenter.ch\/?s={search_term_string}\",\"query-input\":\"required name=search_term_string\"}],\"inLanguage\":\"de\"},{\"@type\":\"ImageObject\",\"@id\":\"https:\/\/www.dermacenter.ch\/?product=skinceuticals-retinol-03-30-ml#primaryimage\",\"inLanguage\":\"de\",\"url\":\"https:\/\/www.dermacenter.ch\/wp-content\/uploads\/2020\/04\/Retinol-03.jpg\",\"width\":500,\"height\":500},{\"@type\":\"WebPage\",\"@id\":\"https:\/\/www.dermacenter.ch\/?product=skinceuticals-retinol-03-30-ml#webpage\",\"url\":\"https:\/\/www.dermacenter.ch\/?product=skinceuticals-retinol-03-30-ml\",\"name\":\"SkinCeuticals \\u2013 Retinol 0,3 30 ml - Dermacenter AG\",\"isPartOf\":{\"@id\":\"https:\/\/www.dermacenter.ch\/#website\"},\"primaryImageOfPage\":{\"@id\":\"https:\/\/www.dermacenter.ch\/?product=skinceuticals-retinol-03-30-ml#primaryimage\"},\"datePublished\":\"2020-04-03T12:21:07+00:00\",\"dateModified\":\"2024-10-25T07:27:18+00:00\",\"inLanguage\":\"de\",\"potentialAction\":[{\"@type\":\"ReadAction\",\"target\":[\"https:\/\/www.dermacenter.ch\/?product=skinceuticals-retinol-03-30-ml\"]}]}]}<\/script>\n<!-- \/ Yoast SEO plugin. -->","_links":{"self":[{"href":"https:\/\/www.dermacenter.ch\/index.php?rest_route=\/wp\/v2\/product\/9998"}],"collection":[{"href":"https:\/\/www.dermacenter.ch\/index.php?rest_route=\/wp\/v2\/product"}],"about":[{"href":"https:\/\/www.dermacenter.ch\/index.php?rest_route=\/wp\/v2\/types\/product"}],"replies":[{"embeddable":true,"href":"https:\/\/www.dermacenter.ch\/index.php?rest_route=%2Fwp%2Fv2%2Fcomments&post=9998"}],"wp:featuredmedia":[{"embeddable":true,"href":"https:\/\/www.dermacenter.ch\/index.php?rest_route=\/wp\/v2\/media\/9476"}],"wp:attachment":[{"href":"https:\/\/www.dermacenter.ch\/index.php?rest_route=%2Fwp%2Fv2%2Fmedia&parent=9998"}],"curies":[{"name":"wp","href":"https:\/\/api.w.org\/{rel}","templated":true}]}}