{"id":9987,"date":"2020-04-03T14:21:05","date_gmt":"2020-04-03T12:21:05","guid":{"rendered":"http:\/\/derm.dermacenter.ch\/produkt\/import-placeholder-for-4055\/"},"modified":"2023-02-28T10:35:58","modified_gmt":"2023-02-28T09:35:58","slug":"skinceuticals-daily-moisture-50-ml","status":"publish","type":"product","link":"https:\/\/www.dermacenter.ch\/?product=skinceuticals-daily-moisture-50-ml","title":{"rendered":"SkinCeuticals \u2013 Daily Moisture 60 ml"},"content":{"rendered":"<p>Die leichte, porenverfeinernde Feuchtigkeitspflege f\u00fcr normale bis fettige Haut versorgt die Haut mit Feuchtigkeit, baut sie und verkleinert die Poren mit einer ausgew\u00e4hlten Kombination pflanzlicher Extrakte. Enth\u00e4lt pflanzliche Extrakte, um ein Zusammenziehen und Verfeinern der Poren zu bewirken Spendet langanhaltend Feuchtigkeit Verfeinert das Hautbild und sch\u00fctzt die Haut Hinterl\u00e4sst keinen Fettfilm auf der Haut<\/p>\n","protected":false},"excerpt":{"rendered":"<p>Porenverfeinernde Feuchtigkeitspflege f\u00fcr normale bis fettige Haut<\/p>\n","protected":false},"featured_media":13426,"comment_status":"open","ping_status":"closed","template":"","meta":[],"yoast_head":"<!-- This site is optimized with the Yoast SEO plugin v15.5 - https:\/\/yoast.com\/wordpress\/plugins\/seo\/ -->\n<title>SkinCeuticals \u2013 Daily Moisture 60 ml - Dermacenter AG<\/title>\n<meta name=\"robots\" content=\"index, follow, max-snippet:-1, max-image-preview:large, max-video-preview:-1\" \/>\n<link rel=\"canonical\" href=\"https:\/\/www.dermacenter.ch\/?product=skinceuticals-daily-moisture-50-ml\" \/>\n<meta property=\"og:locale\" content=\"de_DE\" \/>\n<meta property=\"og:type\" content=\"article\" \/>\n<meta property=\"og:title\" content=\"SkinCeuticals \u2013 Daily Moisture 60 ml - Dermacenter AG\" \/>\n<meta property=\"og:description\" content=\"Porenverfeinernde Feuchtigkeitspflege f\u00fcr normale bis fettige Haut\" \/>\n<meta property=\"og:url\" content=\"https:\/\/www.dermacenter.ch\/?product=skinceuticals-daily-moisture-50-ml\" \/>\n<meta property=\"og:site_name\" content=\"Dermacenter AG\" \/>\n<meta property=\"article:modified_time\" content=\"2023-02-28T09:35:58+00:00\" \/>\n<meta property=\"og:image\" content=\"https:\/\/www.dermacenter.ch\/wp-content\/uploads\/2020\/04\/SkinCeuticlas_DailyMoisture.jpg\" \/>\n\t<meta property=\"og:image:width\" content=\"500\" \/>\n\t<meta property=\"og:image:height\" content=\"500\" \/>\n<meta name=\"twitter:card\" content=\"summary_large_image\" \/>\n<meta name=\"twitter:label1\" content=\"Gesch\u00e4tzte Lesezeit\">\n\t<meta name=\"twitter:data1\" content=\"0\u00a0Minuten\">\n<script type=\"application\/ld+json\" class=\"yoast-schema-graph\">{\"@context\":\"https:\/\/schema.org\",\"@graph\":[{\"@type\":\"WebSite\",\"@id\":\"https:\/\/www.dermacenter.ch\/#website\",\"url\":\"https:\/\/www.dermacenter.ch\/\",\"name\":\"Dermacenter AG\",\"description\":\"\",\"potentialAction\":[{\"@type\":\"SearchAction\",\"target\":\"https:\/\/www.dermacenter.ch\/?s={search_term_string}\",\"query-input\":\"required name=search_term_string\"}],\"inLanguage\":\"de\"},{\"@type\":\"ImageObject\",\"@id\":\"https:\/\/www.dermacenter.ch\/?product=skinceuticals-daily-moisture-50-ml#primaryimage\",\"inLanguage\":\"de\",\"url\":\"https:\/\/www.dermacenter.ch\/wp-content\/uploads\/2020\/04\/SkinCeuticlas_DailyMoisture.jpg\",\"width\":500,\"height\":500},{\"@type\":\"WebPage\",\"@id\":\"https:\/\/www.dermacenter.ch\/?product=skinceuticals-daily-moisture-50-ml#webpage\",\"url\":\"https:\/\/www.dermacenter.ch\/?product=skinceuticals-daily-moisture-50-ml\",\"name\":\"SkinCeuticals \\u2013 Daily Moisture 60 ml - Dermacenter AG\",\"isPartOf\":{\"@id\":\"https:\/\/www.dermacenter.ch\/#website\"},\"primaryImageOfPage\":{\"@id\":\"https:\/\/www.dermacenter.ch\/?product=skinceuticals-daily-moisture-50-ml#primaryimage\"},\"datePublished\":\"2020-04-03T12:21:05+00:00\",\"dateModified\":\"2023-02-28T09:35:58+00:00\",\"inLanguage\":\"de\",\"potentialAction\":[{\"@type\":\"ReadAction\",\"target\":[\"https:\/\/www.dermacenter.ch\/?product=skinceuticals-daily-moisture-50-ml\"]}]}]}<\/script>\n<!-- \/ Yoast SEO plugin. -->","_links":{"self":[{"href":"https:\/\/www.dermacenter.ch\/index.php?rest_route=\/wp\/v2\/product\/9987"}],"collection":[{"href":"https:\/\/www.dermacenter.ch\/index.php?rest_route=\/wp\/v2\/product"}],"about":[{"href":"https:\/\/www.dermacenter.ch\/index.php?rest_route=\/wp\/v2\/types\/product"}],"replies":[{"embeddable":true,"href":"https:\/\/www.dermacenter.ch\/index.php?rest_route=%2Fwp%2Fv2%2Fcomments&post=9987"}],"wp:featuredmedia":[{"embeddable":true,"href":"https:\/\/www.dermacenter.ch\/index.php?rest_route=\/wp\/v2\/media\/13426"}],"wp:attachment":[{"href":"https:\/\/www.dermacenter.ch\/index.php?rest_route=%2Fwp%2Fv2%2Fmedia&parent=9987"}],"curies":[{"name":"wp","href":"https:\/\/api.w.org\/{rel}","templated":true}]}}