{"id":9985,"date":"2020-04-03T14:21:05","date_gmt":"2020-04-03T12:21:05","guid":{"rendered":"http:\/\/derm.dermacenter.ch\/produkt\/import-placeholder-for-4047\/"},"modified":"2023-02-28T10:27:14","modified_gmt":"2023-02-28T09:27:14","slug":"skinceuticals-eye-balm-15-ml","status":"publish","type":"product","link":"https:\/\/www.dermacenter.ch\/?product=skinceuticals-eye-balm-15-ml","title":{"rendered":"SkinCeuticals \u2013 Eye Balm 15 ml"},"content":{"rendered":"<p>Die synergistische Kombination von hochwirksamen, aber sanften pflanzlichen und marinen Wirkstoffen repariert die Haut der empfindlichen Augenpartie. Die reichhaltige, korrigierende und feuchtigkeitsspendende Augenpflege bek\u00e4mpft die 3 Hauptmerkmale von Hautalterung: Feuchtigkeitsverlust, Kollagenabbau und Sch\u00e4den durch freie Radikale. Verbessert sichtbar das Aussehen der empfindlichen Augenpartie Unterst\u00fctzt die Lipidversorgung der Haut an den Augenkonturen, um ihr Aussehen zu verbessern Die Augenpartie wirkt gegl\u00e4ttet und gewinnt an Ausstrahlung Beruhigt irritierte Haut Speziell f\u00fcr die trockene, reife Haut der Augenpartie.<\/p>\n","protected":false},"excerpt":{"rendered":"<p>Repair-Augenpflege f\u00fcr reife Haut<\/p>\n","protected":false},"featured_media":9463,"comment_status":"open","ping_status":"closed","template":"","meta":[],"yoast_head":"<!-- This site is optimized with the Yoast SEO plugin v15.5 - https:\/\/yoast.com\/wordpress\/plugins\/seo\/ -->\n<title>SkinCeuticals \u2013 Eye Balm 15 ml - Dermacenter AG<\/title>\n<meta name=\"robots\" content=\"index, follow, max-snippet:-1, max-image-preview:large, max-video-preview:-1\" \/>\n<link rel=\"canonical\" href=\"https:\/\/www.dermacenter.ch\/?product=skinceuticals-eye-balm-15-ml\" \/>\n<meta property=\"og:locale\" content=\"de_DE\" \/>\n<meta property=\"og:type\" content=\"article\" \/>\n<meta property=\"og:title\" content=\"SkinCeuticals \u2013 Eye Balm 15 ml - Dermacenter AG\" \/>\n<meta property=\"og:description\" content=\"Repair-Augenpflege f\u00fcr reife Haut\" \/>\n<meta property=\"og:url\" content=\"https:\/\/www.dermacenter.ch\/?product=skinceuticals-eye-balm-15-ml\" \/>\n<meta property=\"og:site_name\" content=\"Dermacenter AG\" \/>\n<meta property=\"article:modified_time\" content=\"2023-02-28T09:27:14+00:00\" \/>\n<meta property=\"og:image\" content=\"https:\/\/www.dermacenter.ch\/wp-content\/uploads\/2020\/04\/product_15.jpg\" \/>\n\t<meta property=\"og:image:width\" content=\"500\" \/>\n\t<meta property=\"og:image:height\" content=\"500\" \/>\n<meta name=\"twitter:card\" content=\"summary_large_image\" \/>\n<meta name=\"twitter:label1\" content=\"Gesch\u00e4tzte Lesezeit\">\n\t<meta name=\"twitter:data1\" content=\"0\u00a0Minuten\">\n<script type=\"application\/ld+json\" class=\"yoast-schema-graph\">{\"@context\":\"https:\/\/schema.org\",\"@graph\":[{\"@type\":\"WebSite\",\"@id\":\"https:\/\/www.dermacenter.ch\/#website\",\"url\":\"https:\/\/www.dermacenter.ch\/\",\"name\":\"Dermacenter AG\",\"description\":\"\",\"potentialAction\":[{\"@type\":\"SearchAction\",\"target\":\"https:\/\/www.dermacenter.ch\/?s={search_term_string}\",\"query-input\":\"required name=search_term_string\"}],\"inLanguage\":\"de\"},{\"@type\":\"ImageObject\",\"@id\":\"https:\/\/www.dermacenter.ch\/?product=skinceuticals-eye-balm-15-ml#primaryimage\",\"inLanguage\":\"de\",\"url\":\"https:\/\/www.dermacenter.ch\/wp-content\/uploads\/2020\/04\/product_15.jpg\",\"width\":500,\"height\":500},{\"@type\":\"WebPage\",\"@id\":\"https:\/\/www.dermacenter.ch\/?product=skinceuticals-eye-balm-15-ml#webpage\",\"url\":\"https:\/\/www.dermacenter.ch\/?product=skinceuticals-eye-balm-15-ml\",\"name\":\"SkinCeuticals \\u2013 Eye Balm 15 ml - Dermacenter AG\",\"isPartOf\":{\"@id\":\"https:\/\/www.dermacenter.ch\/#website\"},\"primaryImageOfPage\":{\"@id\":\"https:\/\/www.dermacenter.ch\/?product=skinceuticals-eye-balm-15-ml#primaryimage\"},\"datePublished\":\"2020-04-03T12:21:05+00:00\",\"dateModified\":\"2023-02-28T09:27:14+00:00\",\"inLanguage\":\"de\",\"potentialAction\":[{\"@type\":\"ReadAction\",\"target\":[\"https:\/\/www.dermacenter.ch\/?product=skinceuticals-eye-balm-15-ml\"]}]}]}<\/script>\n<!-- \/ Yoast SEO plugin. -->","_links":{"self":[{"href":"https:\/\/www.dermacenter.ch\/index.php?rest_route=\/wp\/v2\/product\/9985"}],"collection":[{"href":"https:\/\/www.dermacenter.ch\/index.php?rest_route=\/wp\/v2\/product"}],"about":[{"href":"https:\/\/www.dermacenter.ch\/index.php?rest_route=\/wp\/v2\/types\/product"}],"replies":[{"embeddable":true,"href":"https:\/\/www.dermacenter.ch\/index.php?rest_route=%2Fwp%2Fv2%2Fcomments&post=9985"}],"wp:featuredmedia":[{"embeddable":true,"href":"https:\/\/www.dermacenter.ch\/index.php?rest_route=\/wp\/v2\/media\/9463"}],"wp:attachment":[{"href":"https:\/\/www.dermacenter.ch\/index.php?rest_route=%2Fwp%2Fv2%2Fmedia&parent=9985"}],"curies":[{"name":"wp","href":"https:\/\/api.w.org\/{rel}","templated":true}]}}