{"id":9984,"date":"2020-04-03T14:21:05","date_gmt":"2020-04-03T12:21:05","guid":{"rendered":"http:\/\/derm.dermacenter.ch\/produkt\/import-placeholder-for-5233\/"},"modified":"2025-04-03T16:34:40","modified_gmt":"2025-04-03T14:34:40","slug":"skinceuticals-h-a-intensifier-30-ml","status":"publish","type":"product","link":"https:\/\/www.dermacenter.ch\/?product=skinceuticals-h-a-intensifier-30-ml","title":{"rendered":"SkinCeuticals \u2013 H.A. INTENSIFIER 30 ml"},"content":{"rendered":"<p>H.A. INTENSIFIER ist eine mehrwertige Formel mit einer hohen Konzentration von reiner Hyalurons\u00e4ure, Proxylan und dem lila Reisextrakt zur Unterst\u00fctzung des nat\u00fcrlichen hauteigenen HA-Reservoir, um erneutes Volumen, Spannkraft und Festigkeit zu erlangen. Das Auftreten von Kr\u00e4henf\u00fcssen, Nasolabialfalten und Marionettenlinien wird reduziert, die Haut gegl\u00e4ttet und aufgepolstert, um das Hautbild zu verfeinern.<\/p>\n<p>Ist f\u00fcr jeden Hauttyp\/-zustand geeignet. F\u00fcr erneuertes Volumen, Spannkraft und Festigkeit.<\/p>\n<p>FESTIGT DIE HAUT \u2013 f\u00fcr eine sichtbare Verbesserung des Erscheinungsbildes von Falten.<\/p>\n<p>GL\u00c4TTET DIE HAUT \u2013 f\u00fcr ein verfeinertes Hautbild.<\/p>\n<p>POLSTERT AUF \u2013 f\u00fcr eine sichtbar prallere Haut.<\/p>\n","protected":false},"excerpt":{"rendered":"<p>H.A. INTENSIFIER ist eine mehrwertige Formel mit einer hohen Konzentration von reiner Hyalurons\u00e4ure, Proxylan und dem lila Reisextrakt zur Unterst\u00fctzung des nat\u00fcrlichen hauteigenen HA-Reservoir, um erneutes Volumen, Spannkraft und Festigkeit zu erlangen. Das Auftreten von Kr\u00e4henf\u00fcssen, Nasolabialfalten und Marionettenlinien wird reduziert, die Haut gegl\u00e4ttet und aufgepolstert, um das Hautbild zu verfeinern. Ist f\u00fcr jeden Hauttyp\/-zustand [&hellip;]\n","protected":false},"featured_media":9462,"comment_status":"open","ping_status":"closed","template":"","meta":[],"yoast_head":"<!-- This site is optimized with the Yoast SEO plugin v15.5 - https:\/\/yoast.com\/wordpress\/plugins\/seo\/ -->\n<title>SkinCeuticals \u2013 H.A. INTENSIFIER 30 ml - Dermacenter AG<\/title>\n<meta name=\"robots\" content=\"index, follow, max-snippet:-1, max-image-preview:large, max-video-preview:-1\" \/>\n<link rel=\"canonical\" href=\"https:\/\/www.dermacenter.ch\/?product=skinceuticals-h-a-intensifier-30-ml\" \/>\n<meta property=\"og:locale\" content=\"de_DE\" \/>\n<meta property=\"og:type\" content=\"article\" \/>\n<meta property=\"og:title\" content=\"SkinCeuticals \u2013 H.A. INTENSIFIER 30 ml - Dermacenter AG\" \/>\n<meta property=\"og:description\" content=\"H.A. INTENSIFIER ist eine mehrwertige Formel mit einer hohen Konzentration von reiner Hyalurons\u00e4ure, Proxylan und dem lila Reisextrakt zur Unterst\u00fctzung des nat\u00fcrlichen hauteigenen HA-Reservoir, um erneutes Volumen, Spannkraft und Festigkeit zu erlangen. Das Auftreten von Kr\u00e4henf\u00fcssen, Nasolabialfalten und Marionettenlinien wird reduziert, die Haut gegl\u00e4ttet und aufgepolstert, um das Hautbild zu verfeinern. Ist f\u00fcr jeden Hauttyp\/-zustand [&hellip;]\" \/>\n<meta property=\"og:url\" content=\"https:\/\/www.dermacenter.ch\/?product=skinceuticals-h-a-intensifier-30-ml\" \/>\n<meta property=\"og:site_name\" content=\"Dermacenter AG\" \/>\n<meta property=\"article:modified_time\" content=\"2025-04-03T14:34:40+00:00\" \/>\n<meta property=\"og:image\" content=\"https:\/\/www.dermacenter.ch\/wp-content\/uploads\/2020\/04\/image004.png\" \/>\n\t<meta property=\"og:image:width\" content=\"500\" \/>\n\t<meta property=\"og:image:height\" content=\"500\" \/>\n<meta name=\"twitter:card\" content=\"summary_large_image\" \/>\n<meta name=\"twitter:label1\" content=\"Gesch\u00e4tzte Lesezeit\">\n\t<meta name=\"twitter:data1\" content=\"0\u00a0Minuten\">\n<script type=\"application\/ld+json\" class=\"yoast-schema-graph\">{\"@context\":\"https:\/\/schema.org\",\"@graph\":[{\"@type\":\"WebSite\",\"@id\":\"https:\/\/www.dermacenter.ch\/#website\",\"url\":\"https:\/\/www.dermacenter.ch\/\",\"name\":\"Dermacenter AG\",\"description\":\"\",\"potentialAction\":[{\"@type\":\"SearchAction\",\"target\":\"https:\/\/www.dermacenter.ch\/?s={search_term_string}\",\"query-input\":\"required name=search_term_string\"}],\"inLanguage\":\"de\"},{\"@type\":\"ImageObject\",\"@id\":\"https:\/\/www.dermacenter.ch\/?product=skinceuticals-h-a-intensifier-30-ml#primaryimage\",\"inLanguage\":\"de\",\"url\":\"https:\/\/www.dermacenter.ch\/wp-content\/uploads\/2020\/04\/image004.png\",\"width\":500,\"height\":500},{\"@type\":\"WebPage\",\"@id\":\"https:\/\/www.dermacenter.ch\/?product=skinceuticals-h-a-intensifier-30-ml#webpage\",\"url\":\"https:\/\/www.dermacenter.ch\/?product=skinceuticals-h-a-intensifier-30-ml\",\"name\":\"SkinCeuticals \\u2013 H.A. INTENSIFIER 30 ml - Dermacenter AG\",\"isPartOf\":{\"@id\":\"https:\/\/www.dermacenter.ch\/#website\"},\"primaryImageOfPage\":{\"@id\":\"https:\/\/www.dermacenter.ch\/?product=skinceuticals-h-a-intensifier-30-ml#primaryimage\"},\"datePublished\":\"2020-04-03T12:21:05+00:00\",\"dateModified\":\"2025-04-03T14:34:40+00:00\",\"inLanguage\":\"de\",\"potentialAction\":[{\"@type\":\"ReadAction\",\"target\":[\"https:\/\/www.dermacenter.ch\/?product=skinceuticals-h-a-intensifier-30-ml\"]}]}]}<\/script>\n<!-- \/ Yoast SEO plugin. -->","_links":{"self":[{"href":"https:\/\/www.dermacenter.ch\/index.php?rest_route=\/wp\/v2\/product\/9984"}],"collection":[{"href":"https:\/\/www.dermacenter.ch\/index.php?rest_route=\/wp\/v2\/product"}],"about":[{"href":"https:\/\/www.dermacenter.ch\/index.php?rest_route=\/wp\/v2\/types\/product"}],"replies":[{"embeddable":true,"href":"https:\/\/www.dermacenter.ch\/index.php?rest_route=%2Fwp%2Fv2%2Fcomments&post=9984"}],"wp:featuredmedia":[{"embeddable":true,"href":"https:\/\/www.dermacenter.ch\/index.php?rest_route=\/wp\/v2\/media\/9462"}],"wp:attachment":[{"href":"https:\/\/www.dermacenter.ch\/index.php?rest_route=%2Fwp%2Fv2%2Fmedia&parent=9984"}],"curies":[{"name":"wp","href":"https:\/\/api.w.org\/{rel}","templated":true}]}}