{"id":9979,"date":"2020-04-03T14:21:00","date_gmt":"2020-04-03T12:21:00","guid":{"rendered":"http:\/\/derm.dermacenter.ch\/produkt\/import-placeholder-for-4490\/"},"modified":"2023-02-28T10:30:26","modified_gmt":"2023-02-28T09:30:26","slug":"skinceuticals-redness-neutralizer-50-ml","status":"publish","type":"product","link":"https:\/\/www.dermacenter.ch\/?product=skinceuticals-redness-neutralizer-50-ml","title":{"rendered":"SkinCeuticals \u2013 Redness Neutralizer  50 ml"},"content":{"rendered":"<header>Mit dem Neuromed Komplex hilft Redness Neutralizer Hautr\u00f6tungen vorzubeugen und mildert bereits bestehende R\u00f6tungen. Das Pflege-Konzentrat bek\u00e4mpft R\u00f6tungen, die durch Umwelteinfl\u00fcsse entstehen. Lindert Irritationen, k\u00fchlt die Haut und st\u00e4rkt<i> <\/i>gleichzeitig die Hautschutzbarriere.<i> <\/i>Ideal f\u00fcr ger\u00f6tete und empfindliche Haut. Ohne Parabene, ohne Duft- und Farbstoffe, ohne Silikone und ohne Alkohol, nicht komedogen.<\/header>\n","protected":false},"excerpt":{"rendered":"<p>bek\u00e4mpft R\u00f6tungen, die durch Umwelteinfl\u00fcsse hervorgerufen werden, mildert Irritationen und stellt das Wohlbefinden der Haut wieder her.<\/p>\n","protected":false},"featured_media":9427,"comment_status":"open","ping_status":"closed","template":"","meta":[],"yoast_head":"<!-- This site is optimized with the Yoast SEO plugin v15.5 - https:\/\/yoast.com\/wordpress\/plugins\/seo\/ -->\n<title>SkinCeuticals \u2013 Redness Neutralizer 50 ml - Dermacenter AG<\/title>\n<meta name=\"robots\" content=\"index, follow, max-snippet:-1, max-image-preview:large, max-video-preview:-1\" \/>\n<link rel=\"canonical\" href=\"https:\/\/www.dermacenter.ch\/?product=skinceuticals-redness-neutralizer-50-ml\" \/>\n<meta property=\"og:locale\" content=\"de_DE\" \/>\n<meta property=\"og:type\" content=\"article\" \/>\n<meta property=\"og:title\" content=\"SkinCeuticals \u2013 Redness Neutralizer 50 ml - Dermacenter AG\" \/>\n<meta property=\"og:description\" content=\"bek\u00e4mpft R\u00f6tungen, die durch Umwelteinfl\u00fcsse hervorgerufen werden, mildert Irritationen und stellt das Wohlbefinden der Haut wieder her.\" \/>\n<meta property=\"og:url\" content=\"https:\/\/www.dermacenter.ch\/?product=skinceuticals-redness-neutralizer-50-ml\" \/>\n<meta property=\"og:site_name\" content=\"Dermacenter AG\" \/>\n<meta property=\"article:modified_time\" content=\"2023-02-28T09:30:26+00:00\" \/>\n<meta property=\"og:image\" content=\"https:\/\/www.dermacenter.ch\/wp-content\/uploads\/2020\/04\/Redness-Neutralizer.jpg\" \/>\n\t<meta property=\"og:image:width\" content=\"540\" \/>\n\t<meta property=\"og:image:height\" content=\"540\" \/>\n<meta name=\"twitter:card\" content=\"summary_large_image\" \/>\n<meta name=\"twitter:label1\" content=\"Gesch\u00e4tzte Lesezeit\">\n\t<meta name=\"twitter:data1\" content=\"0\u00a0Minuten\">\n<script type=\"application\/ld+json\" class=\"yoast-schema-graph\">{\"@context\":\"https:\/\/schema.org\",\"@graph\":[{\"@type\":\"WebSite\",\"@id\":\"https:\/\/www.dermacenter.ch\/#website\",\"url\":\"https:\/\/www.dermacenter.ch\/\",\"name\":\"Dermacenter AG\",\"description\":\"\",\"potentialAction\":[{\"@type\":\"SearchAction\",\"target\":\"https:\/\/www.dermacenter.ch\/?s={search_term_string}\",\"query-input\":\"required name=search_term_string\"}],\"inLanguage\":\"de\"},{\"@type\":\"ImageObject\",\"@id\":\"https:\/\/www.dermacenter.ch\/?product=skinceuticals-redness-neutralizer-50-ml#primaryimage\",\"inLanguage\":\"de\",\"url\":\"https:\/\/www.dermacenter.ch\/wp-content\/uploads\/2020\/04\/Redness-Neutralizer.jpg\",\"width\":540,\"height\":540},{\"@type\":\"WebPage\",\"@id\":\"https:\/\/www.dermacenter.ch\/?product=skinceuticals-redness-neutralizer-50-ml#webpage\",\"url\":\"https:\/\/www.dermacenter.ch\/?product=skinceuticals-redness-neutralizer-50-ml\",\"name\":\"SkinCeuticals \\u2013 Redness Neutralizer 50 ml - Dermacenter AG\",\"isPartOf\":{\"@id\":\"https:\/\/www.dermacenter.ch\/#website\"},\"primaryImageOfPage\":{\"@id\":\"https:\/\/www.dermacenter.ch\/?product=skinceuticals-redness-neutralizer-50-ml#primaryimage\"},\"datePublished\":\"2020-04-03T12:21:00+00:00\",\"dateModified\":\"2023-02-28T09:30:26+00:00\",\"inLanguage\":\"de\",\"potentialAction\":[{\"@type\":\"ReadAction\",\"target\":[\"https:\/\/www.dermacenter.ch\/?product=skinceuticals-redness-neutralizer-50-ml\"]}]}]}<\/script>\n<!-- \/ Yoast SEO plugin. -->","_links":{"self":[{"href":"https:\/\/www.dermacenter.ch\/index.php?rest_route=\/wp\/v2\/product\/9979"}],"collection":[{"href":"https:\/\/www.dermacenter.ch\/index.php?rest_route=\/wp\/v2\/product"}],"about":[{"href":"https:\/\/www.dermacenter.ch\/index.php?rest_route=\/wp\/v2\/types\/product"}],"replies":[{"embeddable":true,"href":"https:\/\/www.dermacenter.ch\/index.php?rest_route=%2Fwp%2Fv2%2Fcomments&post=9979"}],"wp:featuredmedia":[{"embeddable":true,"href":"https:\/\/www.dermacenter.ch\/index.php?rest_route=\/wp\/v2\/media\/9427"}],"wp:attachment":[{"href":"https:\/\/www.dermacenter.ch\/index.php?rest_route=%2Fwp%2Fv2%2Fmedia&parent=9979"}],"curies":[{"name":"wp","href":"https:\/\/api.w.org\/{rel}","templated":true}]}}