{"id":9972,"date":"2020-04-03T14:20:59","date_gmt":"2020-04-03T12:20:59","guid":{"rendered":"http:\/\/derm.dermacenter.ch\/produkt\/import-placeholder-for-6316\/"},"modified":"2023-02-28T11:02:24","modified_gmt":"2023-02-28T10:02:24","slug":"skinceuticals-antioxidant-lip-repair-10-ml","status":"publish","type":"product","link":"https:\/\/www.dermacenter.ch\/?product=skinceuticals-antioxidant-lip-repair-10-ml","title":{"rendered":"SkinCeuticals \u2013  Antioxidant  Lip repair 10 ml"},"content":{"rendered":"<p>Weichpflegende Behandlung, um umweltbedingte Sch\u00e4den zu bek\u00e4mpfen und gleichzeitig die Lippenoberfl\u00e4che zu gl\u00e4tten und zu verfeinern.<\/p>\n","protected":false},"excerpt":{"rendered":"<p>Weichpflegende Behandlung, um umweltbedingte Sch\u00e4den zu bek\u00e4mpfen und gleichzeitig die Lippenoberfl\u00e4che zu gl\u00e4tten und zu verfeinern.<\/p>\n","protected":false},"featured_media":9420,"comment_status":"open","ping_status":"closed","template":"","meta":[],"yoast_head":"<!-- This site is optimized with the Yoast SEO plugin v15.5 - https:\/\/yoast.com\/wordpress\/plugins\/seo\/ -->\n<title>SkinCeuticals \u2013 Antioxidant Lip repair 10 ml - Dermacenter AG<\/title>\n<meta name=\"robots\" content=\"index, follow, max-snippet:-1, max-image-preview:large, max-video-preview:-1\" \/>\n<link rel=\"canonical\" href=\"https:\/\/www.dermacenter.ch\/?product=skinceuticals-antioxidant-lip-repair-10-ml\" \/>\n<meta property=\"og:locale\" content=\"de_DE\" \/>\n<meta property=\"og:type\" content=\"article\" \/>\n<meta property=\"og:title\" content=\"SkinCeuticals \u2013 Antioxidant Lip repair 10 ml - Dermacenter AG\" \/>\n<meta property=\"og:description\" content=\"Weichpflegende Behandlung, um umweltbedingte Sch\u00e4den zu bek\u00e4mpfen und gleichzeitig die Lippenoberfl\u00e4che zu gl\u00e4tten und zu verfeinern.\" \/>\n<meta property=\"og:url\" content=\"https:\/\/www.dermacenter.ch\/?product=skinceuticals-antioxidant-lip-repair-10-ml\" \/>\n<meta property=\"og:site_name\" content=\"Dermacenter AG\" \/>\n<meta property=\"article:modified_time\" content=\"2023-02-28T10:02:24+00:00\" \/>\n<meta property=\"og:image\" content=\"https:\/\/www.dermacenter.ch\/wp-content\/uploads\/2020\/04\/ANTIOXIDANT-LIP-REPAIR-rvb.jpg\" \/>\n\t<meta property=\"og:image:width\" content=\"750\" \/>\n\t<meta property=\"og:image:height\" content=\"750\" \/>\n<meta name=\"twitter:card\" content=\"summary_large_image\" \/>\n<meta name=\"twitter:label1\" content=\"Gesch\u00e4tzte Lesezeit\">\n\t<meta name=\"twitter:data1\" content=\"0\u00a0Minuten\">\n<script type=\"application\/ld+json\" class=\"yoast-schema-graph\">{\"@context\":\"https:\/\/schema.org\",\"@graph\":[{\"@type\":\"WebSite\",\"@id\":\"https:\/\/www.dermacenter.ch\/#website\",\"url\":\"https:\/\/www.dermacenter.ch\/\",\"name\":\"Dermacenter AG\",\"description\":\"\",\"potentialAction\":[{\"@type\":\"SearchAction\",\"target\":\"https:\/\/www.dermacenter.ch\/?s={search_term_string}\",\"query-input\":\"required name=search_term_string\"}],\"inLanguage\":\"de\"},{\"@type\":\"ImageObject\",\"@id\":\"https:\/\/www.dermacenter.ch\/?product=skinceuticals-antioxidant-lip-repair-10-ml#primaryimage\",\"inLanguage\":\"de\",\"url\":\"https:\/\/www.dermacenter.ch\/wp-content\/uploads\/2020\/04\/ANTIOXIDANT-LIP-REPAIR-rvb.jpg\",\"width\":750,\"height\":750},{\"@type\":\"WebPage\",\"@id\":\"https:\/\/www.dermacenter.ch\/?product=skinceuticals-antioxidant-lip-repair-10-ml#webpage\",\"url\":\"https:\/\/www.dermacenter.ch\/?product=skinceuticals-antioxidant-lip-repair-10-ml\",\"name\":\"SkinCeuticals \\u2013 Antioxidant Lip repair 10 ml - Dermacenter AG\",\"isPartOf\":{\"@id\":\"https:\/\/www.dermacenter.ch\/#website\"},\"primaryImageOfPage\":{\"@id\":\"https:\/\/www.dermacenter.ch\/?product=skinceuticals-antioxidant-lip-repair-10-ml#primaryimage\"},\"datePublished\":\"2020-04-03T12:20:59+00:00\",\"dateModified\":\"2023-02-28T10:02:24+00:00\",\"inLanguage\":\"de\",\"potentialAction\":[{\"@type\":\"ReadAction\",\"target\":[\"https:\/\/www.dermacenter.ch\/?product=skinceuticals-antioxidant-lip-repair-10-ml\"]}]}]}<\/script>\n<!-- \/ Yoast SEO plugin. -->","_links":{"self":[{"href":"https:\/\/www.dermacenter.ch\/index.php?rest_route=\/wp\/v2\/product\/9972"}],"collection":[{"href":"https:\/\/www.dermacenter.ch\/index.php?rest_route=\/wp\/v2\/product"}],"about":[{"href":"https:\/\/www.dermacenter.ch\/index.php?rest_route=\/wp\/v2\/types\/product"}],"replies":[{"embeddable":true,"href":"https:\/\/www.dermacenter.ch\/index.php?rest_route=%2Fwp%2Fv2%2Fcomments&post=9972"}],"wp:featuredmedia":[{"embeddable":true,"href":"https:\/\/www.dermacenter.ch\/index.php?rest_route=\/wp\/v2\/media\/9420"}],"wp:attachment":[{"href":"https:\/\/www.dermacenter.ch\/index.php?rest_route=%2Fwp%2Fv2%2Fmedia&parent=9972"}],"curies":[{"name":"wp","href":"https:\/\/api.w.org\/{rel}","templated":true}]}}