{"id":14865,"date":"2025-05-05T12:08:09","date_gmt":"2025-05-05T10:08:09","guid":{"rendered":"https:\/\/www.dermacenter.ch\/?post_type=product&#038;p=14865"},"modified":"2025-05-05T12:09:06","modified_gmt":"2025-05-05T10:09:06","slug":"glo-skin-beauty-essential-eye-base-organza-neu","status":"publish","type":"product","link":"https:\/\/www.dermacenter.ch\/?product=glo-skin-beauty-essential-eye-base-organza-neu","title":{"rendered":"Glo Skin Beauty \u2013 Essential Eye Base Organza (NEU)"},"content":{"rendered":"<div class=\"elementToProof\">\n<div class=\"elementToProof\">Die perfekte Basis f\u00fcr jeden Augen-Look. Die Multitasktin-Augenbasis kann sowohl als Primer als auch alleine aufgetragen werden. Sie deckt R\u00f6tungen und Unregelm\u00e4ssigkeiten ab. Als Primer sorgt sie f\u00fcr ein langanhaltendes, wischfestes Augen-Make-up, das sich nicht absetzt. Angereichert mit n\u00e4hrenden Antioxidantien intensiviert der vegane Essential Eye Base die Lidschattenfarbe und pflegt zudem die Haut.<\/div>\n<div><\/div>\n<div class=\"elementToProof\"><strong>Anwendung:<\/strong><br \/>\nMit dem Applikator auf das Augenlid auftragen, mit den Fingerspitzen verblenden. Kurz antrocknen lassen, danach das Auge wie gewohnt schminken.<\/div>\n<\/div>\n","protected":false},"excerpt":{"rendered":"<p>Die perfekte Basis f\u00fcr jeden Augen-Look. Die Multitasktin-Augenbasis kann sowohl als Primer als auch alleine aufgetragen werden. Sie deckt R\u00f6tungen und Unregelm\u00e4ssigkeiten ab. Als Primer sorgt sie f\u00fcr ein langanhaltendes, wischfestes Augen-Make-up, das sich nicht absetzt. Angereichert mit n\u00e4hrenden Antioxidantien intensiviert der vegane Essential Eye Base die Lidschattenfarbe und pflegt zudem die Haut. Anwendung: Mit [&hellip;]\n","protected":false},"featured_media":14866,"comment_status":"open","ping_status":"closed","template":"","meta":[],"yoast_head":"<!-- This site is optimized with the Yoast SEO plugin v15.5 - https:\/\/yoast.com\/wordpress\/plugins\/seo\/ -->\n<title>Glo Skin Beauty \u2013 Essential Eye Base Organza (NEU) - Dermacenter AG<\/title>\n<meta name=\"robots\" content=\"index, follow, max-snippet:-1, max-image-preview:large, max-video-preview:-1\" \/>\n<link rel=\"canonical\" href=\"https:\/\/www.dermacenter.ch\/?product=glo-skin-beauty-essential-eye-base-organza-neu\" \/>\n<meta property=\"og:locale\" content=\"de_DE\" \/>\n<meta property=\"og:type\" content=\"article\" \/>\n<meta property=\"og:title\" content=\"Glo Skin Beauty \u2013 Essential Eye Base Organza (NEU) - Dermacenter AG\" \/>\n<meta property=\"og:description\" content=\"Die perfekte Basis f\u00fcr jeden Augen-Look. Die Multitasktin-Augenbasis kann sowohl als Primer als auch alleine aufgetragen werden. Sie deckt R\u00f6tungen und Unregelm\u00e4ssigkeiten ab. Als Primer sorgt sie f\u00fcr ein langanhaltendes, wischfestes Augen-Make-up, das sich nicht absetzt. Angereichert mit n\u00e4hrenden Antioxidantien intensiviert der vegane Essential Eye Base die Lidschattenfarbe und pflegt zudem die Haut. Anwendung: Mit [&hellip;]\" \/>\n<meta property=\"og:url\" content=\"https:\/\/www.dermacenter.ch\/?product=glo-skin-beauty-essential-eye-base-organza-neu\" \/>\n<meta property=\"og:site_name\" content=\"Dermacenter AG\" \/>\n<meta property=\"article:modified_time\" content=\"2025-05-05T10:09:06+00:00\" \/>\n<meta property=\"og:image\" content=\"https:\/\/www.dermacenter.ch\/wp-content\/uploads\/2025\/05\/Essential_Eye_Base-Organza_no-shadow.jpg\" \/>\n\t<meta property=\"og:image:width\" content=\"500\" \/>\n\t<meta property=\"og:image:height\" content=\"500\" \/>\n<meta name=\"twitter:card\" content=\"summary_large_image\" \/>\n<meta name=\"twitter:label1\" content=\"Gesch\u00e4tzte Lesezeit\">\n\t<meta name=\"twitter:data1\" content=\"0\u00a0Minuten\">\n<script type=\"application\/ld+json\" class=\"yoast-schema-graph\">{\"@context\":\"https:\/\/schema.org\",\"@graph\":[{\"@type\":\"WebSite\",\"@id\":\"https:\/\/www.dermacenter.ch\/#website\",\"url\":\"https:\/\/www.dermacenter.ch\/\",\"name\":\"Dermacenter AG\",\"description\":\"\",\"potentialAction\":[{\"@type\":\"SearchAction\",\"target\":\"https:\/\/www.dermacenter.ch\/?s={search_term_string}\",\"query-input\":\"required name=search_term_string\"}],\"inLanguage\":\"de\"},{\"@type\":\"ImageObject\",\"@id\":\"https:\/\/www.dermacenter.ch\/?product=glo-skin-beauty-essential-eye-base-organza-neu#primaryimage\",\"inLanguage\":\"de\",\"url\":\"https:\/\/www.dermacenter.ch\/wp-content\/uploads\/2025\/05\/Essential_Eye_Base-Organza_no-shadow.jpg\",\"width\":500,\"height\":500},{\"@type\":\"WebPage\",\"@id\":\"https:\/\/www.dermacenter.ch\/?product=glo-skin-beauty-essential-eye-base-organza-neu#webpage\",\"url\":\"https:\/\/www.dermacenter.ch\/?product=glo-skin-beauty-essential-eye-base-organza-neu\",\"name\":\"Glo Skin Beauty \\u2013 Essential Eye Base Organza (NEU) - Dermacenter AG\",\"isPartOf\":{\"@id\":\"https:\/\/www.dermacenter.ch\/#website\"},\"primaryImageOfPage\":{\"@id\":\"https:\/\/www.dermacenter.ch\/?product=glo-skin-beauty-essential-eye-base-organza-neu#primaryimage\"},\"datePublished\":\"2025-05-05T10:08:09+00:00\",\"dateModified\":\"2025-05-05T10:09:06+00:00\",\"inLanguage\":\"de\",\"potentialAction\":[{\"@type\":\"ReadAction\",\"target\":[\"https:\/\/www.dermacenter.ch\/?product=glo-skin-beauty-essential-eye-base-organza-neu\"]}]}]}<\/script>\n<!-- \/ Yoast SEO plugin. -->","_links":{"self":[{"href":"https:\/\/www.dermacenter.ch\/index.php?rest_route=\/wp\/v2\/product\/14865"}],"collection":[{"href":"https:\/\/www.dermacenter.ch\/index.php?rest_route=\/wp\/v2\/product"}],"about":[{"href":"https:\/\/www.dermacenter.ch\/index.php?rest_route=\/wp\/v2\/types\/product"}],"replies":[{"embeddable":true,"href":"https:\/\/www.dermacenter.ch\/index.php?rest_route=%2Fwp%2Fv2%2Fcomments&post=14865"}],"wp:featuredmedia":[{"embeddable":true,"href":"https:\/\/www.dermacenter.ch\/index.php?rest_route=\/wp\/v2\/media\/14866"}],"wp:attachment":[{"href":"https:\/\/www.dermacenter.ch\/index.php?rest_route=%2Fwp%2Fv2%2Fmedia&parent=14865"}],"curies":[{"name":"wp","href":"https:\/\/api.w.org\/{rel}","templated":true}]}}