{"id":14797,"date":"2025-04-07T14:06:19","date_gmt":"2025-04-07T12:06:19","guid":{"rendered":"https:\/\/www.dermacenter.ch\/?post_type=product&#038;p=14797"},"modified":"2025-08-25T14:08:43","modified_gmt":"2025-08-25T12:08:43","slug":"glo-skin-beauty-cream-blush-stick-fling","status":"publish","type":"product","link":"https:\/\/www.dermacenter.ch\/?product=glo-skin-beauty-cream-blush-stick-fling","title":{"rendered":"Glo Skin Beauty \u2013 Cream Blush Stick &#8211; Fling"},"content":{"rendered":"<p>Die 3-in-1 Multitasking Cream Blush Sticks definieren Ihr Gesicht und <b>schenken Ihren<\/b> <b>Wangen, Augenlidern und Lippen strahlende Farbakzente<\/b>. Pflegende Inhaltsstoffe wie Vitamin E und Candelillawachs n\u00e4hren zus\u00e4tzlich die Haut und polstern sie auf. Die hochpigmentierte Formulierung ist langhaftend und l\u00e4sst sich wunderbar verblenden.<\/p>\n","protected":false},"excerpt":{"rendered":"<p>k\u00fchles Rosa<\/p>\n","protected":false},"featured_media":14798,"comment_status":"open","ping_status":"closed","template":"","meta":[],"yoast_head":"<!-- This site is optimized with the Yoast SEO plugin v15.5 - https:\/\/yoast.com\/wordpress\/plugins\/seo\/ -->\n<title>Glo Skin Beauty \u2013 Cream Blush Stick - Fling - Dermacenter AG<\/title>\n<meta name=\"robots\" content=\"index, follow, max-snippet:-1, max-image-preview:large, max-video-preview:-1\" \/>\n<link rel=\"canonical\" href=\"https:\/\/www.dermacenter.ch\/?product=glo-skin-beauty-cream-blush-stick-fling\" \/>\n<meta property=\"og:locale\" content=\"de_DE\" \/>\n<meta property=\"og:type\" content=\"article\" \/>\n<meta property=\"og:title\" content=\"Glo Skin Beauty \u2013 Cream Blush Stick - Fling - Dermacenter AG\" \/>\n<meta property=\"og:description\" content=\"k\u00fchles Rosa\" \/>\n<meta property=\"og:url\" content=\"https:\/\/www.dermacenter.ch\/?product=glo-skin-beauty-cream-blush-stick-fling\" \/>\n<meta property=\"og:site_name\" content=\"Dermacenter AG\" \/>\n<meta property=\"article:modified_time\" content=\"2025-08-25T12:08:43+00:00\" \/>\n<meta property=\"og:image\" content=\"https:\/\/www.dermacenter.ch\/wp-content\/uploads\/2025\/04\/Copy-of-Cream-Blush-Stick-Fling_no-shadow.jpg\" \/>\n\t<meta property=\"og:image:width\" content=\"500\" \/>\n\t<meta property=\"og:image:height\" content=\"500\" \/>\n<meta name=\"twitter:card\" content=\"summary_large_image\" \/>\n<meta name=\"twitter:label1\" content=\"Gesch\u00e4tzte Lesezeit\">\n\t<meta name=\"twitter:data1\" content=\"0\u00a0Minuten\">\n<script type=\"application\/ld+json\" class=\"yoast-schema-graph\">{\"@context\":\"https:\/\/schema.org\",\"@graph\":[{\"@type\":\"WebSite\",\"@id\":\"https:\/\/www.dermacenter.ch\/#website\",\"url\":\"https:\/\/www.dermacenter.ch\/\",\"name\":\"Dermacenter AG\",\"description\":\"\",\"potentialAction\":[{\"@type\":\"SearchAction\",\"target\":\"https:\/\/www.dermacenter.ch\/?s={search_term_string}\",\"query-input\":\"required name=search_term_string\"}],\"inLanguage\":\"de\"},{\"@type\":\"ImageObject\",\"@id\":\"https:\/\/www.dermacenter.ch\/?product=glo-skin-beauty-cream-blush-stick-fling#primaryimage\",\"inLanguage\":\"de\",\"url\":\"https:\/\/www.dermacenter.ch\/wp-content\/uploads\/2025\/04\/Copy-of-Cream-Blush-Stick-Fling_no-shadow.jpg\",\"width\":500,\"height\":500},{\"@type\":\"WebPage\",\"@id\":\"https:\/\/www.dermacenter.ch\/?product=glo-skin-beauty-cream-blush-stick-fling#webpage\",\"url\":\"https:\/\/www.dermacenter.ch\/?product=glo-skin-beauty-cream-blush-stick-fling\",\"name\":\"Glo Skin Beauty \\u2013 Cream Blush Stick - Fling - Dermacenter AG\",\"isPartOf\":{\"@id\":\"https:\/\/www.dermacenter.ch\/#website\"},\"primaryImageOfPage\":{\"@id\":\"https:\/\/www.dermacenter.ch\/?product=glo-skin-beauty-cream-blush-stick-fling#primaryimage\"},\"datePublished\":\"2025-04-07T12:06:19+00:00\",\"dateModified\":\"2025-08-25T12:08:43+00:00\",\"inLanguage\":\"de\",\"potentialAction\":[{\"@type\":\"ReadAction\",\"target\":[\"https:\/\/www.dermacenter.ch\/?product=glo-skin-beauty-cream-blush-stick-fling\"]}]}]}<\/script>\n<!-- \/ Yoast SEO plugin. -->","_links":{"self":[{"href":"https:\/\/www.dermacenter.ch\/index.php?rest_route=\/wp\/v2\/product\/14797"}],"collection":[{"href":"https:\/\/www.dermacenter.ch\/index.php?rest_route=\/wp\/v2\/product"}],"about":[{"href":"https:\/\/www.dermacenter.ch\/index.php?rest_route=\/wp\/v2\/types\/product"}],"replies":[{"embeddable":true,"href":"https:\/\/www.dermacenter.ch\/index.php?rest_route=%2Fwp%2Fv2%2Fcomments&post=14797"}],"wp:featuredmedia":[{"embeddable":true,"href":"https:\/\/www.dermacenter.ch\/index.php?rest_route=\/wp\/v2\/media\/14798"}],"wp:attachment":[{"href":"https:\/\/www.dermacenter.ch\/index.php?rest_route=%2Fwp%2Fv2%2Fmedia&parent=14797"}],"curies":[{"name":"wp","href":"https:\/\/api.w.org\/{rel}","templated":true}]}}