{"id":14589,"date":"2024-12-09T14:38:42","date_gmt":"2024-12-09T13:38:42","guid":{"rendered":"https:\/\/www.dermacenter.ch\/?post_type=product&#038;p=14589"},"modified":"2024-12-09T14:39:38","modified_gmt":"2024-12-09T13:39:38","slug":"trichovation-hairtonic-3-x-75-ml","status":"publish","type":"product","link":"https:\/\/www.dermacenter.ch\/?product=trichovation-hairtonic-3-x-75-ml","title":{"rendered":"TRICHOVATION\u00ae HAIRTONIC 3 x 75 ml"},"content":{"rendered":"<p style=\"font-weight: 400;\"><strong>TRICHOVATION\u00ae HAIRTONIC<\/strong>\u00a0ist ein topisches Pflegepr\u00e4parat f\u00fcr Frauen und M\u00e4nner zur Stimulation des Haarwachstums. Das Pr\u00e4parat wurde auf Basis von Studien zur Anwendung bei allen Indikationen des Haarausfalls entwickelt, insbesondere f\u00fcr die Androgenetische Alopezie\u00a0(erblich bedingter Haarverlust), aber auch f\u00fcr den\u00a0diffusen Haarverlust.<\/p>\n<p style=\"font-weight: 400;\">&#8211;\u00a0 <strong>Melatonin\u00a0<\/strong>stimuliert das Haarwachstum und hilft bei allen Formen des Haarausfalls<\/p>\n<p style=\"font-weight: 400;\">&#8211;\u00a0 <strong>Dihydroquercetin-Glucosid (DHQG)\u00a0<\/strong>stimuliert die Aktivit\u00e4t des Haarfollikels<\/p>\n<p style=\"font-weight: 400;\">&#8211;\u00a0 <strong>Epigalocatechingallat-Glucosid (EGCG2)\u00a0<\/strong>besitzt antiinflammatorische Eigenschaften<\/p>\n<p style=\"font-weight: 400;\">&#8211;\u00a0 <strong>Biotin<\/strong>\u00a0ist ein wichtiger Mikron\u00e4hrstoff<\/p>\n<p style=\"font-weight: 400;\">&#8211;\u00a0 <strong>Vegan<\/strong><\/p>\n","protected":false},"excerpt":{"rendered":"<p style=\"font-weight: 400;\">Anwendung: 1x t\u00e4glich (abends)<\/p>\n<p style=\"font-weight: 400;\">&#8211; Verursacht keinen Juckreiz und kratzt nicht<\/p>\n<p style=\"font-weight: 400;\">&#8211; Frei von Propylenglycol<\/p>\n","protected":false},"featured_media":14590,"comment_status":"closed","ping_status":"closed","template":"","meta":[],"yoast_head":"<!-- This site is optimized with the Yoast SEO plugin v15.5 - https:\/\/yoast.com\/wordpress\/plugins\/seo\/ -->\n<title>TRICHOVATION\u00ae HAIRTONIC 3 x 75 ml - Dermacenter AG<\/title>\n<meta name=\"robots\" content=\"index, follow, max-snippet:-1, max-image-preview:large, max-video-preview:-1\" \/>\n<link rel=\"canonical\" href=\"https:\/\/www.dermacenter.ch\/?product=trichovation-hairtonic-3-x-75-ml\" \/>\n<meta property=\"og:locale\" content=\"de_DE\" \/>\n<meta property=\"og:type\" content=\"article\" \/>\n<meta property=\"og:title\" content=\"TRICHOVATION\u00ae HAIRTONIC 3 x 75 ml - Dermacenter AG\" \/>\n<meta property=\"og:description\" content=\"Anwendung: 1x t\u00e4glich (abends) - Verursacht keinen Juckreiz und kratzt nicht - Frei von Propylenglycol\" \/>\n<meta property=\"og:url\" content=\"https:\/\/www.dermacenter.ch\/?product=trichovation-hairtonic-3-x-75-ml\" \/>\n<meta property=\"og:site_name\" content=\"Dermacenter AG\" \/>\n<meta property=\"article:modified_time\" content=\"2024-12-09T13:39:38+00:00\" \/>\n<meta property=\"og:image\" content=\"https:\/\/www.dermacenter.ch\/wp-content\/uploads\/2024\/12\/TRICHOVATION-Grosse-Packung-kleine-Packung-und-Flasche-1-.jpg\" \/>\n\t<meta property=\"og:image:width\" content=\"500\" \/>\n\t<meta property=\"og:image:height\" content=\"500\" \/>\n<meta name=\"twitter:card\" content=\"summary_large_image\" \/>\n<meta name=\"twitter:label1\" content=\"Gesch\u00e4tzte Lesezeit\">\n\t<meta name=\"twitter:data1\" content=\"0\u00a0Minuten\">\n<script type=\"application\/ld+json\" class=\"yoast-schema-graph\">{\"@context\":\"https:\/\/schema.org\",\"@graph\":[{\"@type\":\"WebSite\",\"@id\":\"https:\/\/www.dermacenter.ch\/#website\",\"url\":\"https:\/\/www.dermacenter.ch\/\",\"name\":\"Dermacenter AG\",\"description\":\"\",\"potentialAction\":[{\"@type\":\"SearchAction\",\"target\":\"https:\/\/www.dermacenter.ch\/?s={search_term_string}\",\"query-input\":\"required name=search_term_string\"}],\"inLanguage\":\"de\"},{\"@type\":\"ImageObject\",\"@id\":\"https:\/\/www.dermacenter.ch\/?product=trichovation-hairtonic-3-x-75-ml#primaryimage\",\"inLanguage\":\"de\",\"url\":\"https:\/\/www.dermacenter.ch\/wp-content\/uploads\/2024\/12\/TRICHOVATION-Grosse-Packung-kleine-Packung-und-Flasche-1-.jpg\",\"width\":500,\"height\":500},{\"@type\":\"WebPage\",\"@id\":\"https:\/\/www.dermacenter.ch\/?product=trichovation-hairtonic-3-x-75-ml#webpage\",\"url\":\"https:\/\/www.dermacenter.ch\/?product=trichovation-hairtonic-3-x-75-ml\",\"name\":\"TRICHOVATION\\u00ae HAIRTONIC 3 x 75 ml - Dermacenter AG\",\"isPartOf\":{\"@id\":\"https:\/\/www.dermacenter.ch\/#website\"},\"primaryImageOfPage\":{\"@id\":\"https:\/\/www.dermacenter.ch\/?product=trichovation-hairtonic-3-x-75-ml#primaryimage\"},\"datePublished\":\"2024-12-09T13:38:42+00:00\",\"dateModified\":\"2024-12-09T13:39:38+00:00\",\"inLanguage\":\"de\",\"potentialAction\":[{\"@type\":\"ReadAction\",\"target\":[\"https:\/\/www.dermacenter.ch\/?product=trichovation-hairtonic-3-x-75-ml\"]}]}]}<\/script>\n<!-- \/ Yoast SEO plugin. -->","_links":{"self":[{"href":"https:\/\/www.dermacenter.ch\/index.php?rest_route=\/wp\/v2\/product\/14589"}],"collection":[{"href":"https:\/\/www.dermacenter.ch\/index.php?rest_route=\/wp\/v2\/product"}],"about":[{"href":"https:\/\/www.dermacenter.ch\/index.php?rest_route=\/wp\/v2\/types\/product"}],"replies":[{"embeddable":true,"href":"https:\/\/www.dermacenter.ch\/index.php?rest_route=%2Fwp%2Fv2%2Fcomments&post=14589"}],"wp:featuredmedia":[{"embeddable":true,"href":"https:\/\/www.dermacenter.ch\/index.php?rest_route=\/wp\/v2\/media\/14590"}],"wp:attachment":[{"href":"https:\/\/www.dermacenter.ch\/index.php?rest_route=%2Fwp%2Fv2%2Fmedia&parent=14589"}],"curies":[{"name":"wp","href":"https:\/\/api.w.org\/{rel}","templated":true}]}}