{"id":14396,"date":"2024-08-06T16:59:15","date_gmt":"2024-08-06T14:59:15","guid":{"rendered":"https:\/\/www.dermacenter.ch\/?post_type=product&#038;p=14396"},"modified":"2024-08-06T17:01:08","modified_gmt":"2024-08-06T15:01:08","slug":"skinnies-conquer-spf-50-35-ml","status":"publish","type":"product","link":"https:\/\/www.dermacenter.ch\/?product=skinnies-conquer-spf-50-35-ml","title":{"rendered":"SKINNIES &#8211; Conquer &#8211; SPF 50 &#8211; 35 ml"},"content":{"rendered":"<p>Skinnies ist ein neuartiger Sonnenschutz, der nicht mit Wasser verd\u00fcnnt ist. W\u00e4hrend herk\u00f6mmliche Sonnencremes zwischen 50-70% Wasser enthalten ist in Skinnies 0% Wasser &#8211; Nada, kein Tropfen. Daher gilt: Mit wenig kommst du weit. Um sofortigen, langanhaltenden UV-Schutz zu erhalten, reicht bereits ein erbsengrosser Tropfen f\u00fcr das ganze Gesicht, Hals und Ohren. Dank der speziellen Formel zieht der Sonnengel sofort ein, h\u00e4lt den ganzen Tag und ist weder weiss noch fettig. Das bedeutet: direkt nach dem Auftragen geht\u2019s los an die Sonne, ins Wasser oder in den Schnee. Kein Warten mehr und kein nachcremen. Mit Skinnies Conquer SPF 50 bist Du mit nur einem erbsengrossen Tropfen f\u00fcr Gesicht, Hals und Ohren bereit, auch die h\u00e4rtesten Outdoor-Elemente zu erobern. Und f\u00fcr alle Wassersportler: Im Wasser bietet der Sonnenschutz selbst nach 4 Stunden noch SPF 50. Skinnies hinterl\u00e4sst keinen Fettfilm auf der Haut und Kleidung und ist dank hautfreundlicher Zusammensetzung perfekt f\u00fcr Allergiker. Nicht genug? Skinnies ist vegan und recyclebar.<\/p>\n","protected":false},"excerpt":{"rendered":"<p>Skinnies ist ein neuartiger Sonnenschutz, der nicht mit Wasser verd\u00fcnnt ist. W\u00e4hrend herk\u00f6mmliche Sonnencremes zwischen 50-70% Wasser enthalten ist in Skinnies 0% Wasser &#8211; Nada, kein Tropfen. Daher gilt: Mit wenig kommst du weit. Um sofortigen, langanhaltenden UV-Schutz zu erhalten, reicht bereits ein erbsengrosser Tropfen f\u00fcr das ganze Gesicht, Hals und Ohren. Dank der speziellen [&hellip;]\n","protected":false},"featured_media":14397,"comment_status":"closed","ping_status":"closed","template":"","meta":[],"yoast_head":"<!-- This site is optimized with the Yoast SEO plugin v15.5 - https:\/\/yoast.com\/wordpress\/plugins\/seo\/ -->\n<title>SKINNIES - Conquer - SPF 50 - 35 ml - Dermacenter AG<\/title>\n<meta name=\"robots\" content=\"index, follow, max-snippet:-1, max-image-preview:large, max-video-preview:-1\" \/>\n<link rel=\"canonical\" href=\"https:\/\/www.dermacenter.ch\/?product=skinnies-conquer-spf-50-35-ml\" \/>\n<meta property=\"og:locale\" content=\"de_DE\" \/>\n<meta property=\"og:type\" content=\"article\" \/>\n<meta property=\"og:title\" content=\"SKINNIES - Conquer - SPF 50 - 35 ml - Dermacenter AG\" \/>\n<meta property=\"og:description\" content=\"Skinnies ist ein neuartiger Sonnenschutz, der nicht mit Wasser verd\u00fcnnt ist. W\u00e4hrend herk\u00f6mmliche Sonnencremes zwischen 50-70% Wasser enthalten ist in Skinnies 0% Wasser &#8211; Nada, kein Tropfen. Daher gilt: Mit wenig kommst du weit. Um sofortigen, langanhaltenden UV-Schutz zu erhalten, reicht bereits ein erbsengrosser Tropfen f\u00fcr das ganze Gesicht, Hals und Ohren. Dank der speziellen [&hellip;]\" \/>\n<meta property=\"og:url\" content=\"https:\/\/www.dermacenter.ch\/?product=skinnies-conquer-spf-50-35-ml\" \/>\n<meta property=\"og:site_name\" content=\"Dermacenter AG\" \/>\n<meta property=\"article:modified_time\" content=\"2024-08-06T15:01:08+00:00\" \/>\n<meta property=\"og:image\" content=\"https:\/\/www.dermacenter.ch\/wp-content\/uploads\/2024\/08\/Skinnies-CONQUER-35ml.jpg\" \/>\n\t<meta property=\"og:image:width\" content=\"500\" \/>\n\t<meta property=\"og:image:height\" content=\"500\" \/>\n<meta name=\"twitter:card\" content=\"summary_large_image\" \/>\n<meta name=\"twitter:label1\" content=\"Gesch\u00e4tzte Lesezeit\">\n\t<meta name=\"twitter:data1\" content=\"1\u00a0Minute\">\n<script type=\"application\/ld+json\" class=\"yoast-schema-graph\">{\"@context\":\"https:\/\/schema.org\",\"@graph\":[{\"@type\":\"WebSite\",\"@id\":\"https:\/\/www.dermacenter.ch\/#website\",\"url\":\"https:\/\/www.dermacenter.ch\/\",\"name\":\"Dermacenter AG\",\"description\":\"\",\"potentialAction\":[{\"@type\":\"SearchAction\",\"target\":\"https:\/\/www.dermacenter.ch\/?s={search_term_string}\",\"query-input\":\"required name=search_term_string\"}],\"inLanguage\":\"de\"},{\"@type\":\"ImageObject\",\"@id\":\"https:\/\/www.dermacenter.ch\/?product=skinnies-conquer-spf-50-35-ml#primaryimage\",\"inLanguage\":\"de\",\"url\":\"https:\/\/www.dermacenter.ch\/wp-content\/uploads\/2024\/08\/Skinnies-CONQUER-35ml.jpg\",\"width\":500,\"height\":500},{\"@type\":\"WebPage\",\"@id\":\"https:\/\/www.dermacenter.ch\/?product=skinnies-conquer-spf-50-35-ml#webpage\",\"url\":\"https:\/\/www.dermacenter.ch\/?product=skinnies-conquer-spf-50-35-ml\",\"name\":\"SKINNIES - Conquer - SPF 50 - 35 ml - Dermacenter AG\",\"isPartOf\":{\"@id\":\"https:\/\/www.dermacenter.ch\/#website\"},\"primaryImageOfPage\":{\"@id\":\"https:\/\/www.dermacenter.ch\/?product=skinnies-conquer-spf-50-35-ml#primaryimage\"},\"datePublished\":\"2024-08-06T14:59:15+00:00\",\"dateModified\":\"2024-08-06T15:01:08+00:00\",\"inLanguage\":\"de\",\"potentialAction\":[{\"@type\":\"ReadAction\",\"target\":[\"https:\/\/www.dermacenter.ch\/?product=skinnies-conquer-spf-50-35-ml\"]}]}]}<\/script>\n<!-- \/ Yoast SEO plugin. -->","_links":{"self":[{"href":"https:\/\/www.dermacenter.ch\/index.php?rest_route=\/wp\/v2\/product\/14396"}],"collection":[{"href":"https:\/\/www.dermacenter.ch\/index.php?rest_route=\/wp\/v2\/product"}],"about":[{"href":"https:\/\/www.dermacenter.ch\/index.php?rest_route=\/wp\/v2\/types\/product"}],"replies":[{"embeddable":true,"href":"https:\/\/www.dermacenter.ch\/index.php?rest_route=%2Fwp%2Fv2%2Fcomments&post=14396"}],"wp:featuredmedia":[{"embeddable":true,"href":"https:\/\/www.dermacenter.ch\/index.php?rest_route=\/wp\/v2\/media\/14397"}],"wp:attachment":[{"href":"https:\/\/www.dermacenter.ch\/index.php?rest_route=%2Fwp%2Fv2%2Fmedia&parent=14396"}],"curies":[{"name":"wp","href":"https:\/\/api.w.org\/{rel}","templated":true}]}}