{"id":14382,"date":"2024-08-05T13:40:24","date_gmt":"2024-08-05T11:40:24","guid":{"rendered":"https:\/\/www.dermacenter.ch\/?post_type=product&#038;p=14382"},"modified":"2024-08-05T13:53:30","modified_gmt":"2024-08-05T11:53:30","slug":"skinnies-river-rascal-kid-spf-50","status":"publish","type":"product","link":"https:\/\/www.dermacenter.ch\/?product=skinnies-river-rascal-kid-spf-50","title":{"rendered":"SKINNIES &#8211; River Rascal Kid &#8211; SPF 50 &#8211; 100 ml"},"content":{"rendered":"<table border=\"0\" width=\"2045\" cellspacing=\"0\" cellpadding=\"0\">\n<colgroup>\n<col width=\"2045\" \/><\/colgroup>\n<tbody>\n<tr>\n<td class=\"xl65\" width=\"2045\" height=\"24\">Skinnies ist ein neuartiger Sonnenschutz, der nicht mit Wasser verd\u00fcnnt ist. W\u00e4hrend herk\u00f6mmliche Sonnencremes zwischen 50-70% Wasser enthalten ist in Skinnies 0% Wasser &#8211; Nada, kein Tropfen. Daher gilt: Mit wenig kommst du weit. Um sofortigen, langanhaltenden UV-Schutz zu erhalten, reicht bereits ein erbsengrosser Tropfen f\u00fcr das ganze Gesicht, Hals und Ohren. Dank der speziellen Formel zieht der Sonnengel sofort ein, h\u00e4lt den ganzen Tag und ist trotz LSF 50 weder weiss noch fettig. Das bedeutet: Keine 30 Minuten warten mehr. Direkt nach dem Auftragen geht\u2019s los an die Sonne, ins Wasser oder in den Schnee. Kein Warten mehr und kein nachcremen. Skinnies hinterl\u00e4sst keinen Fettfilm auf der Haut und Kleidung und ist dank hautfreundlicher Zusammensetzung perfekt f\u00fcr Kinder. Die Verpackung \u00abRiver Rascal\u00bb wurde vom japanischen K\u00fcnstler Jun Arita extra f\u00fcr die anspruchsvolle Kundschaft designt \u2013 denn Sonne und Sonnenschutz sollen Spass machen und Skinnies tr\u00e4gt ein St\u00fcck dazu bei. Die Kleinen sollen nicht rumrennen wie weisse Gespenster, deshalb gibt es jetzt Skinnies. Skinnies ist geeignet f\u00fcr Babys ab 3 Monaten.<\/td>\n<\/tr>\n<\/tbody>\n<\/table>\n","protected":false},"excerpt":{"rendered":"<p>Skinnies ist ein neuartiger Sonnenschutz, der nicht mit Wasser verd\u00fcnnt ist. W\u00e4hrend herk\u00f6mmliche Sonnencremes zwischen 50-70% Wasser enthalten ist in Skinnies 0% Wasser &#8211; Nada, kein Tropfen. Daher gilt: Mit wenig kommst du weit. Um sofortigen, langanhaltenden UV-Schutz zu erhalten, reicht bereits ein erbsengrosser Tropfen f\u00fcr das ganze Gesicht, Hals und Ohren. Dank der speziellen [&hellip;]\n","protected":false},"featured_media":14383,"comment_status":"closed","ping_status":"closed","template":"","meta":[],"yoast_head":"<!-- This site is optimized with the Yoast SEO plugin v15.5 - https:\/\/yoast.com\/wordpress\/plugins\/seo\/ -->\n<title>SKINNIES - River Rascal Kid - SPF 50 - 100 ml - Dermacenter AG<\/title>\n<meta name=\"robots\" content=\"index, follow, max-snippet:-1, max-image-preview:large, max-video-preview:-1\" \/>\n<link rel=\"canonical\" href=\"https:\/\/www.dermacenter.ch\/?product=skinnies-river-rascal-kid-spf-50\" \/>\n<meta property=\"og:locale\" content=\"de_DE\" \/>\n<meta property=\"og:type\" content=\"article\" \/>\n<meta property=\"og:title\" content=\"SKINNIES - River Rascal Kid - SPF 50 - 100 ml - Dermacenter AG\" \/>\n<meta property=\"og:description\" content=\"Skinnies ist ein neuartiger Sonnenschutz, der nicht mit Wasser verd\u00fcnnt ist. W\u00e4hrend herk\u00f6mmliche Sonnencremes zwischen 50-70% Wasser enthalten ist in Skinnies 0% Wasser &#8211; Nada, kein Tropfen. Daher gilt: Mit wenig kommst du weit. Um sofortigen, langanhaltenden UV-Schutz zu erhalten, reicht bereits ein erbsengrosser Tropfen f\u00fcr das ganze Gesicht, Hals und Ohren. Dank der speziellen [&hellip;]\" \/>\n<meta property=\"og:url\" content=\"https:\/\/www.dermacenter.ch\/?product=skinnies-river-rascal-kid-spf-50\" \/>\n<meta property=\"og:site_name\" content=\"Dermacenter AG\" \/>\n<meta property=\"article:modified_time\" content=\"2024-08-05T11:53:30+00:00\" \/>\n<meta property=\"og:image\" content=\"https:\/\/www.dermacenter.ch\/wp-content\/uploads\/2024\/08\/River-Rascal-Kid.jpg\" \/>\n\t<meta property=\"og:image:width\" content=\"500\" \/>\n\t<meta property=\"og:image:height\" content=\"500\" \/>\n<meta name=\"twitter:card\" content=\"summary_large_image\" \/>\n<meta name=\"twitter:label1\" content=\"Gesch\u00e4tzte Lesezeit\">\n\t<meta name=\"twitter:data1\" content=\"1\u00a0Minute\">\n<script type=\"application\/ld+json\" class=\"yoast-schema-graph\">{\"@context\":\"https:\/\/schema.org\",\"@graph\":[{\"@type\":\"WebSite\",\"@id\":\"https:\/\/www.dermacenter.ch\/#website\",\"url\":\"https:\/\/www.dermacenter.ch\/\",\"name\":\"Dermacenter AG\",\"description\":\"\",\"potentialAction\":[{\"@type\":\"SearchAction\",\"target\":\"https:\/\/www.dermacenter.ch\/?s={search_term_string}\",\"query-input\":\"required name=search_term_string\"}],\"inLanguage\":\"de\"},{\"@type\":\"ImageObject\",\"@id\":\"https:\/\/www.dermacenter.ch\/?product=skinnies-river-rascal-kid-spf-50#primaryimage\",\"inLanguage\":\"de\",\"url\":\"https:\/\/www.dermacenter.ch\/wp-content\/uploads\/2024\/08\/River-Rascal-Kid.jpg\",\"width\":500,\"height\":500},{\"@type\":\"WebPage\",\"@id\":\"https:\/\/www.dermacenter.ch\/?product=skinnies-river-rascal-kid-spf-50#webpage\",\"url\":\"https:\/\/www.dermacenter.ch\/?product=skinnies-river-rascal-kid-spf-50\",\"name\":\"SKINNIES - River Rascal Kid - SPF 50 - 100 ml - Dermacenter AG\",\"isPartOf\":{\"@id\":\"https:\/\/www.dermacenter.ch\/#website\"},\"primaryImageOfPage\":{\"@id\":\"https:\/\/www.dermacenter.ch\/?product=skinnies-river-rascal-kid-spf-50#primaryimage\"},\"datePublished\":\"2024-08-05T11:40:24+00:00\",\"dateModified\":\"2024-08-05T11:53:30+00:00\",\"inLanguage\":\"de\",\"potentialAction\":[{\"@type\":\"ReadAction\",\"target\":[\"https:\/\/www.dermacenter.ch\/?product=skinnies-river-rascal-kid-spf-50\"]}]}]}<\/script>\n<!-- \/ Yoast SEO plugin. -->","_links":{"self":[{"href":"https:\/\/www.dermacenter.ch\/index.php?rest_route=\/wp\/v2\/product\/14382"}],"collection":[{"href":"https:\/\/www.dermacenter.ch\/index.php?rest_route=\/wp\/v2\/product"}],"about":[{"href":"https:\/\/www.dermacenter.ch\/index.php?rest_route=\/wp\/v2\/types\/product"}],"replies":[{"embeddable":true,"href":"https:\/\/www.dermacenter.ch\/index.php?rest_route=%2Fwp%2Fv2%2Fcomments&post=14382"}],"wp:featuredmedia":[{"embeddable":true,"href":"https:\/\/www.dermacenter.ch\/index.php?rest_route=\/wp\/v2\/media\/14383"}],"wp:attachment":[{"href":"https:\/\/www.dermacenter.ch\/index.php?rest_route=%2Fwp%2Fv2%2Fmedia&parent=14382"}],"curies":[{"name":"wp","href":"https:\/\/api.w.org\/{rel}","templated":true}]}}