{"id":14334,"date":"2024-06-18T14:41:43","date_gmt":"2024-06-18T12:41:43","guid":{"rendered":"https:\/\/www.dermacenter.ch\/?post_type=product&#038;p=14334"},"modified":"2025-09-02T11:17:38","modified_gmt":"2025-09-02T09:17:38","slug":"glo-skin-beauty-tinted-primer-spf-30-medium-50-ml","status":"publish","type":"product","link":"https:\/\/www.dermacenter.ch\/?product=glo-skin-beauty-tinted-primer-spf-30-medium-50-ml","title":{"rendered":"Glo Skin Beauty \u2013 Tinted Primer SPF 30 medium deep 50 ml"},"content":{"rendered":"<p>Der leicht get\u00f6nte, seidige, \u00f6lfreie Primer bietet einen mineralbasierten Sonnenschutz und verleiht Ihrer Haut einen sofortigen gleichm\u00e4ssigen Teint.Er h\u00e4lt den ganzen Tag und kann sowohl alleine als auch unter der Grundierung getragen werden.<\/p>\n","protected":false},"excerpt":{"rendered":"<p>Der leicht get\u00f6nte, seidige, \u00f6lfreie Primer bietet einen mineralbasierten Sonnenschutz und verleiht Ihrer Haut einen sofortigen gleichm\u00e4ssigen Teint.Er h\u00e4lt den ganzen Tag und kann sowohl alleine als auch unter der Grundierung getragen werden.<\/p>\n","protected":false},"featured_media":14335,"comment_status":"closed","ping_status":"closed","template":"","meta":[],"yoast_head":"<!-- This site is optimized with the Yoast SEO plugin v15.5 - https:\/\/yoast.com\/wordpress\/plugins\/seo\/ -->\n<title>Glo Skin Beauty \u2013 Tinted Primer SPF 30 medium deep 50 ml - Dermacenter AG<\/title>\n<meta name=\"robots\" content=\"index, follow, max-snippet:-1, max-image-preview:large, max-video-preview:-1\" \/>\n<link rel=\"canonical\" href=\"https:\/\/www.dermacenter.ch\/?product=glo-skin-beauty-tinted-primer-spf-30-medium-50-ml\" \/>\n<meta property=\"og:locale\" content=\"de_DE\" \/>\n<meta property=\"og:type\" content=\"article\" \/>\n<meta property=\"og:title\" content=\"Glo Skin Beauty \u2013 Tinted Primer SPF 30 medium deep 50 ml - Dermacenter AG\" \/>\n<meta property=\"og:description\" content=\"Der leicht get\u00f6nte, seidige, \u00f6lfreie Primer bietet einen mineralbasierten Sonnenschutz und verleiht Ihrer Haut einen sofortigen gleichm\u00e4ssigen Teint.Er h\u00e4lt den ganzen Tag und kann sowohl alleine als auch unter der Grundierung getragen werden.\" \/>\n<meta property=\"og:url\" content=\"https:\/\/www.dermacenter.ch\/?product=glo-skin-beauty-tinted-primer-spf-30-medium-50-ml\" \/>\n<meta property=\"og:site_name\" content=\"Dermacenter AG\" \/>\n<meta property=\"article:modified_time\" content=\"2025-09-02T09:17:38+00:00\" \/>\n<meta property=\"og:image\" content=\"https:\/\/www.dermacenter.ch\/wp-content\/uploads\/2024\/06\/Oil-Free-Tinted-Primer_EUUK_Medium-Deep_no-shadow.jpg\" \/>\n\t<meta property=\"og:image:width\" content=\"500\" \/>\n\t<meta property=\"og:image:height\" content=\"500\" \/>\n<meta name=\"twitter:card\" content=\"summary_large_image\" \/>\n<meta name=\"twitter:label1\" content=\"Gesch\u00e4tzte Lesezeit\">\n\t<meta name=\"twitter:data1\" content=\"0\u00a0Minuten\">\n<script type=\"application\/ld+json\" class=\"yoast-schema-graph\">{\"@context\":\"https:\/\/schema.org\",\"@graph\":[{\"@type\":\"WebSite\",\"@id\":\"https:\/\/www.dermacenter.ch\/#website\",\"url\":\"https:\/\/www.dermacenter.ch\/\",\"name\":\"Dermacenter AG\",\"description\":\"\",\"potentialAction\":[{\"@type\":\"SearchAction\",\"target\":\"https:\/\/www.dermacenter.ch\/?s={search_term_string}\",\"query-input\":\"required name=search_term_string\"}],\"inLanguage\":\"de\"},{\"@type\":\"ImageObject\",\"@id\":\"https:\/\/www.dermacenter.ch\/?product=glo-skin-beauty-tinted-primer-spf-30-medium-50-ml#primaryimage\",\"inLanguage\":\"de\",\"url\":\"https:\/\/www.dermacenter.ch\/wp-content\/uploads\/2024\/06\/Oil-Free-Tinted-Primer_EUUK_Medium-Deep_no-shadow.jpg\",\"width\":500,\"height\":500},{\"@type\":\"WebPage\",\"@id\":\"https:\/\/www.dermacenter.ch\/?product=glo-skin-beauty-tinted-primer-spf-30-medium-50-ml#webpage\",\"url\":\"https:\/\/www.dermacenter.ch\/?product=glo-skin-beauty-tinted-primer-spf-30-medium-50-ml\",\"name\":\"Glo Skin Beauty \\u2013 Tinted Primer SPF 30 medium deep 50 ml - Dermacenter AG\",\"isPartOf\":{\"@id\":\"https:\/\/www.dermacenter.ch\/#website\"},\"primaryImageOfPage\":{\"@id\":\"https:\/\/www.dermacenter.ch\/?product=glo-skin-beauty-tinted-primer-spf-30-medium-50-ml#primaryimage\"},\"datePublished\":\"2024-06-18T12:41:43+00:00\",\"dateModified\":\"2025-09-02T09:17:38+00:00\",\"inLanguage\":\"de\",\"potentialAction\":[{\"@type\":\"ReadAction\",\"target\":[\"https:\/\/www.dermacenter.ch\/?product=glo-skin-beauty-tinted-primer-spf-30-medium-50-ml\"]}]}]}<\/script>\n<!-- \/ Yoast SEO plugin. -->","_links":{"self":[{"href":"https:\/\/www.dermacenter.ch\/index.php?rest_route=\/wp\/v2\/product\/14334"}],"collection":[{"href":"https:\/\/www.dermacenter.ch\/index.php?rest_route=\/wp\/v2\/product"}],"about":[{"href":"https:\/\/www.dermacenter.ch\/index.php?rest_route=\/wp\/v2\/types\/product"}],"replies":[{"embeddable":true,"href":"https:\/\/www.dermacenter.ch\/index.php?rest_route=%2Fwp%2Fv2%2Fcomments&post=14334"}],"wp:featuredmedia":[{"embeddable":true,"href":"https:\/\/www.dermacenter.ch\/index.php?rest_route=\/wp\/v2\/media\/14335"}],"wp:attachment":[{"href":"https:\/\/www.dermacenter.ch\/index.php?rest_route=%2Fwp%2Fv2%2Fmedia&parent=14334"}],"curies":[{"name":"wp","href":"https:\/\/api.w.org\/{rel}","templated":true}]}}