{"id":13479,"date":"2023-03-08T09:42:13","date_gmt":"2023-03-08T08:42:13","guid":{"rendered":"https:\/\/www.dermacenter.ch\/?post_type=product&#038;p=13479"},"modified":"2024-06-19T16:15:44","modified_gmt":"2024-06-19T14:15:44","slug":"ultrasun-lip-protection-spf-50-48-gr","status":"publish","type":"product","link":"https:\/\/www.dermacenter.ch\/?product=ultrasun-lip-protection-spf-50-48-gr","title":{"rendered":"ULTRASUN Lip Protection SPF 50+ 4,8 gr"},"content":{"rendered":"<p id=\"tw-target-text\" class=\"tw-data-text tw-text-large tw-ta\" dir=\"ltr\" data-placeholder=\"\u00dcbersetzung\"><span class=\"Y2IQFc\" lang=\"de\">Sch\u00fctzt vor Sonne, Wind und K\u00e4lte (UVA- und UVB-Schutz). Spendet intensive Pflege und Feuchtigkeit f\u00fcr trockene und spr\u00f6de Lippen mit Argan\u00f6l und Sheabutter, ohne k\u00fcnstliche Farbstoffe, temperaturstabil.<\/span><\/p>\n","protected":false},"excerpt":{"rendered":"<p>Sch\u00fctzt vor Sonne, Wind und K\u00e4lte (UVA- und UVB-Schutz). Spendet intensive Pflege und Feuchtigkeit f\u00fcr trockene und spr\u00f6de Lippen mit Argan\u00f6l und Sheabutter, ohne k\u00fcnstliche Farbstoffe, temperaturstabil.<\/p>\n","protected":false},"featured_media":13480,"comment_status":"closed","ping_status":"closed","template":"","meta":[],"yoast_head":"<!-- This site is optimized with the Yoast SEO plugin v15.5 - https:\/\/yoast.com\/wordpress\/plugins\/seo\/ -->\n<title>ULTRASUN Lip Protection SPF 50+ 4,8 gr - Dermacenter AG<\/title>\n<meta name=\"robots\" content=\"index, follow, max-snippet:-1, max-image-preview:large, max-video-preview:-1\" \/>\n<link rel=\"canonical\" href=\"https:\/\/www.dermacenter.ch\/?product=ultrasun-lip-protection-spf-50-48-gr\" \/>\n<meta property=\"og:locale\" content=\"de_DE\" \/>\n<meta property=\"og:type\" content=\"article\" \/>\n<meta property=\"og:title\" content=\"ULTRASUN Lip Protection SPF 50+ 4,8 gr - Dermacenter AG\" \/>\n<meta property=\"og:description\" content=\"Sch\u00fctzt vor Sonne, Wind und K\u00e4lte (UVA- und UVB-Schutz). Spendet intensive Pflege und Feuchtigkeit f\u00fcr trockene und spr\u00f6de Lippen mit Argan\u00f6l und Sheabutter, ohne k\u00fcnstliche Farbstoffe, temperaturstabil.\" \/>\n<meta property=\"og:url\" content=\"https:\/\/www.dermacenter.ch\/?product=ultrasun-lip-protection-spf-50-48-gr\" \/>\n<meta property=\"og:site_name\" content=\"Dermacenter AG\" \/>\n<meta property=\"article:modified_time\" content=\"2024-06-19T14:15:44+00:00\" \/>\n<meta property=\"og:image\" content=\"https:\/\/www.dermacenter.ch\/wp-content\/uploads\/2023\/03\/Lip-Protection_SPF50_front.jpg\" \/>\n\t<meta property=\"og:image:width\" content=\"500\" \/>\n\t<meta property=\"og:image:height\" content=\"500\" \/>\n<meta name=\"twitter:card\" content=\"summary_large_image\" \/>\n<meta name=\"twitter:label1\" content=\"Gesch\u00e4tzte Lesezeit\">\n\t<meta name=\"twitter:data1\" content=\"0\u00a0Minuten\">\n<script type=\"application\/ld+json\" class=\"yoast-schema-graph\">{\"@context\":\"https:\/\/schema.org\",\"@graph\":[{\"@type\":\"WebSite\",\"@id\":\"https:\/\/www.dermacenter.ch\/#website\",\"url\":\"https:\/\/www.dermacenter.ch\/\",\"name\":\"Dermacenter AG\",\"description\":\"\",\"potentialAction\":[{\"@type\":\"SearchAction\",\"target\":\"https:\/\/www.dermacenter.ch\/?s={search_term_string}\",\"query-input\":\"required name=search_term_string\"}],\"inLanguage\":\"de\"},{\"@type\":\"ImageObject\",\"@id\":\"https:\/\/www.dermacenter.ch\/?product=ultrasun-lip-protection-spf-50-48-gr#primaryimage\",\"inLanguage\":\"de\",\"url\":\"https:\/\/www.dermacenter.ch\/wp-content\/uploads\/2023\/03\/Lip-Protection_SPF50_front.jpg\",\"width\":500,\"height\":500},{\"@type\":\"WebPage\",\"@id\":\"https:\/\/www.dermacenter.ch\/?product=ultrasun-lip-protection-spf-50-48-gr#webpage\",\"url\":\"https:\/\/www.dermacenter.ch\/?product=ultrasun-lip-protection-spf-50-48-gr\",\"name\":\"ULTRASUN Lip Protection SPF 50+ 4,8 gr - Dermacenter AG\",\"isPartOf\":{\"@id\":\"https:\/\/www.dermacenter.ch\/#website\"},\"primaryImageOfPage\":{\"@id\":\"https:\/\/www.dermacenter.ch\/?product=ultrasun-lip-protection-spf-50-48-gr#primaryimage\"},\"datePublished\":\"2023-03-08T08:42:13+00:00\",\"dateModified\":\"2024-06-19T14:15:44+00:00\",\"inLanguage\":\"de\",\"potentialAction\":[{\"@type\":\"ReadAction\",\"target\":[\"https:\/\/www.dermacenter.ch\/?product=ultrasun-lip-protection-spf-50-48-gr\"]}]}]}<\/script>\n<!-- \/ Yoast SEO plugin. -->","_links":{"self":[{"href":"https:\/\/www.dermacenter.ch\/index.php?rest_route=\/wp\/v2\/product\/13479"}],"collection":[{"href":"https:\/\/www.dermacenter.ch\/index.php?rest_route=\/wp\/v2\/product"}],"about":[{"href":"https:\/\/www.dermacenter.ch\/index.php?rest_route=\/wp\/v2\/types\/product"}],"replies":[{"embeddable":true,"href":"https:\/\/www.dermacenter.ch\/index.php?rest_route=%2Fwp%2Fv2%2Fcomments&post=13479"}],"wp:featuredmedia":[{"embeddable":true,"href":"https:\/\/www.dermacenter.ch\/index.php?rest_route=\/wp\/v2\/media\/13480"}],"wp:attachment":[{"href":"https:\/\/www.dermacenter.ch\/index.php?rest_route=%2Fwp%2Fv2%2Fmedia&parent=13479"}],"curies":[{"name":"wp","href":"https:\/\/api.w.org\/{rel}","templated":true}]}}