{"id":13467,"date":"2023-03-08T09:09:38","date_gmt":"2023-03-08T08:09:38","guid":{"rendered":"https:\/\/www.dermacenter.ch\/?post_type=product&#038;p=13467"},"modified":"2025-04-03T17:09:52","modified_gmt":"2025-04-03T15:09:52","slug":"ultrasun-face-spf-50-50ml","status":"publish","type":"product","link":"https:\/\/www.dermacenter.ch\/?product=ultrasun-face-spf-50-50ml","title":{"rendered":"ULTRASUN Face SPF 50+ 50 ml"},"content":{"rendered":"<p id=\"tw-target-text\" dir=\"ltr\" data-placeholder=\"\u00dcbersetzung\"><span lang=\"de\">Fortschrittliche Kombination aus lamellarem Breitbandschutz SPF50+ mit GSP f\u00fcr Infrarotschutz, Titandioxid f\u00fcr Blaulichtschutz und Ectoin. Stellt den optimalen Feuchtigkeitsgehalt wieder her, reduziert das Erscheinungsbild sonnenbedingter Hautalterung (Linien, Falten, gr\u00f6ssere Poren). Mit unglaublich schnell einziehenden, leichten und nicht fettenden Texturen. Ideal f\u00fcr empfindliche Haut (Sonnenschutz und t\u00e4gliche Pflege f\u00fcr Gesicht, Hals und Dekollet\u00e9).<\/span><\/p>\n","protected":false},"excerpt":{"rendered":"<p>Fortschrittliche Kombination aus lamellarem Breitbandschutz SPF50+ mit GSP f\u00fcr Infrarotschutz, Titandioxid f\u00fcr Blaulichtschutz und Ectoin. Stellt den optimalen Feuchtigkeitsgehalt wieder her, reduziert das Erscheinungsbild sonnenbedingter Hautalterung (Linien, Falten, gr\u00f6ssere Poren). Mit unglaublich schnell einziehenden, leichten und nicht fettenden Texturen. Ideal f\u00fcr empfindliche Haut (Sonnenschutz und t\u00e4gliche Pflege f\u00fcr Gesicht, Hals und Dekollet\u00e9).<\/p>\n","protected":false},"featured_media":13468,"comment_status":"closed","ping_status":"closed","template":"","meta":[],"yoast_head":"<!-- This site is optimized with the Yoast SEO plugin v15.5 - https:\/\/yoast.com\/wordpress\/plugins\/seo\/ -->\n<title>ULTRASUN Face SPF 50+ 50 ml - Dermacenter AG<\/title>\n<meta name=\"robots\" content=\"index, follow, max-snippet:-1, max-image-preview:large, max-video-preview:-1\" \/>\n<link rel=\"canonical\" href=\"https:\/\/www.dermacenter.ch\/?product=ultrasun-face-spf-50-50ml\" \/>\n<meta property=\"og:locale\" content=\"de_DE\" \/>\n<meta property=\"og:type\" content=\"article\" \/>\n<meta property=\"og:title\" content=\"ULTRASUN Face SPF 50+ 50 ml - Dermacenter AG\" \/>\n<meta property=\"og:description\" content=\"Fortschrittliche Kombination aus lamellarem Breitbandschutz SPF50+ mit GSP f\u00fcr Infrarotschutz, Titandioxid f\u00fcr Blaulichtschutz und Ectoin. Stellt den optimalen Feuchtigkeitsgehalt wieder her, reduziert das Erscheinungsbild sonnenbedingter Hautalterung (Linien, Falten, gr\u00f6ssere Poren). Mit unglaublich schnell einziehenden, leichten und nicht fettenden Texturen. Ideal f\u00fcr empfindliche Haut (Sonnenschutz und t\u00e4gliche Pflege f\u00fcr Gesicht, Hals und Dekollet\u00e9).\" \/>\n<meta property=\"og:url\" content=\"https:\/\/www.dermacenter.ch\/?product=ultrasun-face-spf-50-50ml\" \/>\n<meta property=\"og:site_name\" content=\"Dermacenter AG\" \/>\n<meta property=\"article:modified_time\" content=\"2025-04-03T15:09:52+00:00\" \/>\n<meta property=\"og:image\" content=\"https:\/\/www.dermacenter.ch\/wp-content\/uploads\/2023\/03\/Face_SPF50_50ml_Kombi_20_DE-FR.jpg\" \/>\n\t<meta property=\"og:image:width\" content=\"500\" \/>\n\t<meta property=\"og:image:height\" content=\"500\" \/>\n<meta name=\"twitter:card\" content=\"summary_large_image\" \/>\n<meta name=\"twitter:label1\" content=\"Gesch\u00e4tzte Lesezeit\">\n\t<meta name=\"twitter:data1\" content=\"0\u00a0Minuten\">\n<script type=\"application\/ld+json\" class=\"yoast-schema-graph\">{\"@context\":\"https:\/\/schema.org\",\"@graph\":[{\"@type\":\"WebSite\",\"@id\":\"https:\/\/www.dermacenter.ch\/#website\",\"url\":\"https:\/\/www.dermacenter.ch\/\",\"name\":\"Dermacenter AG\",\"description\":\"\",\"potentialAction\":[{\"@type\":\"SearchAction\",\"target\":\"https:\/\/www.dermacenter.ch\/?s={search_term_string}\",\"query-input\":\"required name=search_term_string\"}],\"inLanguage\":\"de\"},{\"@type\":\"ImageObject\",\"@id\":\"https:\/\/www.dermacenter.ch\/?product=ultrasun-face-spf-50-50ml#primaryimage\",\"inLanguage\":\"de\",\"url\":\"https:\/\/www.dermacenter.ch\/wp-content\/uploads\/2023\/03\/Face_SPF50_50ml_Kombi_20_DE-FR.jpg\",\"width\":500,\"height\":500},{\"@type\":\"WebPage\",\"@id\":\"https:\/\/www.dermacenter.ch\/?product=ultrasun-face-spf-50-50ml#webpage\",\"url\":\"https:\/\/www.dermacenter.ch\/?product=ultrasun-face-spf-50-50ml\",\"name\":\"ULTRASUN Face SPF 50+ 50 ml - Dermacenter AG\",\"isPartOf\":{\"@id\":\"https:\/\/www.dermacenter.ch\/#website\"},\"primaryImageOfPage\":{\"@id\":\"https:\/\/www.dermacenter.ch\/?product=ultrasun-face-spf-50-50ml#primaryimage\"},\"datePublished\":\"2023-03-08T08:09:38+00:00\",\"dateModified\":\"2025-04-03T15:09:52+00:00\",\"inLanguage\":\"de\",\"potentialAction\":[{\"@type\":\"ReadAction\",\"target\":[\"https:\/\/www.dermacenter.ch\/?product=ultrasun-face-spf-50-50ml\"]}]}]}<\/script>\n<!-- \/ Yoast SEO plugin. -->","_links":{"self":[{"href":"https:\/\/www.dermacenter.ch\/index.php?rest_route=\/wp\/v2\/product\/13467"}],"collection":[{"href":"https:\/\/www.dermacenter.ch\/index.php?rest_route=\/wp\/v2\/product"}],"about":[{"href":"https:\/\/www.dermacenter.ch\/index.php?rest_route=\/wp\/v2\/types\/product"}],"replies":[{"embeddable":true,"href":"https:\/\/www.dermacenter.ch\/index.php?rest_route=%2Fwp%2Fv2%2Fcomments&post=13467"}],"wp:featuredmedia":[{"embeddable":true,"href":"https:\/\/www.dermacenter.ch\/index.php?rest_route=\/wp\/v2\/media\/13468"}],"wp:attachment":[{"href":"https:\/\/www.dermacenter.ch\/index.php?rest_route=%2Fwp%2Fv2%2Fmedia&parent=13467"}],"curies":[{"name":"wp","href":"https:\/\/api.w.org\/{rel}","templated":true}]}}