{"id":13094,"date":"2022-08-31T19:39:42","date_gmt":"2022-08-31T17:39:42","guid":{"rendered":"https:\/\/www.dermacenter.ch\/?post_type=product&#038;p=13094"},"modified":"2025-08-28T09:56:18","modified_gmt":"2025-08-28T07:56:18","slug":"glo-skin-beauty-luminous-liquid-foundation-spf18-tahini","status":"publish","type":"product","link":"https:\/\/www.dermacenter.ch\/?product=glo-skin-beauty-luminous-liquid-foundation-spf18-tahini","title":{"rendered":"Glo Skin Beauty \u2013 Luminous Liquid Foundation SPF18 tahini"},"content":{"rendered":"<p>Dieses leichte, fl\u00fcssige Make-up bietet eine unglaubliche Deckkraft. Dies spezifische Lichtbrechung des enthaltenen Diamantpulvers verleiht Ihrer Haut zus\u00e4tzlich einen alterslosen Teint. Weitere hochwertige Inhaltsstoffe versorgen die Haut mit Feuchtigkeit und sch\u00fctzen sie vor der sch\u00e4dlichen Sonneneinstrahlung. Nicht f\u00fcr fettige Haut geeignet.<\/p>\n","protected":false},"excerpt":{"rendered":"<p>Dieses leichte, fl\u00fcssige Make-up bietet eine unglaubliche Deckkraft. Dies spezifische Lichtbrechung des enthaltenen Diamantpulvers verleiht Ihrer Haut zus\u00e4tzlich einen alterslosen Teint. Weitere hochwertige Inhaltsstoffe versorgen die Haut mit Feuchtigkeit und sch\u00fctzen sie vor der sch\u00e4dlichen Sonneneinstrahlung. Nicht f\u00fcr fettige Haut geeignet.<\/p>\n","protected":false},"featured_media":13095,"comment_status":"closed","ping_status":"closed","template":"","meta":[],"yoast_head":"<!-- This site is optimized with the Yoast SEO plugin v15.5 - https:\/\/yoast.com\/wordpress\/plugins\/seo\/ -->\n<title>Glo Skin Beauty \u2013 Luminous Liquid Foundation SPF18 tahini - Dermacenter AG<\/title>\n<meta name=\"robots\" content=\"index, follow, max-snippet:-1, max-image-preview:large, max-video-preview:-1\" \/>\n<link rel=\"canonical\" href=\"https:\/\/www.dermacenter.ch\/?product=glo-skin-beauty-luminous-liquid-foundation-spf18-tahini\" \/>\n<meta property=\"og:locale\" content=\"de_DE\" \/>\n<meta property=\"og:type\" content=\"article\" \/>\n<meta property=\"og:title\" content=\"Glo Skin Beauty \u2013 Luminous Liquid Foundation SPF18 tahini - Dermacenter AG\" \/>\n<meta property=\"og:description\" content=\"Dieses leichte, fl\u00fcssige Make-up bietet eine unglaubliche Deckkraft. Dies spezifische Lichtbrechung des enthaltenen Diamantpulvers verleiht Ihrer Haut zus\u00e4tzlich einen alterslosen Teint. Weitere hochwertige Inhaltsstoffe versorgen die Haut mit Feuchtigkeit und sch\u00fctzen sie vor der sch\u00e4dlichen Sonneneinstrahlung. Nicht f\u00fcr fettige Haut geeignet.\" \/>\n<meta property=\"og:url\" content=\"https:\/\/www.dermacenter.ch\/?product=glo-skin-beauty-luminous-liquid-foundation-spf18-tahini\" \/>\n<meta property=\"og:site_name\" content=\"Dermacenter AG\" \/>\n<meta property=\"article:modified_time\" content=\"2025-08-28T07:56:18+00:00\" \/>\n<meta property=\"og:image\" content=\"https:\/\/www.dermacenter.ch\/wp-content\/uploads\/2022\/08\/Luminous-liquid-foundation-CAN-tahini_no-shadow.jpg\" \/>\n\t<meta property=\"og:image:width\" content=\"500\" \/>\n\t<meta property=\"og:image:height\" content=\"500\" \/>\n<meta name=\"twitter:card\" content=\"summary_large_image\" \/>\n<meta name=\"twitter:label1\" content=\"Gesch\u00e4tzte Lesezeit\">\n\t<meta name=\"twitter:data1\" content=\"0\u00a0Minuten\">\n<script type=\"application\/ld+json\" class=\"yoast-schema-graph\">{\"@context\":\"https:\/\/schema.org\",\"@graph\":[{\"@type\":\"WebSite\",\"@id\":\"https:\/\/www.dermacenter.ch\/#website\",\"url\":\"https:\/\/www.dermacenter.ch\/\",\"name\":\"Dermacenter AG\",\"description\":\"\",\"potentialAction\":[{\"@type\":\"SearchAction\",\"target\":\"https:\/\/www.dermacenter.ch\/?s={search_term_string}\",\"query-input\":\"required name=search_term_string\"}],\"inLanguage\":\"de\"},{\"@type\":\"ImageObject\",\"@id\":\"https:\/\/www.dermacenter.ch\/?product=glo-skin-beauty-luminous-liquid-foundation-spf18-tahini#primaryimage\",\"inLanguage\":\"de\",\"url\":\"https:\/\/www.dermacenter.ch\/wp-content\/uploads\/2022\/08\/Luminous-liquid-foundation-CAN-tahini_no-shadow.jpg\",\"width\":500,\"height\":500},{\"@type\":\"WebPage\",\"@id\":\"https:\/\/www.dermacenter.ch\/?product=glo-skin-beauty-luminous-liquid-foundation-spf18-tahini#webpage\",\"url\":\"https:\/\/www.dermacenter.ch\/?product=glo-skin-beauty-luminous-liquid-foundation-spf18-tahini\",\"name\":\"Glo Skin Beauty \\u2013 Luminous Liquid Foundation SPF18 tahini - Dermacenter AG\",\"isPartOf\":{\"@id\":\"https:\/\/www.dermacenter.ch\/#website\"},\"primaryImageOfPage\":{\"@id\":\"https:\/\/www.dermacenter.ch\/?product=glo-skin-beauty-luminous-liquid-foundation-spf18-tahini#primaryimage\"},\"datePublished\":\"2022-08-31T17:39:42+00:00\",\"dateModified\":\"2025-08-28T07:56:18+00:00\",\"inLanguage\":\"de\",\"potentialAction\":[{\"@type\":\"ReadAction\",\"target\":[\"https:\/\/www.dermacenter.ch\/?product=glo-skin-beauty-luminous-liquid-foundation-spf18-tahini\"]}]}]}<\/script>\n<!-- \/ Yoast SEO plugin. -->","_links":{"self":[{"href":"https:\/\/www.dermacenter.ch\/index.php?rest_route=\/wp\/v2\/product\/13094"}],"collection":[{"href":"https:\/\/www.dermacenter.ch\/index.php?rest_route=\/wp\/v2\/product"}],"about":[{"href":"https:\/\/www.dermacenter.ch\/index.php?rest_route=\/wp\/v2\/types\/product"}],"replies":[{"embeddable":true,"href":"https:\/\/www.dermacenter.ch\/index.php?rest_route=%2Fwp%2Fv2%2Fcomments&post=13094"}],"wp:featuredmedia":[{"embeddable":true,"href":"https:\/\/www.dermacenter.ch\/index.php?rest_route=\/wp\/v2\/media\/13095"}],"wp:attachment":[{"href":"https:\/\/www.dermacenter.ch\/index.php?rest_route=%2Fwp%2Fv2%2Fmedia&parent=13094"}],"curies":[{"name":"wp","href":"https:\/\/api.w.org\/{rel}","templated":true}]}}