{"id":12788,"date":"2022-03-11T09:39:44","date_gmt":"2022-03-11T08:39:44","guid":{"rendered":"https:\/\/www.dermacenter.ch\/?post_type=product&#038;p=12788"},"modified":"2022-09-01T09:08:54","modified_gmt":"2022-09-01T07:08:54","slug":"eucerin-urea-repair-plus-30-urea-akutpflege-creme-75ml","status":"publish","type":"product","link":"https:\/\/www.dermacenter.ch\/?product=eucerin-urea-repair-plus-30-urea-akutpflege-creme-75ml","title":{"rendered":"Eucerin &#8211; UREA Repair Plus 30% Akutpflege Creme 75ml"},"content":{"rendered":"<p>Die regenerierende Creme verleiht extrem trockener Haut die intensive Pflege, die sie braucht. Sie ist geeignet zur kurzzeitigen Anwendung f\u00fcr hyperkeratotische (med. f\u00fcr verdickt) Hautzust\u00e4nde und psoriatische Plaques.<\/p>\n","protected":false},"excerpt":{"rendered":"<p>Die regenerierende Creme verleiht extrem trockener Haut die intensive Pflege, die sie braucht. Sie ist geeignet zur kurzzeitigen Anwendung f\u00fcr hyperkeratotische (med. f\u00fcr verdickt) Hautzust\u00e4nde und psoriatische Plaques.<\/p>\n","protected":false},"featured_media":12789,"comment_status":"closed","ping_status":"closed","template":"","meta":[],"yoast_head":"<!-- This site is optimized with the Yoast SEO plugin v15.5 - https:\/\/yoast.com\/wordpress\/plugins\/seo\/ -->\n<title>Eucerin - UREA Repair Plus 30% Akutpflege Creme 75ml - Dermacenter AG<\/title>\n<meta name=\"robots\" content=\"index, follow, max-snippet:-1, max-image-preview:large, max-video-preview:-1\" \/>\n<link rel=\"canonical\" href=\"https:\/\/www.dermacenter.ch\/?product=eucerin-urea-repair-plus-30-urea-akutpflege-creme-75ml\" \/>\n<meta property=\"og:locale\" content=\"de_DE\" \/>\n<meta property=\"og:type\" content=\"article\" \/>\n<meta property=\"og:title\" content=\"Eucerin - UREA Repair Plus 30% Akutpflege Creme 75ml - Dermacenter AG\" \/>\n<meta property=\"og:description\" content=\"Die regenerierende Creme verleiht extrem trockener Haut die intensive Pflege, die sie braucht. Sie ist geeignet zur kurzzeitigen Anwendung f\u00fcr hyperkeratotische (med. f\u00fcr verdickt) Hautzust\u00e4nde und psoriatische Plaques.\" \/>\n<meta property=\"og:url\" content=\"https:\/\/www.dermacenter.ch\/?product=eucerin-urea-repair-plus-30-urea-akutpflege-creme-75ml\" \/>\n<meta property=\"og:site_name\" content=\"Dermacenter AG\" \/>\n<meta property=\"article:modified_time\" content=\"2022-09-01T07:08:54+00:00\" \/>\n<meta property=\"og:image\" content=\"https:\/\/www.dermacenter.ch\/wp-content\/uploads\/2022\/03\/CH_UreaRepairPlus_Spot_Treatment_75ml_PS.jpg\" \/>\n\t<meta property=\"og:image:width\" content=\"500\" \/>\n\t<meta property=\"og:image:height\" content=\"500\" \/>\n<meta name=\"twitter:card\" content=\"summary_large_image\" \/>\n<meta name=\"twitter:label1\" content=\"Gesch\u00e4tzte Lesezeit\">\n\t<meta name=\"twitter:data1\" content=\"0\u00a0Minuten\">\n<script type=\"application\/ld+json\" class=\"yoast-schema-graph\">{\"@context\":\"https:\/\/schema.org\",\"@graph\":[{\"@type\":\"WebSite\",\"@id\":\"https:\/\/www.dermacenter.ch\/#website\",\"url\":\"https:\/\/www.dermacenter.ch\/\",\"name\":\"Dermacenter AG\",\"description\":\"\",\"potentialAction\":[{\"@type\":\"SearchAction\",\"target\":\"https:\/\/www.dermacenter.ch\/?s={search_term_string}\",\"query-input\":\"required name=search_term_string\"}],\"inLanguage\":\"de\"},{\"@type\":\"ImageObject\",\"@id\":\"https:\/\/www.dermacenter.ch\/?product=eucerin-urea-repair-plus-30-urea-akutpflege-creme-75ml#primaryimage\",\"inLanguage\":\"de\",\"url\":\"https:\/\/www.dermacenter.ch\/wp-content\/uploads\/2022\/03\/CH_UreaRepairPlus_Spot_Treatment_75ml_PS.jpg\",\"width\":500,\"height\":500},{\"@type\":\"WebPage\",\"@id\":\"https:\/\/www.dermacenter.ch\/?product=eucerin-urea-repair-plus-30-urea-akutpflege-creme-75ml#webpage\",\"url\":\"https:\/\/www.dermacenter.ch\/?product=eucerin-urea-repair-plus-30-urea-akutpflege-creme-75ml\",\"name\":\"Eucerin - UREA Repair Plus 30% Akutpflege Creme 75ml - Dermacenter AG\",\"isPartOf\":{\"@id\":\"https:\/\/www.dermacenter.ch\/#website\"},\"primaryImageOfPage\":{\"@id\":\"https:\/\/www.dermacenter.ch\/?product=eucerin-urea-repair-plus-30-urea-akutpflege-creme-75ml#primaryimage\"},\"datePublished\":\"2022-03-11T08:39:44+00:00\",\"dateModified\":\"2022-09-01T07:08:54+00:00\",\"inLanguage\":\"de\",\"potentialAction\":[{\"@type\":\"ReadAction\",\"target\":[\"https:\/\/www.dermacenter.ch\/?product=eucerin-urea-repair-plus-30-urea-akutpflege-creme-75ml\"]}]}]}<\/script>\n<!-- \/ Yoast SEO plugin. -->","_links":{"self":[{"href":"https:\/\/www.dermacenter.ch\/index.php?rest_route=\/wp\/v2\/product\/12788"}],"collection":[{"href":"https:\/\/www.dermacenter.ch\/index.php?rest_route=\/wp\/v2\/product"}],"about":[{"href":"https:\/\/www.dermacenter.ch\/index.php?rest_route=\/wp\/v2\/types\/product"}],"replies":[{"embeddable":true,"href":"https:\/\/www.dermacenter.ch\/index.php?rest_route=%2Fwp%2Fv2%2Fcomments&post=12788"}],"wp:featuredmedia":[{"embeddable":true,"href":"https:\/\/www.dermacenter.ch\/index.php?rest_route=\/wp\/v2\/media\/12789"}],"wp:attachment":[{"href":"https:\/\/www.dermacenter.ch\/index.php?rest_route=%2Fwp%2Fv2%2Fmedia&parent=12788"}],"curies":[{"name":"wp","href":"https:\/\/api.w.org\/{rel}","templated":true}]}}