{"id":12725,"date":"2022-02-22T16:45:50","date_gmt":"2022-02-22T15:45:50","guid":{"rendered":"https:\/\/www.dermacenter.ch\/?post_type=product&#038;p=12725"},"modified":"2024-10-25T09:25:47","modified_gmt":"2024-10-25T07:25:47","slug":"skinceuticals-triple-lipid-restore-242-48ml","status":"publish","type":"product","link":"https:\/\/www.dermacenter.ch\/?product=skinceuticals-triple-lipid-restore-242-48ml","title":{"rendered":"SkinCeuticals \u2013 Triple Lipid Restore 2:4:2 48ml"},"content":{"rendered":"<p>Triple Lipid Restore 2:4:2 ist eine Anti-Aging-Pflege die mit einer optimierten Konzentration von Lipiden formuliert ist: 2% reine Ceramide, 4% Cholesterol und 2% Fetts\u00e4uren. Diese einzigartige korrigierende Pflege enth\u00e4lt eine\u00a0Cholesterol-dominante Lipidkonzentration im Verh\u00e4ltnis 2:4:2, um die Barrierefunktion der Haut und die nat\u00fcrliche Regenerationsf\u00e4higkeit zu unterst\u00fctzen und die Haut gleichzeitig intensiv zu versorgen, um sichtbare Anzeichen fortgeschrittener Hautalterung zu mildern. In einer wissenschaftlichen Studie nachgewiesen, verbessert Triple Lipid Restore 2:4:2 das Erscheinungsbild sichtbarer Anzeichen fortgeschrittener Hautalterung wie Verlust von Straffheit, Geschmeidigkeit und Ausstrahlung.<\/p>\n","protected":false},"excerpt":{"rendered":"<p>Triple Lipid Restore 2:4:2 ist eine Anti-Aging-Pflege die mit einer optimierten Konzentration von Lipiden formuliert ist: 2% reine Ceramide, 4% Cholesterol und 2% Fetts\u00e4uren. Diese einzigartige korrigierende Pflege enth\u00e4lt eine\u00a0Cholesterol-dominante Lipidkonzentration im Verh\u00e4ltnis 2:4:2, um die Barrierefunktion der Haut und die nat\u00fcrliche Regenerationsf\u00e4higkeit zu unterst\u00fctzen und die Haut gleichzeitig intensiv zu versorgen, um sichtbare Anzeichen [&hellip;]\n","protected":false},"featured_media":12726,"comment_status":"closed","ping_status":"closed","template":"","meta":[],"yoast_head":"<!-- This site is optimized with the Yoast SEO plugin v15.5 - https:\/\/yoast.com\/wordpress\/plugins\/seo\/ -->\n<title>SkinCeuticals \u2013 Triple Lipid Restore 2:4:2 48ml - Dermacenter AG<\/title>\n<meta name=\"robots\" content=\"index, follow, max-snippet:-1, max-image-preview:large, max-video-preview:-1\" \/>\n<link rel=\"canonical\" href=\"https:\/\/www.dermacenter.ch\/?product=skinceuticals-triple-lipid-restore-242-48ml\" \/>\n<meta property=\"og:locale\" content=\"de_DE\" \/>\n<meta property=\"og:type\" content=\"article\" \/>\n<meta property=\"og:title\" content=\"SkinCeuticals \u2013 Triple Lipid Restore 2:4:2 48ml - Dermacenter AG\" \/>\n<meta property=\"og:description\" content=\"Triple Lipid Restore 2:4:2 ist eine Anti-Aging-Pflege die mit einer optimierten Konzentration von Lipiden formuliert ist: 2% reine Ceramide, 4% Cholesterol und 2% Fetts\u00e4uren. Diese einzigartige korrigierende Pflege enth\u00e4lt eine\u00a0Cholesterol-dominante Lipidkonzentration im Verh\u00e4ltnis 2:4:2, um die Barrierefunktion der Haut und die nat\u00fcrliche Regenerationsf\u00e4higkeit zu unterst\u00fctzen und die Haut gleichzeitig intensiv zu versorgen, um sichtbare Anzeichen [&hellip;]\" \/>\n<meta property=\"og:url\" content=\"https:\/\/www.dermacenter.ch\/?product=skinceuticals-triple-lipid-restore-242-48ml\" \/>\n<meta property=\"og:site_name\" content=\"Dermacenter AG\" \/>\n<meta property=\"article:modified_time\" content=\"2024-10-25T07:25:47+00:00\" \/>\n<meta property=\"og:image\" content=\"https:\/\/www.dermacenter.ch\/wp-content\/uploads\/2022\/02\/Triple-Lipid-Restore.jpg\" \/>\n\t<meta property=\"og:image:width\" content=\"500\" \/>\n\t<meta property=\"og:image:height\" content=\"500\" \/>\n<meta name=\"twitter:card\" content=\"summary_large_image\" \/>\n<meta name=\"twitter:label1\" content=\"Gesch\u00e4tzte Lesezeit\">\n\t<meta name=\"twitter:data1\" content=\"0\u00a0Minuten\">\n<script type=\"application\/ld+json\" class=\"yoast-schema-graph\">{\"@context\":\"https:\/\/schema.org\",\"@graph\":[{\"@type\":\"WebSite\",\"@id\":\"https:\/\/www.dermacenter.ch\/#website\",\"url\":\"https:\/\/www.dermacenter.ch\/\",\"name\":\"Dermacenter AG\",\"description\":\"\",\"potentialAction\":[{\"@type\":\"SearchAction\",\"target\":\"https:\/\/www.dermacenter.ch\/?s={search_term_string}\",\"query-input\":\"required name=search_term_string\"}],\"inLanguage\":\"de\"},{\"@type\":\"ImageObject\",\"@id\":\"https:\/\/www.dermacenter.ch\/?product=skinceuticals-triple-lipid-restore-242-48ml#primaryimage\",\"inLanguage\":\"de\",\"url\":\"https:\/\/www.dermacenter.ch\/wp-content\/uploads\/2022\/02\/Triple-Lipid-Restore.jpg\",\"width\":500,\"height\":500},{\"@type\":\"WebPage\",\"@id\":\"https:\/\/www.dermacenter.ch\/?product=skinceuticals-triple-lipid-restore-242-48ml#webpage\",\"url\":\"https:\/\/www.dermacenter.ch\/?product=skinceuticals-triple-lipid-restore-242-48ml\",\"name\":\"SkinCeuticals \\u2013 Triple Lipid Restore 2:4:2 48ml - Dermacenter AG\",\"isPartOf\":{\"@id\":\"https:\/\/www.dermacenter.ch\/#website\"},\"primaryImageOfPage\":{\"@id\":\"https:\/\/www.dermacenter.ch\/?product=skinceuticals-triple-lipid-restore-242-48ml#primaryimage\"},\"datePublished\":\"2022-02-22T15:45:50+00:00\",\"dateModified\":\"2024-10-25T07:25:47+00:00\",\"inLanguage\":\"de\",\"potentialAction\":[{\"@type\":\"ReadAction\",\"target\":[\"https:\/\/www.dermacenter.ch\/?product=skinceuticals-triple-lipid-restore-242-48ml\"]}]}]}<\/script>\n<!-- \/ Yoast SEO plugin. -->","_links":{"self":[{"href":"https:\/\/www.dermacenter.ch\/index.php?rest_route=\/wp\/v2\/product\/12725"}],"collection":[{"href":"https:\/\/www.dermacenter.ch\/index.php?rest_route=\/wp\/v2\/product"}],"about":[{"href":"https:\/\/www.dermacenter.ch\/index.php?rest_route=\/wp\/v2\/types\/product"}],"replies":[{"embeddable":true,"href":"https:\/\/www.dermacenter.ch\/index.php?rest_route=%2Fwp%2Fv2%2Fcomments&post=12725"}],"wp:featuredmedia":[{"embeddable":true,"href":"https:\/\/www.dermacenter.ch\/index.php?rest_route=\/wp\/v2\/media\/12726"}],"wp:attachment":[{"href":"https:\/\/www.dermacenter.ch\/index.php?rest_route=%2Fwp%2Fv2%2Fmedia&parent=12725"}],"curies":[{"name":"wp","href":"https:\/\/api.w.org\/{rel}","templated":true}]}}