{"id":12710,"date":"2022-02-22T15:55:18","date_gmt":"2022-02-22T14:55:18","guid":{"rendered":"https:\/\/www.dermacenter.ch\/?post_type=product&#038;p=12710"},"modified":"2023-11-23T11:54:10","modified_gmt":"2023-11-23T10:54:10","slug":"lubex-anti-age-night-light-50ml","status":"publish","type":"product","link":"https:\/\/www.dermacenter.ch\/?product=lubex-anti-age-night-light-50ml","title":{"rendered":"Lubex \u2013 anti-age night light 50ml"},"content":{"rendered":"<p>Lubex anti-age night light ist die ideale Nacht-Wirkbehandlung f\u00fcr Einsteiger und auch die optimale Anti-Aging-Wirkbehandlung f\u00fcr die normale bis leicht fettige Gesichtshaut sowie f\u00fcr Mischhaut. Sie regt \u00fcber Nacht das Schutzsystem der Haut an, wirkt antioxidativ, beugt vorzeitiger Hautalterung vor und h\u00e4lt die Haut l\u00e4nger jung und straff.<\/p>\n","protected":false},"excerpt":{"rendered":"<p>Lubex anti-age night light ist die ideale Nacht-Wirkbehandlung f\u00fcr Einsteiger und auch die optimale Anti-Aging-Wirkbehandlung f\u00fcr die normale bis leicht fettige Gesichtshaut sowie f\u00fcr Mischhaut. Sie regt \u00fcber Nacht das Schutzsystem der Haut an, wirkt antioxidativ, beugt vorzeitiger Hautalterung vor und h\u00e4lt die Haut l\u00e4nger jung und straff.<\/p>\n","protected":false},"featured_media":12711,"comment_status":"closed","ping_status":"closed","template":"","meta":[],"yoast_head":"<!-- This site is optimized with the Yoast SEO plugin v15.5 - https:\/\/yoast.com\/wordpress\/plugins\/seo\/ -->\n<title>Lubex \u2013 anti-age night light 50ml - Dermacenter AG<\/title>\n<meta name=\"robots\" content=\"index, follow, max-snippet:-1, max-image-preview:large, max-video-preview:-1\" \/>\n<link rel=\"canonical\" href=\"https:\/\/www.dermacenter.ch\/?product=lubex-anti-age-night-light-50ml\" \/>\n<meta property=\"og:locale\" content=\"de_DE\" \/>\n<meta property=\"og:type\" content=\"article\" \/>\n<meta property=\"og:title\" content=\"Lubex \u2013 anti-age night light 50ml - Dermacenter AG\" \/>\n<meta property=\"og:description\" content=\"Lubex anti-age night light ist die ideale Nacht-Wirkbehandlung f\u00fcr Einsteiger und auch die optimale Anti-Aging-Wirkbehandlung f\u00fcr die normale bis leicht fettige Gesichtshaut sowie f\u00fcr Mischhaut. Sie regt \u00fcber Nacht das Schutzsystem der Haut an, wirkt antioxidativ, beugt vorzeitiger Hautalterung vor und h\u00e4lt die Haut l\u00e4nger jung und straff.\" \/>\n<meta property=\"og:url\" content=\"https:\/\/www.dermacenter.ch\/?product=lubex-anti-age-night-light-50ml\" \/>\n<meta property=\"og:site_name\" content=\"Dermacenter AG\" \/>\n<meta property=\"article:modified_time\" content=\"2023-11-23T10:54:10+00:00\" \/>\n<meta property=\"og:image\" content=\"https:\/\/www.dermacenter.ch\/wp-content\/uploads\/2022\/02\/Lubex-anti-age-night-light.jpg\" \/>\n\t<meta property=\"og:image:width\" content=\"500\" \/>\n\t<meta property=\"og:image:height\" content=\"500\" \/>\n<meta name=\"twitter:card\" content=\"summary_large_image\" \/>\n<meta name=\"twitter:label1\" content=\"Gesch\u00e4tzte Lesezeit\">\n\t<meta name=\"twitter:data1\" content=\"0\u00a0Minuten\">\n<script type=\"application\/ld+json\" class=\"yoast-schema-graph\">{\"@context\":\"https:\/\/schema.org\",\"@graph\":[{\"@type\":\"WebSite\",\"@id\":\"https:\/\/www.dermacenter.ch\/#website\",\"url\":\"https:\/\/www.dermacenter.ch\/\",\"name\":\"Dermacenter AG\",\"description\":\"\",\"potentialAction\":[{\"@type\":\"SearchAction\",\"target\":\"https:\/\/www.dermacenter.ch\/?s={search_term_string}\",\"query-input\":\"required name=search_term_string\"}],\"inLanguage\":\"de\"},{\"@type\":\"ImageObject\",\"@id\":\"https:\/\/www.dermacenter.ch\/?product=lubex-anti-age-night-light-50ml#primaryimage\",\"inLanguage\":\"de\",\"url\":\"https:\/\/www.dermacenter.ch\/wp-content\/uploads\/2022\/02\/Lubex-anti-age-night-light.jpg\",\"width\":500,\"height\":500},{\"@type\":\"WebPage\",\"@id\":\"https:\/\/www.dermacenter.ch\/?product=lubex-anti-age-night-light-50ml#webpage\",\"url\":\"https:\/\/www.dermacenter.ch\/?product=lubex-anti-age-night-light-50ml\",\"name\":\"Lubex \\u2013 anti-age night light 50ml - Dermacenter AG\",\"isPartOf\":{\"@id\":\"https:\/\/www.dermacenter.ch\/#website\"},\"primaryImageOfPage\":{\"@id\":\"https:\/\/www.dermacenter.ch\/?product=lubex-anti-age-night-light-50ml#primaryimage\"},\"datePublished\":\"2022-02-22T14:55:18+00:00\",\"dateModified\":\"2023-11-23T10:54:10+00:00\",\"inLanguage\":\"de\",\"potentialAction\":[{\"@type\":\"ReadAction\",\"target\":[\"https:\/\/www.dermacenter.ch\/?product=lubex-anti-age-night-light-50ml\"]}]}]}<\/script>\n<!-- \/ Yoast SEO plugin. -->","_links":{"self":[{"href":"https:\/\/www.dermacenter.ch\/index.php?rest_route=\/wp\/v2\/product\/12710"}],"collection":[{"href":"https:\/\/www.dermacenter.ch\/index.php?rest_route=\/wp\/v2\/product"}],"about":[{"href":"https:\/\/www.dermacenter.ch\/index.php?rest_route=\/wp\/v2\/types\/product"}],"replies":[{"embeddable":true,"href":"https:\/\/www.dermacenter.ch\/index.php?rest_route=%2Fwp%2Fv2%2Fcomments&post=12710"}],"wp:featuredmedia":[{"embeddable":true,"href":"https:\/\/www.dermacenter.ch\/index.php?rest_route=\/wp\/v2\/media\/12711"}],"wp:attachment":[{"href":"https:\/\/www.dermacenter.ch\/index.php?rest_route=%2Fwp%2Fv2%2Fmedia&parent=12710"}],"curies":[{"name":"wp","href":"https:\/\/api.w.org\/{rel}","templated":true}]}}