{"id":11211,"date":"2021-01-12T10:57:32","date_gmt":"2021-01-12T09:57:32","guid":{"rendered":"https:\/\/www.dermacenter.ch\/?post_type=product&#038;p=11211"},"modified":"2022-09-01T09:06:23","modified_gmt":"2022-09-01T07:06:23","slug":"dermamicro-plus","status":"publish","type":"product","link":"https:\/\/www.dermacenter.ch\/?product=dermamicro-plus","title":{"rendered":"DermaMicro plus"},"content":{"rendered":"<p>Der positive Effekt der Mikrodermabrasionsbehandlung wird mit einem zus\u00e4tzlichen chemischen Peeling verst\u00e4rkt, um hartn\u00e4ckige Hautproblem wie Aknenarben, Pigmentver\u00e4nderungen oder F\u00e4ltchen intensiver zu behandeln.<\/p>\n<p>&nbsp;<\/p>\n","protected":false},"excerpt":{"rendered":"<p>Der positive Effekt der Mikrodermabrasionsbehandlung wird mit einem zus\u00e4tzlichen chemischen Peeling verst\u00e4rkt, um hartn\u00e4ckige Hautproblem wie Aknenarben, Pigmentver\u00e4nderungen oder F\u00e4ltchen intensiver zu behandeln. &nbsp;<\/p>\n","protected":false},"featured_media":9690,"comment_status":"open","ping_status":"closed","template":"","meta":[],"yoast_head":"<!-- This site is optimized with the Yoast SEO plugin v15.5 - https:\/\/yoast.com\/wordpress\/plugins\/seo\/ -->\n<title>DermaMicro plus - Dermacenter AG<\/title>\n<meta name=\"robots\" content=\"index, follow, max-snippet:-1, max-image-preview:large, max-video-preview:-1\" \/>\n<link rel=\"canonical\" href=\"https:\/\/www.dermacenter.ch\/?product=dermamicro-plus\" \/>\n<meta property=\"og:locale\" content=\"de_DE\" \/>\n<meta property=\"og:type\" content=\"article\" \/>\n<meta property=\"og:title\" content=\"DermaMicro plus - Dermacenter AG\" \/>\n<meta property=\"og:description\" content=\"Der positive Effekt der Mikrodermabrasionsbehandlung wird mit einem zus\u00e4tzlichen chemischen Peeling verst\u00e4rkt, um hartn\u00e4ckige Hautproblem wie Aknenarben, Pigmentver\u00e4nderungen oder F\u00e4ltchen intensiver zu behandeln. &nbsp;\" \/>\n<meta property=\"og:url\" content=\"https:\/\/www.dermacenter.ch\/?product=dermamicro-plus\" \/>\n<meta property=\"og:site_name\" content=\"Dermacenter AG\" \/>\n<meta property=\"article:modified_time\" content=\"2022-09-01T07:06:23+00:00\" \/>\n<meta property=\"og:image\" content=\"https:\/\/www.dermacenter.ch\/wp-content\/uploads\/2020\/04\/Gutschein.jpg\" \/>\n\t<meta property=\"og:image:width\" content=\"300\" \/>\n\t<meta property=\"og:image:height\" content=\"300\" \/>\n<meta name=\"twitter:card\" content=\"summary_large_image\" \/>\n<meta name=\"twitter:label1\" content=\"Gesch\u00e4tzte Lesezeit\">\n\t<meta name=\"twitter:data1\" content=\"0\u00a0Minuten\">\n<script type=\"application\/ld+json\" class=\"yoast-schema-graph\">{\"@context\":\"https:\/\/schema.org\",\"@graph\":[{\"@type\":\"WebSite\",\"@id\":\"https:\/\/www.dermacenter.ch\/#website\",\"url\":\"https:\/\/www.dermacenter.ch\/\",\"name\":\"Dermacenter AG\",\"description\":\"\",\"potentialAction\":[{\"@type\":\"SearchAction\",\"target\":\"https:\/\/www.dermacenter.ch\/?s={search_term_string}\",\"query-input\":\"required name=search_term_string\"}],\"inLanguage\":\"de\"},{\"@type\":\"ImageObject\",\"@id\":\"https:\/\/www.dermacenter.ch\/?product=dermamicro-plus#primaryimage\",\"inLanguage\":\"de\",\"url\":\"https:\/\/www.dermacenter.ch\/wp-content\/uploads\/2020\/04\/Gutschein.jpg\",\"width\":300,\"height\":300},{\"@type\":\"WebPage\",\"@id\":\"https:\/\/www.dermacenter.ch\/?product=dermamicro-plus#webpage\",\"url\":\"https:\/\/www.dermacenter.ch\/?product=dermamicro-plus\",\"name\":\"DermaMicro plus - Dermacenter AG\",\"isPartOf\":{\"@id\":\"https:\/\/www.dermacenter.ch\/#website\"},\"primaryImageOfPage\":{\"@id\":\"https:\/\/www.dermacenter.ch\/?product=dermamicro-plus#primaryimage\"},\"datePublished\":\"2021-01-12T09:57:32+00:00\",\"dateModified\":\"2022-09-01T07:06:23+00:00\",\"inLanguage\":\"de\",\"potentialAction\":[{\"@type\":\"ReadAction\",\"target\":[\"https:\/\/www.dermacenter.ch\/?product=dermamicro-plus\"]}]}]}<\/script>\n<!-- \/ Yoast SEO plugin. -->","_links":{"self":[{"href":"https:\/\/www.dermacenter.ch\/index.php?rest_route=\/wp\/v2\/product\/11211"}],"collection":[{"href":"https:\/\/www.dermacenter.ch\/index.php?rest_route=\/wp\/v2\/product"}],"about":[{"href":"https:\/\/www.dermacenter.ch\/index.php?rest_route=\/wp\/v2\/types\/product"}],"replies":[{"embeddable":true,"href":"https:\/\/www.dermacenter.ch\/index.php?rest_route=%2Fwp%2Fv2%2Fcomments&post=11211"}],"wp:featuredmedia":[{"embeddable":true,"href":"https:\/\/www.dermacenter.ch\/index.php?rest_route=\/wp\/v2\/media\/9690"}],"wp:attachment":[{"href":"https:\/\/www.dermacenter.ch\/index.php?rest_route=%2Fwp%2Fv2%2Fmedia&parent=11211"}],"curies":[{"name":"wp","href":"https:\/\/api.w.org\/{rel}","templated":true}]}}