{"id":10226,"date":"2020-04-03T14:22:16","date_gmt":"2020-04-03T12:22:16","guid":{"rendered":"http:\/\/derm.dermacenter.ch\/produkt\/import-placeholder-for-3881\/"},"modified":"2021-09-22T12:25:20","modified_gmt":"2021-09-22T10:25:20","slug":"avene-cleanance-hydra-creme-40-ml","status":"publish","type":"product","link":"https:\/\/www.dermacenter.ch\/?product=avene-cleanance-hydra-creme-40-ml","title":{"rendered":"Av\u00e8ne  Cleanance HYDRA Creme 40 ml"},"content":{"rendered":"<p>Die Cleanance HYDRA Beruhigende Hautcreme ist geschmeidig, nicht fettend und l\u00e4sst sich leicht verteilen. Sie zieht rasch ein, stellt den Hautkomfort wieder her und erleichtert die Durchf\u00fchrung reizender, austrocknender medikament\u00f6ser Behandlungen.<\/p>\n","protected":false},"excerpt":{"rendered":"<p>Beruhigende, feuchtigkeitsspendende, n\u00e4hrende Hautpflege speziell f\u00fcr durch medikament\u00f6se Anti-Akne-Behandlungen ausgetrocknete, gereizte Haut.<\/p>\n","protected":false},"featured_media":9916,"comment_status":"open","ping_status":"closed","template":"","meta":[],"yoast_head":"<!-- This site is optimized with the Yoast SEO plugin v15.5 - https:\/\/yoast.com\/wordpress\/plugins\/seo\/ -->\n<title>Av\u00e8ne Cleanance HYDRA Creme 40 ml - Dermacenter AG<\/title>\n<meta name=\"robots\" content=\"index, follow, max-snippet:-1, max-image-preview:large, max-video-preview:-1\" \/>\n<link rel=\"canonical\" href=\"https:\/\/www.dermacenter.ch\/?product=avene-cleanance-hydra-creme-40-ml\" \/>\n<meta property=\"og:locale\" content=\"de_DE\" \/>\n<meta property=\"og:type\" content=\"article\" \/>\n<meta property=\"og:title\" content=\"Av\u00e8ne Cleanance HYDRA Creme 40 ml - Dermacenter AG\" \/>\n<meta property=\"og:description\" content=\"Beruhigende, feuchtigkeitsspendende, n\u00e4hrende Hautpflege speziell f\u00fcr durch medikament\u00f6se Anti-Akne-Behandlungen ausgetrocknete, gereizte Haut.\" \/>\n<meta property=\"og:url\" content=\"https:\/\/www.dermacenter.ch\/?product=avene-cleanance-hydra-creme-40-ml\" \/>\n<meta property=\"og:site_name\" content=\"Dermacenter AG\" \/>\n<meta property=\"article:modified_time\" content=\"2021-09-22T10:25:20+00:00\" \/>\n<meta property=\"og:image\" content=\"https:\/\/www.dermacenter.ch\/wp-content\/uploads\/2020\/04\/CleananceHYDRA_Feuchtigkeitspflege_D_40ml.jpg\" \/>\n\t<meta property=\"og:image:width\" content=\"500\" \/>\n\t<meta property=\"og:image:height\" content=\"500\" \/>\n<meta name=\"twitter:card\" content=\"summary_large_image\" \/>\n<meta name=\"twitter:label1\" content=\"Gesch\u00e4tzte Lesezeit\">\n\t<meta name=\"twitter:data1\" content=\"0\u00a0Minuten\">\n<script type=\"application\/ld+json\" class=\"yoast-schema-graph\">{\"@context\":\"https:\/\/schema.org\",\"@graph\":[{\"@type\":\"WebSite\",\"@id\":\"https:\/\/www.dermacenter.ch\/#website\",\"url\":\"https:\/\/www.dermacenter.ch\/\",\"name\":\"Dermacenter AG\",\"description\":\"\",\"potentialAction\":[{\"@type\":\"SearchAction\",\"target\":\"https:\/\/www.dermacenter.ch\/?s={search_term_string}\",\"query-input\":\"required name=search_term_string\"}],\"inLanguage\":\"de\"},{\"@type\":\"ImageObject\",\"@id\":\"https:\/\/www.dermacenter.ch\/?product=avene-cleanance-hydra-creme-40-ml#primaryimage\",\"inLanguage\":\"de\",\"url\":\"https:\/\/www.dermacenter.ch\/wp-content\/uploads\/2020\/04\/CleananceHYDRA_Feuchtigkeitspflege_D_40ml.jpg\",\"width\":500,\"height\":500},{\"@type\":\"WebPage\",\"@id\":\"https:\/\/www.dermacenter.ch\/?product=avene-cleanance-hydra-creme-40-ml#webpage\",\"url\":\"https:\/\/www.dermacenter.ch\/?product=avene-cleanance-hydra-creme-40-ml\",\"name\":\"Av\\u00e8ne Cleanance HYDRA Creme 40 ml - Dermacenter AG\",\"isPartOf\":{\"@id\":\"https:\/\/www.dermacenter.ch\/#website\"},\"primaryImageOfPage\":{\"@id\":\"https:\/\/www.dermacenter.ch\/?product=avene-cleanance-hydra-creme-40-ml#primaryimage\"},\"datePublished\":\"2020-04-03T12:22:16+00:00\",\"dateModified\":\"2021-09-22T10:25:20+00:00\",\"inLanguage\":\"de\",\"potentialAction\":[{\"@type\":\"ReadAction\",\"target\":[\"https:\/\/www.dermacenter.ch\/?product=avene-cleanance-hydra-creme-40-ml\"]}]}]}<\/script>\n<!-- \/ Yoast SEO plugin. -->","_links":{"self":[{"href":"https:\/\/www.dermacenter.ch\/index.php?rest_route=\/wp\/v2\/product\/10226"}],"collection":[{"href":"https:\/\/www.dermacenter.ch\/index.php?rest_route=\/wp\/v2\/product"}],"about":[{"href":"https:\/\/www.dermacenter.ch\/index.php?rest_route=\/wp\/v2\/types\/product"}],"replies":[{"embeddable":true,"href":"https:\/\/www.dermacenter.ch\/index.php?rest_route=%2Fwp%2Fv2%2Fcomments&post=10226"}],"wp:featuredmedia":[{"embeddable":true,"href":"https:\/\/www.dermacenter.ch\/index.php?rest_route=\/wp\/v2\/media\/9916"}],"wp:attachment":[{"href":"https:\/\/www.dermacenter.ch\/index.php?rest_route=%2Fwp%2Fv2%2Fmedia&parent=10226"}],"curies":[{"name":"wp","href":"https:\/\/api.w.org\/{rel}","templated":true}]}}