{"id":10223,"date":"2020-04-03T14:22:10","date_gmt":"2020-04-03T12:22:10","guid":{"rendered":"http:\/\/derm.dermacenter.ch\/produkt\/import-placeholder-for-463\/"},"modified":"2022-02-21T16:40:18","modified_gmt":"2022-02-21T15:40:18","slug":"avene-cold-cream-40-ml","status":"publish","type":"product","link":"https:\/\/www.dermacenter.ch\/?product=avene-cold-cream-40-ml","title":{"rendered":"Av\u00e8ne  Cold Cream 40 ml"},"content":{"rendered":"<p>Schutz- und Aufbaucreme f\u00fcr trockene bis sehr trockene Haut. Vereint die intensiv pflegenden Eigenschaften des Bienenwachses mit den hautberuhigenden und reizlindernden Eigenschaften des Av\u00e8ne Thermalwassers. Lindert Spannungsgef\u00fchl, Juckreiz und R\u00f6tungen. Extrem reichhaltig und geschmeidig verleiht die Cold Cream von Av\u00e8ne der Haut ein angenehm gepflegtes Gef\u00fchl. Geeignet f\u00fcr die ganze Familie.<\/p>\n","protected":false},"excerpt":{"rendered":"<p>Pflege f\u00fcr sehr trockene und empfindliche Haut<\/p>\n","protected":false},"featured_media":9913,"comment_status":"open","ping_status":"closed","template":"","meta":[],"yoast_head":"<!-- This site is optimized with the Yoast SEO plugin v15.5 - https:\/\/yoast.com\/wordpress\/plugins\/seo\/ -->\n<title>Av\u00e8ne Cold Cream 40 ml - Dermacenter AG<\/title>\n<meta name=\"robots\" content=\"index, follow, max-snippet:-1, max-image-preview:large, max-video-preview:-1\" \/>\n<link rel=\"canonical\" href=\"https:\/\/www.dermacenter.ch\/?product=avene-cold-cream-40-ml\" \/>\n<meta property=\"og:locale\" content=\"de_DE\" \/>\n<meta property=\"og:type\" content=\"article\" \/>\n<meta property=\"og:title\" content=\"Av\u00e8ne Cold Cream 40 ml - Dermacenter AG\" \/>\n<meta property=\"og:description\" content=\"Pflege f\u00fcr sehr trockene und empfindliche Haut\" \/>\n<meta property=\"og:url\" content=\"https:\/\/www.dermacenter.ch\/?product=avene-cold-cream-40-ml\" \/>\n<meta property=\"og:site_name\" content=\"Dermacenter AG\" \/>\n<meta property=\"article:modified_time\" content=\"2022-02-21T15:40:18+00:00\" \/>\n<meta property=\"og:image\" content=\"https:\/\/www.dermacenter.ch\/wp-content\/uploads\/2020\/04\/cold_cream_creme.jpg\" \/>\n\t<meta property=\"og:image:width\" content=\"500\" \/>\n\t<meta property=\"og:image:height\" content=\"500\" \/>\n<meta name=\"twitter:card\" content=\"summary_large_image\" \/>\n<meta name=\"twitter:label1\" content=\"Gesch\u00e4tzte Lesezeit\">\n\t<meta name=\"twitter:data1\" content=\"0\u00a0Minuten\">\n<script type=\"application\/ld+json\" class=\"yoast-schema-graph\">{\"@context\":\"https:\/\/schema.org\",\"@graph\":[{\"@type\":\"WebSite\",\"@id\":\"https:\/\/www.dermacenter.ch\/#website\",\"url\":\"https:\/\/www.dermacenter.ch\/\",\"name\":\"Dermacenter AG\",\"description\":\"\",\"potentialAction\":[{\"@type\":\"SearchAction\",\"target\":\"https:\/\/www.dermacenter.ch\/?s={search_term_string}\",\"query-input\":\"required name=search_term_string\"}],\"inLanguage\":\"de\"},{\"@type\":\"ImageObject\",\"@id\":\"https:\/\/www.dermacenter.ch\/?product=avene-cold-cream-40-ml#primaryimage\",\"inLanguage\":\"de\",\"url\":\"https:\/\/www.dermacenter.ch\/wp-content\/uploads\/2020\/04\/cold_cream_creme.jpg\",\"width\":500,\"height\":500},{\"@type\":\"WebPage\",\"@id\":\"https:\/\/www.dermacenter.ch\/?product=avene-cold-cream-40-ml#webpage\",\"url\":\"https:\/\/www.dermacenter.ch\/?product=avene-cold-cream-40-ml\",\"name\":\"Av\\u00e8ne Cold Cream 40 ml - Dermacenter AG\",\"isPartOf\":{\"@id\":\"https:\/\/www.dermacenter.ch\/#website\"},\"primaryImageOfPage\":{\"@id\":\"https:\/\/www.dermacenter.ch\/?product=avene-cold-cream-40-ml#primaryimage\"},\"datePublished\":\"2020-04-03T12:22:10+00:00\",\"dateModified\":\"2022-02-21T15:40:18+00:00\",\"inLanguage\":\"de\",\"potentialAction\":[{\"@type\":\"ReadAction\",\"target\":[\"https:\/\/www.dermacenter.ch\/?product=avene-cold-cream-40-ml\"]}]}]}<\/script>\n<!-- \/ Yoast SEO plugin. -->","_links":{"self":[{"href":"https:\/\/www.dermacenter.ch\/index.php?rest_route=\/wp\/v2\/product\/10223"}],"collection":[{"href":"https:\/\/www.dermacenter.ch\/index.php?rest_route=\/wp\/v2\/product"}],"about":[{"href":"https:\/\/www.dermacenter.ch\/index.php?rest_route=\/wp\/v2\/types\/product"}],"replies":[{"embeddable":true,"href":"https:\/\/www.dermacenter.ch\/index.php?rest_route=%2Fwp%2Fv2%2Fcomments&post=10223"}],"wp:featuredmedia":[{"embeddable":true,"href":"https:\/\/www.dermacenter.ch\/index.php?rest_route=\/wp\/v2\/media\/9913"}],"wp:attachment":[{"href":"https:\/\/www.dermacenter.ch\/index.php?rest_route=%2Fwp%2Fv2%2Fmedia&parent=10223"}],"curies":[{"name":"wp","href":"https:\/\/api.w.org\/{rel}","templated":true}]}}