{"id":10221,"date":"2020-04-03T14:22:10","date_gmt":"2020-04-03T12:22:10","guid":{"rendered":"http:\/\/derm.dermacenter.ch\/produkt\/import-placeholder-for-2225\/"},"modified":"2025-03-18T10:59:52","modified_gmt":"2025-03-18T09:59:52","slug":"avene-couvrance-korrekturstick-gruen-3-g","status":"publish","type":"product","link":"https:\/\/www.dermacenter.ch\/?product=avene-couvrance-korrekturstick-gruen-3-g","title":{"rendered":"Av\u00e8ne  Couvrance Korrekturstick gr\u00fcn 3 g"},"content":{"rendered":"<p>Der Couvrance-Korrekturstick gr\u00fcn gleicht r\u00f6tliche Unregelm\u00e4ssigkeiten aus. Er hilft bei Couperose oder Hautausschl\u00e4gen, aber auch bei sichtbaren \u00c4derchen, postoperativen R\u00f6tungen, Akne und frischen Narben.<\/p>\n<p>&#8211; Ohne Konservierungsstoffe &#8211; \u00d6lfrei &#8211; Wasser- und schweissbest\u00e4ndig &#8211; Mit UV-Schutz SPF 20 &#8211; Pigmentanteil 35%<\/p>\n","protected":false},"excerpt":{"rendered":"<p>Bei roten Hautunregelm\u00e4ssigkeiten, sichtbaren \u00c4derchen, Couperose und Akne<\/p>\n","protected":false},"featured_media":9882,"comment_status":"open","ping_status":"closed","template":"","meta":[],"yoast_head":"<!-- This site is optimized with the Yoast SEO plugin v15.5 - https:\/\/yoast.com\/wordpress\/plugins\/seo\/ -->\n<title>Av\u00e8ne Couvrance Korrekturstick gr\u00fcn 3 g - Dermacenter AG<\/title>\n<meta name=\"robots\" content=\"index, follow, max-snippet:-1, max-image-preview:large, max-video-preview:-1\" \/>\n<link rel=\"canonical\" href=\"https:\/\/www.dermacenter.ch\/?product=avene-couvrance-korrekturstick-gruen-3-g\" \/>\n<meta property=\"og:locale\" content=\"de_DE\" \/>\n<meta property=\"og:type\" content=\"article\" \/>\n<meta property=\"og:title\" content=\"Av\u00e8ne Couvrance Korrekturstick gr\u00fcn 3 g - Dermacenter AG\" \/>\n<meta property=\"og:description\" content=\"Bei roten Hautunregelm\u00e4ssigkeiten, sichtbaren \u00c4derchen, Couperose und Akne\" \/>\n<meta property=\"og:url\" content=\"https:\/\/www.dermacenter.ch\/?product=avene-couvrance-korrekturstick-gruen-3-g\" \/>\n<meta property=\"og:site_name\" content=\"Dermacenter AG\" \/>\n<meta property=\"article:modified_time\" content=\"2025-03-18T09:59:52+00:00\" \/>\n<meta property=\"og:image\" content=\"https:\/\/www.dermacenter.ch\/wp-content\/uploads\/2020\/04\/couvrance_korrekturstick_gruen.jpg\" \/>\n\t<meta property=\"og:image:width\" content=\"500\" \/>\n\t<meta property=\"og:image:height\" content=\"500\" \/>\n<meta name=\"twitter:card\" content=\"summary_large_image\" \/>\n<meta name=\"twitter:label1\" content=\"Gesch\u00e4tzte Lesezeit\">\n\t<meta name=\"twitter:data1\" content=\"0\u00a0Minuten\">\n<script type=\"application\/ld+json\" class=\"yoast-schema-graph\">{\"@context\":\"https:\/\/schema.org\",\"@graph\":[{\"@type\":\"WebSite\",\"@id\":\"https:\/\/www.dermacenter.ch\/#website\",\"url\":\"https:\/\/www.dermacenter.ch\/\",\"name\":\"Dermacenter AG\",\"description\":\"\",\"potentialAction\":[{\"@type\":\"SearchAction\",\"target\":\"https:\/\/www.dermacenter.ch\/?s={search_term_string}\",\"query-input\":\"required name=search_term_string\"}],\"inLanguage\":\"de\"},{\"@type\":\"ImageObject\",\"@id\":\"https:\/\/www.dermacenter.ch\/?product=avene-couvrance-korrekturstick-gruen-3-g#primaryimage\",\"inLanguage\":\"de\",\"url\":\"https:\/\/www.dermacenter.ch\/wp-content\/uploads\/2020\/04\/couvrance_korrekturstick_gruen.jpg\",\"width\":500,\"height\":500},{\"@type\":\"WebPage\",\"@id\":\"https:\/\/www.dermacenter.ch\/?product=avene-couvrance-korrekturstick-gruen-3-g#webpage\",\"url\":\"https:\/\/www.dermacenter.ch\/?product=avene-couvrance-korrekturstick-gruen-3-g\",\"name\":\"Av\\u00e8ne Couvrance Korrekturstick gr\\u00fcn 3 g - Dermacenter AG\",\"isPartOf\":{\"@id\":\"https:\/\/www.dermacenter.ch\/#website\"},\"primaryImageOfPage\":{\"@id\":\"https:\/\/www.dermacenter.ch\/?product=avene-couvrance-korrekturstick-gruen-3-g#primaryimage\"},\"datePublished\":\"2020-04-03T12:22:10+00:00\",\"dateModified\":\"2025-03-18T09:59:52+00:00\",\"inLanguage\":\"de\",\"potentialAction\":[{\"@type\":\"ReadAction\",\"target\":[\"https:\/\/www.dermacenter.ch\/?product=avene-couvrance-korrekturstick-gruen-3-g\"]}]}]}<\/script>\n<!-- \/ Yoast SEO plugin. -->","_links":{"self":[{"href":"https:\/\/www.dermacenter.ch\/index.php?rest_route=\/wp\/v2\/product\/10221"}],"collection":[{"href":"https:\/\/www.dermacenter.ch\/index.php?rest_route=\/wp\/v2\/product"}],"about":[{"href":"https:\/\/www.dermacenter.ch\/index.php?rest_route=\/wp\/v2\/types\/product"}],"replies":[{"embeddable":true,"href":"https:\/\/www.dermacenter.ch\/index.php?rest_route=%2Fwp%2Fv2%2Fcomments&post=10221"}],"wp:featuredmedia":[{"embeddable":true,"href":"https:\/\/www.dermacenter.ch\/index.php?rest_route=\/wp\/v2\/media\/9882"}],"wp:attachment":[{"href":"https:\/\/www.dermacenter.ch\/index.php?rest_route=%2Fwp%2Fv2%2Fmedia&parent=10221"}],"curies":[{"name":"wp","href":"https:\/\/api.w.org\/{rel}","templated":true}]}}