{"id":10215,"date":"2020-04-03T14:22:09","date_gmt":"2020-04-03T12:22:09","guid":{"rendered":"http:\/\/derm.dermacenter.ch\/produkt\/import-placeholder-for-2292\/"},"modified":"2021-06-21T10:01:32","modified_gmt":"2021-06-21T08:01:32","slug":"avene-hydrance-optimale-uv-riche-spf-20","status":"publish","type":"product","link":"https:\/\/www.dermacenter.ch\/?product=avene-hydrance-optimale-uv-riche-spf-20","title":{"rendered":"Av\u00e8ne  Hydrance Optimale UV riche  SPF 30"},"content":{"rendered":"<p>Alle Vorz\u00fcge von Hydrance Optimale: in reichhaltiger Konsistenz speziell f\u00fcr trockene Haut &#8211; und erg\u00e4nzt um Sonnenschutz mittlerer St\u00e4rke. Lang anhaltende Pflege f\u00fcr trockene Haut und dank LSF 20 Schutz vor vorzeitiger Hautalterung.<\/p>\n<p>&#8211; Pro-Tocopherol (Vitamin E)\u00a0zum Schutz des Gewebes und freien Radikalen<\/p>\n<p>&#8211; Biocymentin\u00ae (Lipidtrio) f\u00fcr besseren Zusammenhalt und gegen Feuchtigkeitsverlust<\/p>\n<p>&#8211; Lipomucin\u00ae +\u00a0Meiboserin\u00ae = Maximale Hydratation + Maximale Hautberuhigung<\/p>\n<p>&#8211; Optimierte Hautdiffusion, Verteilung, Aufl\u00f6sung und Freigabe des Av\u00e8ne Thermalwassers<\/p>\n<p>&#8211; Stabiler Langzeit-Lipidschutzfilm<\/p>\n<p>&#8211; Mit Matt-Effekt<\/p>\n<p>&#8211; Ohne Parabene<\/p>\n<p>&#8211; Leichte O\/W-Emulsion<\/p>\n<p>&#8211; Lipidgehalt 10 %<\/p>\n","protected":false},"excerpt":{"rendered":"<p>Langanhaltende und intensive Feuchtigkeitspflege mit Lichtschutzfaktor 20<\/p>\n","protected":false},"featured_media":12158,"comment_status":"open","ping_status":"closed","template":"","meta":[],"yoast_head":"<!-- This site is optimized with the Yoast SEO plugin v15.5 - https:\/\/yoast.com\/wordpress\/plugins\/seo\/ -->\n<title>Av\u00e8ne Hydrance Optimale UV riche SPF 30 - Dermacenter AG<\/title>\n<meta name=\"robots\" content=\"index, follow, max-snippet:-1, max-image-preview:large, max-video-preview:-1\" \/>\n<link rel=\"canonical\" href=\"https:\/\/www.dermacenter.ch\/?product=avene-hydrance-optimale-uv-riche-spf-20\" \/>\n<meta property=\"og:locale\" content=\"de_DE\" \/>\n<meta property=\"og:type\" content=\"article\" \/>\n<meta property=\"og:title\" content=\"Av\u00e8ne Hydrance Optimale UV riche SPF 30 - Dermacenter AG\" \/>\n<meta property=\"og:description\" content=\"Langanhaltende und intensive Feuchtigkeitspflege mit Lichtschutzfaktor 20\" \/>\n<meta property=\"og:url\" content=\"https:\/\/www.dermacenter.ch\/?product=avene-hydrance-optimale-uv-riche-spf-20\" \/>\n<meta property=\"og:site_name\" content=\"Dermacenter AG\" \/>\n<meta property=\"article:modified_time\" content=\"2021-06-21T08:01:32+00:00\" \/>\n<meta property=\"og:image\" content=\"https:\/\/www.dermacenter.ch\/wp-content\/uploads\/2020\/04\/Hydrance-Creme-SPF30.jpg\" \/>\n\t<meta property=\"og:image:width\" content=\"500\" \/>\n\t<meta property=\"og:image:height\" content=\"500\" \/>\n<meta name=\"twitter:card\" content=\"summary_large_image\" \/>\n<meta name=\"twitter:label1\" content=\"Gesch\u00e4tzte Lesezeit\">\n\t<meta name=\"twitter:data1\" content=\"0\u00a0Minuten\">\n<script type=\"application\/ld+json\" class=\"yoast-schema-graph\">{\"@context\":\"https:\/\/schema.org\",\"@graph\":[{\"@type\":\"WebSite\",\"@id\":\"https:\/\/www.dermacenter.ch\/#website\",\"url\":\"https:\/\/www.dermacenter.ch\/\",\"name\":\"Dermacenter AG\",\"description\":\"\",\"potentialAction\":[{\"@type\":\"SearchAction\",\"target\":\"https:\/\/www.dermacenter.ch\/?s={search_term_string}\",\"query-input\":\"required name=search_term_string\"}],\"inLanguage\":\"de\"},{\"@type\":\"ImageObject\",\"@id\":\"https:\/\/www.dermacenter.ch\/?product=avene-hydrance-optimale-uv-riche-spf-20#primaryimage\",\"inLanguage\":\"de\",\"url\":\"https:\/\/www.dermacenter.ch\/wp-content\/uploads\/2020\/04\/Hydrance-Creme-SPF30.jpg\",\"width\":500,\"height\":500},{\"@type\":\"WebPage\",\"@id\":\"https:\/\/www.dermacenter.ch\/?product=avene-hydrance-optimale-uv-riche-spf-20#webpage\",\"url\":\"https:\/\/www.dermacenter.ch\/?product=avene-hydrance-optimale-uv-riche-spf-20\",\"name\":\"Av\\u00e8ne Hydrance Optimale UV riche SPF 30 - Dermacenter AG\",\"isPartOf\":{\"@id\":\"https:\/\/www.dermacenter.ch\/#website\"},\"primaryImageOfPage\":{\"@id\":\"https:\/\/www.dermacenter.ch\/?product=avene-hydrance-optimale-uv-riche-spf-20#primaryimage\"},\"datePublished\":\"2020-04-03T12:22:09+00:00\",\"dateModified\":\"2021-06-21T08:01:32+00:00\",\"inLanguage\":\"de\",\"potentialAction\":[{\"@type\":\"ReadAction\",\"target\":[\"https:\/\/www.dermacenter.ch\/?product=avene-hydrance-optimale-uv-riche-spf-20\"]}]}]}<\/script>\n<!-- \/ Yoast SEO plugin. -->","_links":{"self":[{"href":"https:\/\/www.dermacenter.ch\/index.php?rest_route=\/wp\/v2\/product\/10215"}],"collection":[{"href":"https:\/\/www.dermacenter.ch\/index.php?rest_route=\/wp\/v2\/product"}],"about":[{"href":"https:\/\/www.dermacenter.ch\/index.php?rest_route=\/wp\/v2\/types\/product"}],"replies":[{"embeddable":true,"href":"https:\/\/www.dermacenter.ch\/index.php?rest_route=%2Fwp%2Fv2%2Fcomments&post=10215"}],"wp:featuredmedia":[{"embeddable":true,"href":"https:\/\/www.dermacenter.ch\/index.php?rest_route=\/wp\/v2\/media\/12158"}],"wp:attachment":[{"href":"https:\/\/www.dermacenter.ch\/index.php?rest_route=%2Fwp%2Fv2%2Fmedia&parent=10215"}],"curies":[{"name":"wp","href":"https:\/\/api.w.org\/{rel}","templated":true}]}}