{"id":10212,"date":"2020-04-03T14:22:09","date_gmt":"2020-04-03T12:22:09","guid":{"rendered":"http:\/\/derm.dermacenter.ch\/produkt\/import-placeholder-for-3872\/"},"modified":"2020-04-03T14:22:13","modified_gmt":"2020-04-03T12:22:13","slug":"avene-men-rasierschaum-200-ml","status":"publish","type":"product","link":"https:\/\/www.dermacenter.ch\/?product=avene-men-rasierschaum-200-ml","title":{"rendered":"Av\u00e8ne  MEN Rasierschaum 200 ml"},"content":{"rendered":"<p>Reinigend: Die Haut wird gekl\u00e4rt und das Risiko einer bakteriellen Infektion durch Mikroschnitte verringert. Feuchtigkeitsspendend: Glyzerin macht die Haut weich und geschmeidig. Hautberuhigend: Das hautberuhigende und reizlindernde Av\u00e8ne Thermalwasser verleiht ein angenehmes Hautgef\u00fchl. Ohne Alkohol, ohne Parabene.<\/p>\n","protected":false},"excerpt":{"rendered":"<p>Dieser leichte und cremige Schaum l\u00e4sst die Klinge sanft \u00fcber die Haut gleiten und sorgt f\u00fcr eine angenehme Rasur.<\/p>\n","protected":false},"featured_media":9873,"comment_status":"open","ping_status":"closed","template":"","meta":[],"yoast_head":"<!-- This site is optimized with the Yoast SEO plugin v15.5 - https:\/\/yoast.com\/wordpress\/plugins\/seo\/ -->\n<title>Av\u00e8ne MEN Rasierschaum 200 ml - Dermacenter AG<\/title>\n<meta name=\"robots\" content=\"index, follow, max-snippet:-1, max-image-preview:large, max-video-preview:-1\" \/>\n<link rel=\"canonical\" href=\"https:\/\/www.dermacenter.ch\/?product=avene-men-rasierschaum-200-ml\" \/>\n<meta property=\"og:locale\" content=\"de_DE\" \/>\n<meta property=\"og:type\" content=\"article\" \/>\n<meta property=\"og:title\" content=\"Av\u00e8ne MEN Rasierschaum 200 ml - Dermacenter AG\" \/>\n<meta property=\"og:description\" content=\"Dieser leichte und cremige Schaum l\u00e4sst die Klinge sanft \u00fcber die Haut gleiten und sorgt f\u00fcr eine angenehme Rasur.\" \/>\n<meta property=\"og:url\" content=\"https:\/\/www.dermacenter.ch\/?product=avene-men-rasierschaum-200-ml\" \/>\n<meta property=\"og:site_name\" content=\"Dermacenter AG\" \/>\n<meta property=\"article:modified_time\" content=\"2020-04-03T12:22:13+00:00\" \/>\n<meta property=\"og:image\" content=\"https:\/\/www.dermacenter.ch\/wp-content\/uploads\/2020\/04\/15-Q-mousseHOMME-311651cont.jpg\" \/>\n\t<meta property=\"og:image:width\" content=\"500\" \/>\n\t<meta property=\"og:image:height\" content=\"500\" \/>\n<meta name=\"twitter:card\" content=\"summary_large_image\" \/>\n<meta name=\"twitter:label1\" content=\"Gesch\u00e4tzte Lesezeit\">\n\t<meta name=\"twitter:data1\" content=\"0\u00a0Minuten\">\n<script type=\"application\/ld+json\" class=\"yoast-schema-graph\">{\"@context\":\"https:\/\/schema.org\",\"@graph\":[{\"@type\":\"WebSite\",\"@id\":\"https:\/\/www.dermacenter.ch\/#website\",\"url\":\"https:\/\/www.dermacenter.ch\/\",\"name\":\"Dermacenter AG\",\"description\":\"\",\"potentialAction\":[{\"@type\":\"SearchAction\",\"target\":\"https:\/\/www.dermacenter.ch\/?s={search_term_string}\",\"query-input\":\"required name=search_term_string\"}],\"inLanguage\":\"de\"},{\"@type\":\"ImageObject\",\"@id\":\"https:\/\/www.dermacenter.ch\/?product=avene-men-rasierschaum-200-ml#primaryimage\",\"inLanguage\":\"de\",\"url\":\"https:\/\/www.dermacenter.ch\/wp-content\/uploads\/2020\/04\/15-Q-mousseHOMME-311651cont.jpg\",\"width\":500,\"height\":500},{\"@type\":\"WebPage\",\"@id\":\"https:\/\/www.dermacenter.ch\/?product=avene-men-rasierschaum-200-ml#webpage\",\"url\":\"https:\/\/www.dermacenter.ch\/?product=avene-men-rasierschaum-200-ml\",\"name\":\"Av\\u00e8ne MEN Rasierschaum 200 ml - Dermacenter AG\",\"isPartOf\":{\"@id\":\"https:\/\/www.dermacenter.ch\/#website\"},\"primaryImageOfPage\":{\"@id\":\"https:\/\/www.dermacenter.ch\/?product=avene-men-rasierschaum-200-ml#primaryimage\"},\"datePublished\":\"2020-04-03T12:22:09+00:00\",\"dateModified\":\"2020-04-03T12:22:13+00:00\",\"inLanguage\":\"de\",\"potentialAction\":[{\"@type\":\"ReadAction\",\"target\":[\"https:\/\/www.dermacenter.ch\/?product=avene-men-rasierschaum-200-ml\"]}]}]}<\/script>\n<!-- \/ Yoast SEO plugin. -->","_links":{"self":[{"href":"https:\/\/www.dermacenter.ch\/index.php?rest_route=\/wp\/v2\/product\/10212"}],"collection":[{"href":"https:\/\/www.dermacenter.ch\/index.php?rest_route=\/wp\/v2\/product"}],"about":[{"href":"https:\/\/www.dermacenter.ch\/index.php?rest_route=\/wp\/v2\/types\/product"}],"replies":[{"embeddable":true,"href":"https:\/\/www.dermacenter.ch\/index.php?rest_route=%2Fwp%2Fv2%2Fcomments&post=10212"}],"wp:featuredmedia":[{"embeddable":true,"href":"https:\/\/www.dermacenter.ch\/index.php?rest_route=\/wp\/v2\/media\/9873"}],"wp:attachment":[{"href":"https:\/\/www.dermacenter.ch\/index.php?rest_route=%2Fwp%2Fv2%2Fmedia&parent=10212"}],"curies":[{"name":"wp","href":"https:\/\/api.w.org\/{rel}","templated":true}]}}