{"id":10209,"date":"2020-04-03T14:22:09","date_gmt":"2020-04-03T12:22:09","guid":{"rendered":"http:\/\/derm.dermacenter.ch\/produkt\/import-placeholder-for-2238\/"},"modified":"2022-11-10T15:36:41","modified_gmt":"2022-11-10T14:36:41","slug":"avene-tolerance-extreme-creme-50-ml","status":"publish","type":"product","link":"https:\/\/www.dermacenter.ch\/?product=avene-tolerance-extreme-creme-50-ml","title":{"rendered":"Av\u00e8ne Tol\u00e9rance Control Creme 40 ml"},"content":{"rendered":"<p>Dank des neuen, patentierten Dosierungssystems bleibt die Creme \u00fcber die gesamte Verwendungsdauer steril und mikro-biologisch rein. F\u00fcr eine optimale Feuchtigkeitsversorgung, gegen Irritationen.<\/p>\n<ul>\n<li>Sterile Herstellung und Abf\u00fcllung<\/li>\n<li>Reduziert Hautreaktionen<\/li>\n<li>Lindert Irritationen<\/li>\n<li>Minimale Anzahl ausgew\u00e4hlter und steriler Inhaltsstoffe<\/li>\n<li>Ohne Konservierungsstoffe, konservierende Substanzen od. Biozide<\/li>\n<li>Ohne Duft- und Farbstoffe<\/li>\n<li>Ohne Emulgatoren\/Tenside<\/li>\n<li>pH-Wert 6<\/li>\n<li>Quasi-Emulsion<\/li>\n<li>Lipidgehalt 30%<\/li>\n<\/ul>\n","protected":false},"excerpt":{"rendered":"<p>Beruhigende, reizlindernde Pflege f\u00fcr allergische und hypersensible Haut<\/p>\n","protected":false},"featured_media":13241,"comment_status":"open","ping_status":"closed","template":"","meta":[],"yoast_head":"<!-- This site is optimized with the Yoast SEO plugin v15.5 - https:\/\/yoast.com\/wordpress\/plugins\/seo\/ -->\n<title>Av\u00e8ne Tol\u00e9rance Control Creme 40 ml - Dermacenter AG<\/title>\n<meta name=\"robots\" content=\"index, follow, max-snippet:-1, max-image-preview:large, max-video-preview:-1\" \/>\n<link rel=\"canonical\" href=\"https:\/\/www.dermacenter.ch\/?product=avene-tolerance-extreme-creme-50-ml\" \/>\n<meta property=\"og:locale\" content=\"de_DE\" \/>\n<meta property=\"og:type\" content=\"article\" \/>\n<meta property=\"og:title\" content=\"Av\u00e8ne Tol\u00e9rance Control Creme 40 ml - Dermacenter AG\" \/>\n<meta property=\"og:description\" content=\"Beruhigende, reizlindernde Pflege f\u00fcr allergische und hypersensible Haut\" \/>\n<meta property=\"og:url\" content=\"https:\/\/www.dermacenter.ch\/?product=avene-tolerance-extreme-creme-50-ml\" \/>\n<meta property=\"og:site_name\" content=\"Dermacenter AG\" \/>\n<meta property=\"article:modified_time\" content=\"2022-11-10T14:36:41+00:00\" \/>\n<meta property=\"og:image\" content=\"https:\/\/www.dermacenter.ch\/wp-content\/uploads\/2020\/04\/AVENECONTROLCreme.jpg\" \/>\n\t<meta property=\"og:image:width\" content=\"500\" \/>\n\t<meta property=\"og:image:height\" content=\"500\" \/>\n<meta name=\"twitter:card\" content=\"summary_large_image\" \/>\n<meta name=\"twitter:label1\" content=\"Gesch\u00e4tzte Lesezeit\">\n\t<meta name=\"twitter:data1\" content=\"0\u00a0Minuten\">\n<script type=\"application\/ld+json\" class=\"yoast-schema-graph\">{\"@context\":\"https:\/\/schema.org\",\"@graph\":[{\"@type\":\"WebSite\",\"@id\":\"https:\/\/www.dermacenter.ch\/#website\",\"url\":\"https:\/\/www.dermacenter.ch\/\",\"name\":\"Dermacenter AG\",\"description\":\"\",\"potentialAction\":[{\"@type\":\"SearchAction\",\"target\":\"https:\/\/www.dermacenter.ch\/?s={search_term_string}\",\"query-input\":\"required name=search_term_string\"}],\"inLanguage\":\"de\"},{\"@type\":\"ImageObject\",\"@id\":\"https:\/\/www.dermacenter.ch\/?product=avene-tolerance-extreme-creme-50-ml#primaryimage\",\"inLanguage\":\"de\",\"url\":\"https:\/\/www.dermacenter.ch\/wp-content\/uploads\/2020\/04\/AVENECONTROLCreme.jpg\",\"width\":500,\"height\":500},{\"@type\":\"WebPage\",\"@id\":\"https:\/\/www.dermacenter.ch\/?product=avene-tolerance-extreme-creme-50-ml#webpage\",\"url\":\"https:\/\/www.dermacenter.ch\/?product=avene-tolerance-extreme-creme-50-ml\",\"name\":\"Av\\u00e8ne Tol\\u00e9rance Control Creme 40 ml - Dermacenter AG\",\"isPartOf\":{\"@id\":\"https:\/\/www.dermacenter.ch\/#website\"},\"primaryImageOfPage\":{\"@id\":\"https:\/\/www.dermacenter.ch\/?product=avene-tolerance-extreme-creme-50-ml#primaryimage\"},\"datePublished\":\"2020-04-03T12:22:09+00:00\",\"dateModified\":\"2022-11-10T14:36:41+00:00\",\"inLanguage\":\"de\",\"potentialAction\":[{\"@type\":\"ReadAction\",\"target\":[\"https:\/\/www.dermacenter.ch\/?product=avene-tolerance-extreme-creme-50-ml\"]}]}]}<\/script>\n<!-- \/ Yoast SEO plugin. -->","_links":{"self":[{"href":"https:\/\/www.dermacenter.ch\/index.php?rest_route=\/wp\/v2\/product\/10209"}],"collection":[{"href":"https:\/\/www.dermacenter.ch\/index.php?rest_route=\/wp\/v2\/product"}],"about":[{"href":"https:\/\/www.dermacenter.ch\/index.php?rest_route=\/wp\/v2\/types\/product"}],"replies":[{"embeddable":true,"href":"https:\/\/www.dermacenter.ch\/index.php?rest_route=%2Fwp%2Fv2%2Fcomments&post=10209"}],"wp:featuredmedia":[{"embeddable":true,"href":"https:\/\/www.dermacenter.ch\/index.php?rest_route=\/wp\/v2\/media\/13241"}],"wp:attachment":[{"href":"https:\/\/www.dermacenter.ch\/index.php?rest_route=%2Fwp%2Fv2%2Fmedia&parent=10209"}],"curies":[{"name":"wp","href":"https:\/\/api.w.org\/{rel}","templated":true}]}}