{"id":10203,"date":"2020-04-03T14:22:08","date_gmt":"2020-04-03T12:22:08","guid":{"rendered":"http:\/\/derm.dermacenter.ch\/produkt\/import-placeholder-for-726\/"},"modified":"2025-04-03T17:03:25","modified_gmt":"2025-04-03T15:03:25","slug":"collection-rueckencremer-1-stueck","status":"publish","type":"product","link":"https:\/\/www.dermacenter.ch\/?product=collection-rueckencremer-1-stueck","title":{"rendered":"Collection R\u00fcckencremer 1 St\u00fcck"},"content":{"rendered":"<p>Der R\u00fccken-Cremer cremt und massiert zugleich. M\u00fchelos werden alle K\u00f6rperzonen erreicht. Der Deckel des R\u00fccken-Cremers wird aufgeschraubt und das 7-Kammersystem mit dem gew\u00fcnschten Pflegemittel bef\u00fcllt. Die 18 Kugeln massieren die Haut und die K\u00f6rperlotion, Sonnenmilch oder medizinische Cremes werden fein dosiert aufgetragen. Der Stiel ist abnehmbar, so kann der R\u00fccken-Cremer auch leicht an Armen oder Beinen verwendet werden. F\u00fcr unterwegs l\u00e4sst sich der Griff teilen. Sp\u00fclmaschinenfest. Farbe weiss\/mint. VE 1 St\u00fcck.<\/p>\n","protected":false},"excerpt":{"rendered":"<p>Der R\u00fccken-Cremer cremt und massiert zugleich. M\u00fchelos werden alle K\u00f6rperzonen erreicht. Der Deckel des R\u00fccken-Cremers wird aufgeschraubt und das 7-Kammersystem mit dem gew\u00fcnschten Pflegemittel bef\u00fcllt. Die 18 Kugeln massieren die Haut und die K\u00f6rperlotion, Sonnenmilch oder medizinische Cremes werden fein dosiert aufgetragen. Der Stiel ist abnehmbar, so kann der R\u00fccken-Cremer auch leicht an Armen oder [&hellip;]\n","protected":false},"featured_media":9864,"comment_status":"open","ping_status":"closed","template":"","meta":[],"yoast_head":"<!-- This site is optimized with the Yoast SEO plugin v15.5 - https:\/\/yoast.com\/wordpress\/plugins\/seo\/ -->\n<title>Collection R\u00fcckencremer 1 St\u00fcck - Dermacenter AG<\/title>\n<meta name=\"robots\" content=\"index, follow, max-snippet:-1, max-image-preview:large, max-video-preview:-1\" \/>\n<link rel=\"canonical\" href=\"https:\/\/www.dermacenter.ch\/?product=collection-rueckencremer-1-stueck\" \/>\n<meta property=\"og:locale\" content=\"de_DE\" \/>\n<meta property=\"og:type\" content=\"article\" \/>\n<meta property=\"og:title\" content=\"Collection R\u00fcckencremer 1 St\u00fcck - Dermacenter AG\" \/>\n<meta property=\"og:description\" content=\"Der R\u00fccken-Cremer cremt und massiert zugleich. M\u00fchelos werden alle K\u00f6rperzonen erreicht. Der Deckel des R\u00fccken-Cremers wird aufgeschraubt und das 7-Kammersystem mit dem gew\u00fcnschten Pflegemittel bef\u00fcllt. Die 18 Kugeln massieren die Haut und die K\u00f6rperlotion, Sonnenmilch oder medizinische Cremes werden fein dosiert aufgetragen. Der Stiel ist abnehmbar, so kann der R\u00fccken-Cremer auch leicht an Armen oder [&hellip;]\" \/>\n<meta property=\"og:url\" content=\"https:\/\/www.dermacenter.ch\/?product=collection-rueckencremer-1-stueck\" \/>\n<meta property=\"og:site_name\" content=\"Dermacenter AG\" \/>\n<meta property=\"article:modified_time\" content=\"2025-04-03T15:03:25+00:00\" \/>\n<meta property=\"og:image\" content=\"https:\/\/www.dermacenter.ch\/wp-content\/uploads\/2020\/04\/131083_IMG_5980.jpg\" \/>\n\t<meta property=\"og:image:width\" content=\"500\" \/>\n\t<meta property=\"og:image:height\" content=\"500\" \/>\n<meta name=\"twitter:card\" content=\"summary_large_image\" \/>\n<meta name=\"twitter:label1\" content=\"Gesch\u00e4tzte Lesezeit\">\n\t<meta name=\"twitter:data1\" content=\"0\u00a0Minuten\">\n<script type=\"application\/ld+json\" class=\"yoast-schema-graph\">{\"@context\":\"https:\/\/schema.org\",\"@graph\":[{\"@type\":\"WebSite\",\"@id\":\"https:\/\/www.dermacenter.ch\/#website\",\"url\":\"https:\/\/www.dermacenter.ch\/\",\"name\":\"Dermacenter AG\",\"description\":\"\",\"potentialAction\":[{\"@type\":\"SearchAction\",\"target\":\"https:\/\/www.dermacenter.ch\/?s={search_term_string}\",\"query-input\":\"required name=search_term_string\"}],\"inLanguage\":\"de\"},{\"@type\":\"ImageObject\",\"@id\":\"https:\/\/www.dermacenter.ch\/?product=collection-rueckencremer-1-stueck#primaryimage\",\"inLanguage\":\"de\",\"url\":\"https:\/\/www.dermacenter.ch\/wp-content\/uploads\/2020\/04\/131083_IMG_5980.jpg\",\"width\":500,\"height\":500},{\"@type\":\"WebPage\",\"@id\":\"https:\/\/www.dermacenter.ch\/?product=collection-rueckencremer-1-stueck#webpage\",\"url\":\"https:\/\/www.dermacenter.ch\/?product=collection-rueckencremer-1-stueck\",\"name\":\"Collection R\\u00fcckencremer 1 St\\u00fcck - Dermacenter AG\",\"isPartOf\":{\"@id\":\"https:\/\/www.dermacenter.ch\/#website\"},\"primaryImageOfPage\":{\"@id\":\"https:\/\/www.dermacenter.ch\/?product=collection-rueckencremer-1-stueck#primaryimage\"},\"datePublished\":\"2020-04-03T12:22:08+00:00\",\"dateModified\":\"2025-04-03T15:03:25+00:00\",\"inLanguage\":\"de\",\"potentialAction\":[{\"@type\":\"ReadAction\",\"target\":[\"https:\/\/www.dermacenter.ch\/?product=collection-rueckencremer-1-stueck\"]}]}]}<\/script>\n<!-- \/ Yoast SEO plugin. -->","_links":{"self":[{"href":"https:\/\/www.dermacenter.ch\/index.php?rest_route=\/wp\/v2\/product\/10203"}],"collection":[{"href":"https:\/\/www.dermacenter.ch\/index.php?rest_route=\/wp\/v2\/product"}],"about":[{"href":"https:\/\/www.dermacenter.ch\/index.php?rest_route=\/wp\/v2\/types\/product"}],"replies":[{"embeddable":true,"href":"https:\/\/www.dermacenter.ch\/index.php?rest_route=%2Fwp%2Fv2%2Fcomments&post=10203"}],"wp:featuredmedia":[{"embeddable":true,"href":"https:\/\/www.dermacenter.ch\/index.php?rest_route=\/wp\/v2\/media\/9864"}],"wp:attachment":[{"href":"https:\/\/www.dermacenter.ch\/index.php?rest_route=%2Fwp%2Fv2%2Fmedia&parent=10203"}],"curies":[{"name":"wp","href":"https:\/\/api.w.org\/{rel}","templated":true}]}}