{"id":10165,"date":"2020-04-03T14:21:58","date_gmt":"2020-04-03T12:21:58","guid":{"rendered":"http:\/\/derm.dermacenter.ch\/produkt\/import-placeholder-for-2209\/"},"modified":"2025-04-01T13:09:20","modified_gmt":"2025-04-01T11:09:20","slug":"glominerals-brush-duo-brow","status":"publish","type":"product","link":"https:\/\/www.dermacenter.ch\/?product=glominerals-brush-duo-brow","title":{"rendered":"Glo Skin Beauty \u2013 309 Dual Brow\/Liner Brush"},"content":{"rendered":"<p>Ein doppelk\u00f6pfiger Pinsel<\/p>\n<p>Der\u00a0<b>gloBrush dual brow<\/b>\u00a0wurde entwickelt mit festen Borsten f\u00fcr die maximale Kontrolle beim Auff\u00fcllen und Formen der Augenbrauen. Das lange Ende wird f\u00fcr die ganze Braue und das kurze Ende f\u00fcr die Details und zum Verwischen benutzt.<\/p>\n","protected":false},"excerpt":{"rendered":"<p>Ein doppelk\u00f6pfiger Pinsel Der\u00a0gloBrush dual brow\u00a0wurde entwickelt mit festen Borsten f\u00fcr die maximale Kontrolle beim Auff\u00fcllen und Formen der Augenbrauen. Das lange Ende wird f\u00fcr die ganze Braue und das kurze Ende f\u00fcr die Details und zum Verwischen benutzt.<\/p>\n","protected":false},"featured_media":14778,"comment_status":"open","ping_status":"closed","template":"","meta":[],"yoast_head":"<!-- This site is optimized with the Yoast SEO plugin v15.5 - https:\/\/yoast.com\/wordpress\/plugins\/seo\/ -->\n<title>Glo Skin Beauty \u2013 309 Dual Brow\/Liner Brush - Dermacenter AG<\/title>\n<meta name=\"robots\" content=\"index, follow, max-snippet:-1, max-image-preview:large, max-video-preview:-1\" \/>\n<link rel=\"canonical\" href=\"https:\/\/www.dermacenter.ch\/?product=glominerals-brush-duo-brow\" \/>\n<meta property=\"og:locale\" content=\"de_DE\" \/>\n<meta property=\"og:type\" content=\"article\" \/>\n<meta property=\"og:title\" content=\"Glo Skin Beauty \u2013 309 Dual Brow\/Liner Brush - Dermacenter AG\" \/>\n<meta property=\"og:description\" content=\"Ein doppelk\u00f6pfiger Pinsel Der\u00a0gloBrush dual brow\u00a0wurde entwickelt mit festen Borsten f\u00fcr die maximale Kontrolle beim Auff\u00fcllen und Formen der Augenbrauen. Das lange Ende wird f\u00fcr die ganze Braue und das kurze Ende f\u00fcr die Details und zum Verwischen benutzt.\" \/>\n<meta property=\"og:url\" content=\"https:\/\/www.dermacenter.ch\/?product=glominerals-brush-duo-brow\" \/>\n<meta property=\"og:site_name\" content=\"Dermacenter AG\" \/>\n<meta property=\"article:modified_time\" content=\"2025-04-01T11:09:20+00:00\" \/>\n<meta property=\"og:image\" content=\"https:\/\/www.dermacenter.ch\/wp-content\/uploads\/2020\/04\/309_dual_brow_liner_no-shadow.jpg\" \/>\n\t<meta property=\"og:image:width\" content=\"500\" \/>\n\t<meta property=\"og:image:height\" content=\"500\" \/>\n<meta name=\"twitter:card\" content=\"summary_large_image\" \/>\n<meta name=\"twitter:label1\" content=\"Gesch\u00e4tzte Lesezeit\">\n\t<meta name=\"twitter:data1\" content=\"0\u00a0Minuten\">\n<script type=\"application\/ld+json\" class=\"yoast-schema-graph\">{\"@context\":\"https:\/\/schema.org\",\"@graph\":[{\"@type\":\"WebSite\",\"@id\":\"https:\/\/www.dermacenter.ch\/#website\",\"url\":\"https:\/\/www.dermacenter.ch\/\",\"name\":\"Dermacenter AG\",\"description\":\"\",\"potentialAction\":[{\"@type\":\"SearchAction\",\"target\":\"https:\/\/www.dermacenter.ch\/?s={search_term_string}\",\"query-input\":\"required name=search_term_string\"}],\"inLanguage\":\"de\"},{\"@type\":\"ImageObject\",\"@id\":\"https:\/\/www.dermacenter.ch\/?product=glominerals-brush-duo-brow#primaryimage\",\"inLanguage\":\"de\",\"url\":\"https:\/\/www.dermacenter.ch\/wp-content\/uploads\/2020\/04\/309_dual_brow_liner_no-shadow.jpg\",\"width\":500,\"height\":500},{\"@type\":\"WebPage\",\"@id\":\"https:\/\/www.dermacenter.ch\/?product=glominerals-brush-duo-brow#webpage\",\"url\":\"https:\/\/www.dermacenter.ch\/?product=glominerals-brush-duo-brow\",\"name\":\"Glo Skin Beauty \\u2013 309 Dual Brow\/Liner Brush - Dermacenter AG\",\"isPartOf\":{\"@id\":\"https:\/\/www.dermacenter.ch\/#website\"},\"primaryImageOfPage\":{\"@id\":\"https:\/\/www.dermacenter.ch\/?product=glominerals-brush-duo-brow#primaryimage\"},\"datePublished\":\"2020-04-03T12:21:58+00:00\",\"dateModified\":\"2025-04-01T11:09:20+00:00\",\"inLanguage\":\"de\",\"potentialAction\":[{\"@type\":\"ReadAction\",\"target\":[\"https:\/\/www.dermacenter.ch\/?product=glominerals-brush-duo-brow\"]}]}]}<\/script>\n<!-- \/ Yoast SEO plugin. -->","_links":{"self":[{"href":"https:\/\/www.dermacenter.ch\/index.php?rest_route=\/wp\/v2\/product\/10165"}],"collection":[{"href":"https:\/\/www.dermacenter.ch\/index.php?rest_route=\/wp\/v2\/product"}],"about":[{"href":"https:\/\/www.dermacenter.ch\/index.php?rest_route=\/wp\/v2\/types\/product"}],"replies":[{"embeddable":true,"href":"https:\/\/www.dermacenter.ch\/index.php?rest_route=%2Fwp%2Fv2%2Fcomments&post=10165"}],"wp:featuredmedia":[{"embeddable":true,"href":"https:\/\/www.dermacenter.ch\/index.php?rest_route=\/wp\/v2\/media\/14778"}],"wp:attachment":[{"href":"https:\/\/www.dermacenter.ch\/index.php?rest_route=%2Fwp%2Fv2%2Fmedia&parent=10165"}],"curies":[{"name":"wp","href":"https:\/\/api.w.org\/{rel}","templated":true}]}}