{"id":10161,"date":"2020-04-03T14:21:53","date_gmt":"2020-04-03T12:21:53","guid":{"rendered":"http:\/\/derm.dermacenter.ch\/produkt\/import-placeholder-for-2198\/"},"modified":"2025-06-14T15:13:57","modified_gmt":"2025-06-14T13:13:57","slug":"glominerals-brush-powder","status":"publish","type":"product","link":"https:\/\/www.dermacenter.ch\/?product=glominerals-brush-powder","title":{"rendered":"Glo Skin Beauty \u2013 102 Powder Perfecter Brush"},"content":{"rendered":"<p>Profis werden best\u00e4tigen, dass hochwertige Pinsel auch perfekte Ergebnisse erzielen. glominerals bietet Ihnen feinste Naturhaarpinsel versehen mit stabilen und hochwertigen Holzgriffen. Haar um Haar wurde mit gr\u00f6sster Pr\u00e4zision zusammengestellt und erm\u00f6glicht somit eine ideale Kontrolle und Platzierung des Produkts auf der Haut. Alle Pinsel sind waschbar und empfohlen sowohl f\u00fcr die professionelle als auch die pers\u00f6nliche Nutzung.<\/p>\n","protected":false},"excerpt":{"rendered":"<p>Profis werden best\u00e4tigen, dass hochwertige Pinsel auch perfekte Ergebnisse erzielen. glominerals bietet Ihnen feinste Naturhaarpinsel versehen mit stabilen und hochwertigen Holzgriffen. Haar um Haar wurde mit gr\u00f6sster Pr\u00e4zision zusammengestellt und erm\u00f6glicht somit eine ideale Kontrolle und Platzierung des Produkts auf der Haut. Alle Pinsel sind waschbar und empfohlen sowohl f\u00fcr die professionelle als auch die [&hellip;]\n","protected":false},"featured_media":14906,"comment_status":"open","ping_status":"closed","template":"","meta":[],"yoast_head":"<!-- This site is optimized with the Yoast SEO plugin v15.5 - https:\/\/yoast.com\/wordpress\/plugins\/seo\/ -->\n<title>Glo Skin Beauty \u2013 102 Powder Perfecter Brush - Dermacenter AG<\/title>\n<meta name=\"robots\" content=\"index, follow, max-snippet:-1, max-image-preview:large, max-video-preview:-1\" \/>\n<link rel=\"canonical\" href=\"https:\/\/www.dermacenter.ch\/?product=glominerals-brush-powder\" \/>\n<meta property=\"og:locale\" content=\"de_DE\" \/>\n<meta property=\"og:type\" content=\"article\" \/>\n<meta property=\"og:title\" content=\"Glo Skin Beauty \u2013 102 Powder Perfecter Brush - Dermacenter AG\" \/>\n<meta property=\"og:description\" content=\"Profis werden best\u00e4tigen, dass hochwertige Pinsel auch perfekte Ergebnisse erzielen. glominerals bietet Ihnen feinste Naturhaarpinsel versehen mit stabilen und hochwertigen Holzgriffen. Haar um Haar wurde mit gr\u00f6sster Pr\u00e4zision zusammengestellt und erm\u00f6glicht somit eine ideale Kontrolle und Platzierung des Produkts auf der Haut. Alle Pinsel sind waschbar und empfohlen sowohl f\u00fcr die professionelle als auch die [&hellip;]\" \/>\n<meta property=\"og:url\" content=\"https:\/\/www.dermacenter.ch\/?product=glominerals-brush-powder\" \/>\n<meta property=\"og:site_name\" content=\"Dermacenter AG\" \/>\n<meta property=\"article:modified_time\" content=\"2025-06-14T13:13:57+00:00\" \/>\n<meta property=\"og:image\" content=\"https:\/\/www.dermacenter.ch\/wp-content\/uploads\/2020\/04\/102_powder_perfector_no-shadow.jpg\" \/>\n\t<meta property=\"og:image:width\" content=\"500\" \/>\n\t<meta property=\"og:image:height\" content=\"500\" \/>\n<meta name=\"twitter:card\" content=\"summary_large_image\" \/>\n<meta name=\"twitter:label1\" content=\"Gesch\u00e4tzte Lesezeit\">\n\t<meta name=\"twitter:data1\" content=\"0\u00a0Minuten\">\n<script type=\"application\/ld+json\" class=\"yoast-schema-graph\">{\"@context\":\"https:\/\/schema.org\",\"@graph\":[{\"@type\":\"WebSite\",\"@id\":\"https:\/\/www.dermacenter.ch\/#website\",\"url\":\"https:\/\/www.dermacenter.ch\/\",\"name\":\"Dermacenter AG\",\"description\":\"\",\"potentialAction\":[{\"@type\":\"SearchAction\",\"target\":\"https:\/\/www.dermacenter.ch\/?s={search_term_string}\",\"query-input\":\"required name=search_term_string\"}],\"inLanguage\":\"de\"},{\"@type\":\"ImageObject\",\"@id\":\"https:\/\/www.dermacenter.ch\/?product=glominerals-brush-powder#primaryimage\",\"inLanguage\":\"de\",\"url\":\"https:\/\/www.dermacenter.ch\/wp-content\/uploads\/2020\/04\/102_powder_perfector_no-shadow.jpg\",\"width\":500,\"height\":500},{\"@type\":\"WebPage\",\"@id\":\"https:\/\/www.dermacenter.ch\/?product=glominerals-brush-powder#webpage\",\"url\":\"https:\/\/www.dermacenter.ch\/?product=glominerals-brush-powder\",\"name\":\"Glo Skin Beauty \\u2013 102 Powder Perfecter Brush - Dermacenter AG\",\"isPartOf\":{\"@id\":\"https:\/\/www.dermacenter.ch\/#website\"},\"primaryImageOfPage\":{\"@id\":\"https:\/\/www.dermacenter.ch\/?product=glominerals-brush-powder#primaryimage\"},\"datePublished\":\"2020-04-03T12:21:53+00:00\",\"dateModified\":\"2025-06-14T13:13:57+00:00\",\"inLanguage\":\"de\",\"potentialAction\":[{\"@type\":\"ReadAction\",\"target\":[\"https:\/\/www.dermacenter.ch\/?product=glominerals-brush-powder\"]}]}]}<\/script>\n<!-- \/ Yoast SEO plugin. -->","_links":{"self":[{"href":"https:\/\/www.dermacenter.ch\/index.php?rest_route=\/wp\/v2\/product\/10161"}],"collection":[{"href":"https:\/\/www.dermacenter.ch\/index.php?rest_route=\/wp\/v2\/product"}],"about":[{"href":"https:\/\/www.dermacenter.ch\/index.php?rest_route=\/wp\/v2\/types\/product"}],"replies":[{"embeddable":true,"href":"https:\/\/www.dermacenter.ch\/index.php?rest_route=%2Fwp%2Fv2%2Fcomments&post=10161"}],"wp:featuredmedia":[{"embeddable":true,"href":"https:\/\/www.dermacenter.ch\/index.php?rest_route=\/wp\/v2\/media\/14906"}],"wp:attachment":[{"href":"https:\/\/www.dermacenter.ch\/index.php?rest_route=%2Fwp%2Fv2%2Fmedia&parent=10161"}],"curies":[{"name":"wp","href":"https:\/\/api.w.org\/{rel}","templated":true}]}}