{"id":10143,"date":"2020-04-03T14:21:51","date_gmt":"2020-04-03T12:21:51","guid":{"rendered":"http:\/\/derm.dermacenter.ch\/produkt\/import-placeholder-for-2404\/"},"modified":"2025-04-24T13:18:47","modified_gmt":"2025-04-24T11:18:47","slug":"glominerals-perfecting-powder-9-0-g","status":"publish","type":"product","link":"https:\/\/www.dermacenter.ch\/?product=glominerals-perfecting-powder-9-0-g","title":{"rendered":"Glo Skin Beauty \u2013 Perfecting Powder 9.0 g"},"content":{"rendered":"<p>gloPerfecting Powder ist ein neuer, durchsichtiger Puder, der \u00fcberm\u00e4ssiges \u00d6l absorbiert und somit zu einem mattierten Finish verhilft. gloPerfecting powder kann immer benutzt werden, um Glanz zu vermeiden und die Haut w\u00e4hrend der Sommermonate zu kontrollieren.<\/p>\n","protected":false},"excerpt":{"rendered":"<p>gloPerfecting Powder ist ein neuer, durchsichtiger Puder, der \u00fcberm\u00e4ssiges \u00d6l absorbiert und somit zu einem mattierten Finish verhilft. gloPerfecting powder kann immer benutzt werden, um Glanz zu vermeiden und die Haut w\u00e4hrend der Sommermonate zu kontrollieren.<\/p>\n","protected":false},"featured_media":14813,"comment_status":"open","ping_status":"closed","template":"","meta":[],"yoast_head":"<!-- This site is optimized with the Yoast SEO plugin v15.5 - https:\/\/yoast.com\/wordpress\/plugins\/seo\/ -->\n<title>Glo Skin Beauty \u2013 Perfecting Powder 9.0 g - Dermacenter AG<\/title>\n<meta name=\"robots\" content=\"index, follow, max-snippet:-1, max-image-preview:large, max-video-preview:-1\" \/>\n<link rel=\"canonical\" href=\"https:\/\/www.dermacenter.ch\/?product=glominerals-perfecting-powder-9-0-g\" \/>\n<meta property=\"og:locale\" content=\"de_DE\" \/>\n<meta property=\"og:type\" content=\"article\" \/>\n<meta property=\"og:title\" content=\"Glo Skin Beauty \u2013 Perfecting Powder 9.0 g - Dermacenter AG\" \/>\n<meta property=\"og:description\" content=\"gloPerfecting Powder ist ein neuer, durchsichtiger Puder, der \u00fcberm\u00e4ssiges \u00d6l absorbiert und somit zu einem mattierten Finish verhilft. gloPerfecting powder kann immer benutzt werden, um Glanz zu vermeiden und die Haut w\u00e4hrend der Sommermonate zu kontrollieren.\" \/>\n<meta property=\"og:url\" content=\"https:\/\/www.dermacenter.ch\/?product=glominerals-perfecting-powder-9-0-g\" \/>\n<meta property=\"og:site_name\" content=\"Dermacenter AG\" \/>\n<meta property=\"article:modified_time\" content=\"2025-04-24T11:18:47+00:00\" \/>\n<meta property=\"og:image\" content=\"https:\/\/www.dermacenter.ch\/wp-content\/uploads\/2020\/04\/Perfecting-powder.jpg\" \/>\n\t<meta property=\"og:image:width\" content=\"500\" \/>\n\t<meta property=\"og:image:height\" content=\"500\" \/>\n<meta name=\"twitter:card\" content=\"summary_large_image\" \/>\n<meta name=\"twitter:label1\" content=\"Gesch\u00e4tzte Lesezeit\">\n\t<meta name=\"twitter:data1\" content=\"0\u00a0Minuten\">\n<script type=\"application\/ld+json\" class=\"yoast-schema-graph\">{\"@context\":\"https:\/\/schema.org\",\"@graph\":[{\"@type\":\"WebSite\",\"@id\":\"https:\/\/www.dermacenter.ch\/#website\",\"url\":\"https:\/\/www.dermacenter.ch\/\",\"name\":\"Dermacenter AG\",\"description\":\"\",\"potentialAction\":[{\"@type\":\"SearchAction\",\"target\":\"https:\/\/www.dermacenter.ch\/?s={search_term_string}\",\"query-input\":\"required name=search_term_string\"}],\"inLanguage\":\"de\"},{\"@type\":\"ImageObject\",\"@id\":\"https:\/\/www.dermacenter.ch\/?product=glominerals-perfecting-powder-9-0-g#primaryimage\",\"inLanguage\":\"de\",\"url\":\"https:\/\/www.dermacenter.ch\/wp-content\/uploads\/2020\/04\/Perfecting-powder.jpg\",\"width\":500,\"height\":500},{\"@type\":\"WebPage\",\"@id\":\"https:\/\/www.dermacenter.ch\/?product=glominerals-perfecting-powder-9-0-g#webpage\",\"url\":\"https:\/\/www.dermacenter.ch\/?product=glominerals-perfecting-powder-9-0-g\",\"name\":\"Glo Skin Beauty \\u2013 Perfecting Powder 9.0 g - Dermacenter AG\",\"isPartOf\":{\"@id\":\"https:\/\/www.dermacenter.ch\/#website\"},\"primaryImageOfPage\":{\"@id\":\"https:\/\/www.dermacenter.ch\/?product=glominerals-perfecting-powder-9-0-g#primaryimage\"},\"datePublished\":\"2020-04-03T12:21:51+00:00\",\"dateModified\":\"2025-04-24T11:18:47+00:00\",\"inLanguage\":\"de\",\"potentialAction\":[{\"@type\":\"ReadAction\",\"target\":[\"https:\/\/www.dermacenter.ch\/?product=glominerals-perfecting-powder-9-0-g\"]}]}]}<\/script>\n<!-- \/ Yoast SEO plugin. -->","_links":{"self":[{"href":"https:\/\/www.dermacenter.ch\/index.php?rest_route=\/wp\/v2\/product\/10143"}],"collection":[{"href":"https:\/\/www.dermacenter.ch\/index.php?rest_route=\/wp\/v2\/product"}],"about":[{"href":"https:\/\/www.dermacenter.ch\/index.php?rest_route=\/wp\/v2\/types\/product"}],"replies":[{"embeddable":true,"href":"https:\/\/www.dermacenter.ch\/index.php?rest_route=%2Fwp%2Fv2%2Fcomments&post=10143"}],"wp:featuredmedia":[{"embeddable":true,"href":"https:\/\/www.dermacenter.ch\/index.php?rest_route=\/wp\/v2\/media\/14813"}],"wp:attachment":[{"href":"https:\/\/www.dermacenter.ch\/index.php?rest_route=%2Fwp%2Fv2%2Fmedia&parent=10143"}],"curies":[{"name":"wp","href":"https:\/\/api.w.org\/{rel}","templated":true}]}}