{"id":10116,"date":"2020-04-03T14:21:43","date_gmt":"2020-04-03T12:21:43","guid":{"rendered":"http:\/\/derm.dermacenter.ch\/produkt\/import-placeholder-for-2097\/"},"modified":"2021-01-19T15:45:34","modified_gmt":"2021-01-19T14:45:34","slug":"gutschein-dermaclean-60-min","status":"publish","type":"product","link":"https:\/\/www.dermacenter.ch\/?product=gutschein-dermaclean-60-min","title":{"rendered":"Gutschein &#8211; DermaClean 60 Min."},"content":{"rendered":"<p>Erfrischende Reinigungsbehandlung f\u00fcr ein reines, klares Hautbild. Exklusiv f\u00fcr Jugendliche bis 18 Jahre. Grundreinigung, Tonisierung, sanftes Peeling mit warmem Wasserdampf, porentiefe Reinigung und beruhigende Maske.<\/p>\n<p><span style=\"font-size: xx-small;\">Bitte beachten Sie das alle Gutscheine fortlaufend nummeriert sind und f\u00fcr 1 Jahr ab Kauf g\u00fcltig sind. Auf Wunsch k\u00f6nnen Gutscheine auch mit einem Namen personalisiert werden. Bitte vermerken Sie dies dann in der Bestellabwicklung in den Bemerkungen.<\/span><\/p>\n","protected":false},"excerpt":{"rendered":"<p>Erfrischende Reinigungsbehandlung f\u00fcr ein reines, klares Hautbild. Exklusiv f\u00fcr Jugendliche bis 18 Jahre. Grundreinigung, Tonisierung, sanftes Peeling mit warmem Wasserdampf, porentiefe Reinigung und beruhigende Maske. Bitte beachten Sie das alle Gutscheine fortlaufend nummeriert sind und f\u00fcr 1 Jahr ab Kauf g\u00fcltig sind. Auf Wunsch k\u00f6nnen Gutscheine auch mit einem Namen personalisiert werden. Bitte vermerken Sie [&hellip;]\n","protected":false},"featured_media":9690,"comment_status":"open","ping_status":"closed","template":"","meta":[],"yoast_head":"<!-- This site is optimized with the Yoast SEO plugin v15.5 - https:\/\/yoast.com\/wordpress\/plugins\/seo\/ -->\n<title>Gutschein - DermaClean 60 Min. - Dermacenter AG<\/title>\n<meta name=\"robots\" content=\"index, follow, max-snippet:-1, max-image-preview:large, max-video-preview:-1\" \/>\n<link rel=\"canonical\" href=\"https:\/\/www.dermacenter.ch\/?product=gutschein-dermaclean-60-min\" \/>\n<meta property=\"og:locale\" content=\"de_DE\" \/>\n<meta property=\"og:type\" content=\"article\" \/>\n<meta property=\"og:title\" content=\"Gutschein - DermaClean 60 Min. - Dermacenter AG\" \/>\n<meta property=\"og:description\" content=\"Erfrischende Reinigungsbehandlung f\u00fcr ein reines, klares Hautbild. Exklusiv f\u00fcr Jugendliche bis 18 Jahre. Grundreinigung, Tonisierung, sanftes Peeling mit warmem Wasserdampf, porentiefe Reinigung und beruhigende Maske. Bitte beachten Sie das alle Gutscheine fortlaufend nummeriert sind und f\u00fcr 1 Jahr ab Kauf g\u00fcltig sind. Auf Wunsch k\u00f6nnen Gutscheine auch mit einem Namen personalisiert werden. Bitte vermerken Sie [&hellip;]\" \/>\n<meta property=\"og:url\" content=\"https:\/\/www.dermacenter.ch\/?product=gutschein-dermaclean-60-min\" \/>\n<meta property=\"og:site_name\" content=\"Dermacenter AG\" \/>\n<meta property=\"article:modified_time\" content=\"2021-01-19T14:45:34+00:00\" \/>\n<meta property=\"og:image\" content=\"https:\/\/www.dermacenter.ch\/wp-content\/uploads\/2020\/04\/Gutschein.jpg\" \/>\n\t<meta property=\"og:image:width\" content=\"300\" \/>\n\t<meta property=\"og:image:height\" content=\"300\" \/>\n<meta name=\"twitter:card\" content=\"summary_large_image\" \/>\n<meta name=\"twitter:label1\" content=\"Gesch\u00e4tzte Lesezeit\">\n\t<meta name=\"twitter:data1\" content=\"0\u00a0Minuten\">\n<script type=\"application\/ld+json\" class=\"yoast-schema-graph\">{\"@context\":\"https:\/\/schema.org\",\"@graph\":[{\"@type\":\"WebSite\",\"@id\":\"https:\/\/www.dermacenter.ch\/#website\",\"url\":\"https:\/\/www.dermacenter.ch\/\",\"name\":\"Dermacenter AG\",\"description\":\"\",\"potentialAction\":[{\"@type\":\"SearchAction\",\"target\":\"https:\/\/www.dermacenter.ch\/?s={search_term_string}\",\"query-input\":\"required name=search_term_string\"}],\"inLanguage\":\"de\"},{\"@type\":\"ImageObject\",\"@id\":\"https:\/\/www.dermacenter.ch\/?product=gutschein-dermaclean-60-min#primaryimage\",\"inLanguage\":\"de\",\"url\":\"https:\/\/www.dermacenter.ch\/wp-content\/uploads\/2020\/04\/Gutschein.jpg\",\"width\":300,\"height\":300},{\"@type\":\"WebPage\",\"@id\":\"https:\/\/www.dermacenter.ch\/?product=gutschein-dermaclean-60-min#webpage\",\"url\":\"https:\/\/www.dermacenter.ch\/?product=gutschein-dermaclean-60-min\",\"name\":\"Gutschein - DermaClean 60 Min. - Dermacenter AG\",\"isPartOf\":{\"@id\":\"https:\/\/www.dermacenter.ch\/#website\"},\"primaryImageOfPage\":{\"@id\":\"https:\/\/www.dermacenter.ch\/?product=gutschein-dermaclean-60-min#primaryimage\"},\"datePublished\":\"2020-04-03T12:21:43+00:00\",\"dateModified\":\"2021-01-19T14:45:34+00:00\",\"inLanguage\":\"de\",\"potentialAction\":[{\"@type\":\"ReadAction\",\"target\":[\"https:\/\/www.dermacenter.ch\/?product=gutschein-dermaclean-60-min\"]}]}]}<\/script>\n<!-- \/ Yoast SEO plugin. -->","_links":{"self":[{"href":"https:\/\/www.dermacenter.ch\/index.php?rest_route=\/wp\/v2\/product\/10116"}],"collection":[{"href":"https:\/\/www.dermacenter.ch\/index.php?rest_route=\/wp\/v2\/product"}],"about":[{"href":"https:\/\/www.dermacenter.ch\/index.php?rest_route=\/wp\/v2\/types\/product"}],"replies":[{"embeddable":true,"href":"https:\/\/www.dermacenter.ch\/index.php?rest_route=%2Fwp%2Fv2%2Fcomments&post=10116"}],"wp:featuredmedia":[{"embeddable":true,"href":"https:\/\/www.dermacenter.ch\/index.php?rest_route=\/wp\/v2\/media\/9690"}],"wp:attachment":[{"href":"https:\/\/www.dermacenter.ch\/index.php?rest_route=%2Fwp%2Fv2%2Fmedia&parent=10116"}],"curies":[{"name":"wp","href":"https:\/\/api.w.org\/{rel}","templated":true}]}}