{"id":10099,"date":"2020-04-03T14:21:36","date_gmt":"2020-04-03T12:21:36","guid":{"rendered":"http:\/\/derm.dermacenter.ch\/produkt\/import-placeholder-for-4816\/"},"modified":"2024-10-21T11:03:55","modified_gmt":"2024-10-21T09:03:55","slug":"kha-visiopiel-creme-50-ml","status":"publish","type":"product","link":"https:\/\/www.dermacenter.ch\/?product=kha-visiopiel-creme-50-ml","title":{"rendered":"Kha Visiopiel Creme \u00c4sthetik 50 ml"},"content":{"rendered":"<p>Visiopiel<sup>\u00ae<\/sup> Creme \u00c4sthethik ist die moderne Anti-Ageing-Pflege auf Derma-Membran-Basis (hautverwandte Lipidstrukturen). Die Creme gl\u00e4ttet Falten und versorgt Ihre Haut optimal mit Feuchtigkeit f\u00fcr ein sp\u00fcrbar j\u00fcngeres Gef\u00fchl. Auf nat\u00fcrliche Art und Weise wird die Haut mit wichtigen Wirkstoffen versorgt und wiederaufgebaut.<\/p>\n","protected":false},"excerpt":{"rendered":"<p>Dermatologische Anti-Ageing-Pflege auf Basis hautverwandter Lipidstrukturen (Derma-Membran-Basis)<\/p>\n","protected":false},"featured_media":9659,"comment_status":"open","ping_status":"closed","template":"","meta":[],"yoast_head":"<!-- This site is optimized with the Yoast SEO plugin v15.5 - https:\/\/yoast.com\/wordpress\/plugins\/seo\/ -->\n<title>Kha Visiopiel Creme \u00c4sthetik 50 ml - Dermacenter AG<\/title>\n<meta name=\"robots\" content=\"index, follow, max-snippet:-1, max-image-preview:large, max-video-preview:-1\" \/>\n<link rel=\"canonical\" href=\"https:\/\/www.dermacenter.ch\/?product=kha-visiopiel-creme-50-ml\" \/>\n<meta property=\"og:locale\" content=\"de_DE\" \/>\n<meta property=\"og:type\" content=\"article\" \/>\n<meta property=\"og:title\" content=\"Kha Visiopiel Creme \u00c4sthetik 50 ml - Dermacenter AG\" \/>\n<meta property=\"og:description\" content=\"Dermatologische Anti-Ageing-Pflege auf Basis hautverwandter Lipidstrukturen (Derma-Membran-Basis)\" \/>\n<meta property=\"og:url\" content=\"https:\/\/www.dermacenter.ch\/?product=kha-visiopiel-creme-50-ml\" \/>\n<meta property=\"og:site_name\" content=\"Dermacenter AG\" \/>\n<meta property=\"article:modified_time\" content=\"2024-10-21T09:03:55+00:00\" \/>\n<meta property=\"og:image\" content=\"https:\/\/www.dermacenter.ch\/wp-content\/uploads\/2020\/04\/Visiopiel-Creme-\u00c4sthetik-50-ml.jpg\" \/>\n\t<meta property=\"og:image:width\" content=\"500\" \/>\n\t<meta property=\"og:image:height\" content=\"500\" \/>\n<meta name=\"twitter:card\" content=\"summary_large_image\" \/>\n<meta name=\"twitter:label1\" content=\"Gesch\u00e4tzte Lesezeit\">\n\t<meta name=\"twitter:data1\" content=\"0\u00a0Minuten\">\n<script type=\"application\/ld+json\" class=\"yoast-schema-graph\">{\"@context\":\"https:\/\/schema.org\",\"@graph\":[{\"@type\":\"WebSite\",\"@id\":\"https:\/\/www.dermacenter.ch\/#website\",\"url\":\"https:\/\/www.dermacenter.ch\/\",\"name\":\"Dermacenter AG\",\"description\":\"\",\"potentialAction\":[{\"@type\":\"SearchAction\",\"target\":\"https:\/\/www.dermacenter.ch\/?s={search_term_string}\",\"query-input\":\"required name=search_term_string\"}],\"inLanguage\":\"de\"},{\"@type\":\"ImageObject\",\"@id\":\"https:\/\/www.dermacenter.ch\/?product=kha-visiopiel-creme-50-ml#primaryimage\",\"inLanguage\":\"de\",\"url\":\"https:\/\/www.dermacenter.ch\/wp-content\/uploads\/2020\/04\/Visiopiel-Creme-\\u00c4sthetik-50-ml.jpg\",\"width\":500,\"height\":500},{\"@type\":\"WebPage\",\"@id\":\"https:\/\/www.dermacenter.ch\/?product=kha-visiopiel-creme-50-ml#webpage\",\"url\":\"https:\/\/www.dermacenter.ch\/?product=kha-visiopiel-creme-50-ml\",\"name\":\"Kha Visiopiel Creme \\u00c4sthetik 50 ml - Dermacenter AG\",\"isPartOf\":{\"@id\":\"https:\/\/www.dermacenter.ch\/#website\"},\"primaryImageOfPage\":{\"@id\":\"https:\/\/www.dermacenter.ch\/?product=kha-visiopiel-creme-50-ml#primaryimage\"},\"datePublished\":\"2020-04-03T12:21:36+00:00\",\"dateModified\":\"2024-10-21T09:03:55+00:00\",\"inLanguage\":\"de\",\"potentialAction\":[{\"@type\":\"ReadAction\",\"target\":[\"https:\/\/www.dermacenter.ch\/?product=kha-visiopiel-creme-50-ml\"]}]}]}<\/script>\n<!-- \/ Yoast SEO plugin. -->","_links":{"self":[{"href":"https:\/\/www.dermacenter.ch\/index.php?rest_route=\/wp\/v2\/product\/10099"}],"collection":[{"href":"https:\/\/www.dermacenter.ch\/index.php?rest_route=\/wp\/v2\/product"}],"about":[{"href":"https:\/\/www.dermacenter.ch\/index.php?rest_route=\/wp\/v2\/types\/product"}],"replies":[{"embeddable":true,"href":"https:\/\/www.dermacenter.ch\/index.php?rest_route=%2Fwp%2Fv2%2Fcomments&post=10099"}],"wp:featuredmedia":[{"embeddable":true,"href":"https:\/\/www.dermacenter.ch\/index.php?rest_route=\/wp\/v2\/media\/9659"}],"wp:attachment":[{"href":"https:\/\/www.dermacenter.ch\/index.php?rest_route=%2Fwp%2Fv2%2Fmedia&parent=10099"}],"curies":[{"name":"wp","href":"https:\/\/api.w.org\/{rel}","templated":true}]}}