{"id":10096,"date":"2020-04-03T14:21:36","date_gmt":"2020-04-03T12:21:36","guid":{"rendered":"http:\/\/derm.dermacenter.ch\/produkt\/import-placeholder-for-4239\/"},"modified":"2024-10-21T10:40:35","modified_gmt":"2024-10-21T08:40:35","slug":"kha-gesichtscreme-repair-eco-ohne-mikrosilber-50-ml","status":"publish","type":"product","link":"https:\/\/www.dermacenter.ch\/?product=kha-gesichtscreme-repair-eco-ohne-mikrosilber-50-ml","title":{"rendered":"Kha Gesichtscreme Repair ECO ohne Mikrosilber 50 ml"},"content":{"rendered":"<p>Hans Karrer Gesichtscreme Repair Eco auf Derma-Membran-Basis (hautverwandte Lipidstrukturen) pflegt trockene Gesichtshaut mit einer speziellen Wirkstoffkombination ideal. Dank haut\u00e4hnlicher Hyalurons\u00e4uren (50 kDa und 200 kDa) wird Ihre Haut optimal mit Feuchtigkeit versorgt und Glycerin bindet zus\u00e4tzlich Feuchtigkeit.<\/p>\n","protected":false},"excerpt":{"rendered":"<p>Hans Karrer Gesichtscreme Repair Eco auf Derma-Membran-Basis (hautverwandte Lipidstrukturen) pflegt trockene Gesichtshaut mit einer speziellen Wirkstoffkombination ideal. Dank haut\u00e4hnlicher Hyalurons\u00e4uren (50 kDa und 200 kDa) wird Ihre Haut optimal mit Feuchtigkeit versorgt und Glycerin bindet zus\u00e4tzlich Feuchtigkeit.<\/p>\n","protected":false},"featured_media":9656,"comment_status":"open","ping_status":"closed","template":"","meta":[],"yoast_head":"<!-- This site is optimized with the Yoast SEO plugin v15.5 - https:\/\/yoast.com\/wordpress\/plugins\/seo\/ -->\n<title>Kha Gesichtscreme Repair ECO ohne Mikrosilber 50 ml - Dermacenter AG<\/title>\n<meta name=\"robots\" content=\"index, follow, max-snippet:-1, max-image-preview:large, max-video-preview:-1\" \/>\n<link rel=\"canonical\" href=\"https:\/\/www.dermacenter.ch\/?product=kha-gesichtscreme-repair-eco-ohne-mikrosilber-50-ml\" \/>\n<meta property=\"og:locale\" content=\"de_DE\" \/>\n<meta property=\"og:type\" content=\"article\" \/>\n<meta property=\"og:title\" content=\"Kha Gesichtscreme Repair ECO ohne Mikrosilber 50 ml - Dermacenter AG\" \/>\n<meta property=\"og:description\" content=\"Hans Karrer Gesichtscreme Repair Eco auf Derma-Membran-Basis (hautverwandte Lipidstrukturen) pflegt trockene Gesichtshaut mit einer speziellen Wirkstoffkombination ideal. Dank haut\u00e4hnlicher Hyalurons\u00e4uren (50 kDa und 200 kDa) wird Ihre Haut optimal mit Feuchtigkeit versorgt und Glycerin bindet zus\u00e4tzlich Feuchtigkeit.\" \/>\n<meta property=\"og:url\" content=\"https:\/\/www.dermacenter.ch\/?product=kha-gesichtscreme-repair-eco-ohne-mikrosilber-50-ml\" \/>\n<meta property=\"og:site_name\" content=\"Dermacenter AG\" \/>\n<meta property=\"article:modified_time\" content=\"2024-10-21T08:40:35+00:00\" \/>\n<meta property=\"og:image\" content=\"https:\/\/www.dermacenter.ch\/wp-content\/uploads\/2020\/04\/image1.jpg\" \/>\n\t<meta property=\"og:image:width\" content=\"500\" \/>\n\t<meta property=\"og:image:height\" content=\"500\" \/>\n<meta name=\"twitter:card\" content=\"summary_large_image\" \/>\n<meta name=\"twitter:label1\" content=\"Gesch\u00e4tzte Lesezeit\">\n\t<meta name=\"twitter:data1\" content=\"0\u00a0Minuten\">\n<script type=\"application\/ld+json\" class=\"yoast-schema-graph\">{\"@context\":\"https:\/\/schema.org\",\"@graph\":[{\"@type\":\"WebSite\",\"@id\":\"https:\/\/www.dermacenter.ch\/#website\",\"url\":\"https:\/\/www.dermacenter.ch\/\",\"name\":\"Dermacenter AG\",\"description\":\"\",\"potentialAction\":[{\"@type\":\"SearchAction\",\"target\":\"https:\/\/www.dermacenter.ch\/?s={search_term_string}\",\"query-input\":\"required name=search_term_string\"}],\"inLanguage\":\"de\"},{\"@type\":\"ImageObject\",\"@id\":\"https:\/\/www.dermacenter.ch\/?product=kha-gesichtscreme-repair-eco-ohne-mikrosilber-50-ml#primaryimage\",\"inLanguage\":\"de\",\"url\":\"https:\/\/www.dermacenter.ch\/wp-content\/uploads\/2020\/04\/image1.jpg\",\"width\":500,\"height\":500},{\"@type\":\"WebPage\",\"@id\":\"https:\/\/www.dermacenter.ch\/?product=kha-gesichtscreme-repair-eco-ohne-mikrosilber-50-ml#webpage\",\"url\":\"https:\/\/www.dermacenter.ch\/?product=kha-gesichtscreme-repair-eco-ohne-mikrosilber-50-ml\",\"name\":\"Kha Gesichtscreme Repair ECO ohne Mikrosilber 50 ml - Dermacenter AG\",\"isPartOf\":{\"@id\":\"https:\/\/www.dermacenter.ch\/#website\"},\"primaryImageOfPage\":{\"@id\":\"https:\/\/www.dermacenter.ch\/?product=kha-gesichtscreme-repair-eco-ohne-mikrosilber-50-ml#primaryimage\"},\"datePublished\":\"2020-04-03T12:21:36+00:00\",\"dateModified\":\"2024-10-21T08:40:35+00:00\",\"inLanguage\":\"de\",\"potentialAction\":[{\"@type\":\"ReadAction\",\"target\":[\"https:\/\/www.dermacenter.ch\/?product=kha-gesichtscreme-repair-eco-ohne-mikrosilber-50-ml\"]}]}]}<\/script>\n<!-- \/ Yoast SEO plugin. -->","_links":{"self":[{"href":"https:\/\/www.dermacenter.ch\/index.php?rest_route=\/wp\/v2\/product\/10096"}],"collection":[{"href":"https:\/\/www.dermacenter.ch\/index.php?rest_route=\/wp\/v2\/product"}],"about":[{"href":"https:\/\/www.dermacenter.ch\/index.php?rest_route=\/wp\/v2\/types\/product"}],"replies":[{"embeddable":true,"href":"https:\/\/www.dermacenter.ch\/index.php?rest_route=%2Fwp%2Fv2%2Fcomments&post=10096"}],"wp:featuredmedia":[{"embeddable":true,"href":"https:\/\/www.dermacenter.ch\/index.php?rest_route=\/wp\/v2\/media\/9656"}],"wp:attachment":[{"href":"https:\/\/www.dermacenter.ch\/index.php?rest_route=%2Fwp%2Fv2%2Fmedia&parent=10096"}],"curies":[{"name":"wp","href":"https:\/\/api.w.org\/{rel}","templated":true}]}}