{"id":10092,"date":"2020-04-03T14:21:36","date_gmt":"2020-04-03T12:21:36","guid":{"rendered":"http:\/\/derm.dermacenter.ch\/produkt\/import-placeholder-for-443\/"},"modified":"2025-07-28T17:37:36","modified_gmt":"2025-07-28T15:37:36","slug":"kha-lipocreme-100-ml","status":"publish","type":"product","link":"https:\/\/www.dermacenter.ch\/?product=kha-lipocreme-100-ml","title":{"rendered":"Kha Lipocreme 100 ml"},"content":{"rendered":"<p>Hans Karrer Lipocreme Mikro-Silber 100 ml. Anwendungsgebiet: Hautpflege, Produkttyp: Hautcreme Anwendung bei: Hautflora-optimierende Intensivpflege bei trockener Haut. R\u00fcckfettende und hydratisierende Lipocreme mit nat\u00fcrlichem Mandel\u00f6l, hydratisierendem Glycerin und hautverwandten Lipid-Strukturen. Zur erg\u00e4nzenden Pflege bei: Trockener Haut, Sebostase, Pruritus Altershaut Neurodermitis (auch bei Kindern) Psoriasis Handekzeme Inhaltsstoffe: Ingredients: Aqua, Caprylic\/Capric Triglyceride, Glycerin, Butyrospermum Parkii Butter, Prunus Amygdalus Dulcis Oil, Hydrogenated Lecithin, Pentylene Glycol, Hydroxyethylcellulose, Squalane, Carbomer, Sodium Carbomer, Silver, Tocopherol, Ceramide 3.<\/p>\n","protected":false},"excerpt":{"rendered":"<p>Hans Karrer Lipocreme Mikro-Silber 100 ml. Anwendungsgebiet: Hautpflege, Produkttyp: Hautcreme Anwendung bei: Hautflora-optimierende Intensivpflege bei trockener Haut. R\u00fcckfettende und hydratisierende Lipocreme mit nat\u00fcrlichem Mandel\u00f6l, hydratisierendem Glycerin und hautverwandten Lipid-Strukturen. Zur erg\u00e4nzenden Pflege bei: Trockener Haut, Sebostase, Pruritus Altershaut Neurodermitis (auch bei Kindern) Psoriasis Handekzeme Inhaltsstoffe: Ingredients: Aqua, Caprylic\/Capric Triglyceride, Glycerin, Butyrospermum Parkii Butter, Prunus Amygdalus [&hellip;]\n","protected":false},"featured_media":9652,"comment_status":"open","ping_status":"closed","template":"","meta":[],"yoast_head":"<!-- This site is optimized with the Yoast SEO plugin v15.5 - https:\/\/yoast.com\/wordpress\/plugins\/seo\/ -->\n<title>Kha Lipocreme 100 ml - Dermacenter AG<\/title>\n<meta name=\"robots\" content=\"index, follow, max-snippet:-1, max-image-preview:large, max-video-preview:-1\" \/>\n<link rel=\"canonical\" href=\"https:\/\/www.dermacenter.ch\/?product=kha-lipocreme-100-ml\" \/>\n<meta property=\"og:locale\" content=\"de_DE\" \/>\n<meta property=\"og:type\" content=\"article\" \/>\n<meta property=\"og:title\" content=\"Kha Lipocreme 100 ml - Dermacenter AG\" \/>\n<meta property=\"og:description\" content=\"Hans Karrer Lipocreme Mikro-Silber 100 ml. Anwendungsgebiet: Hautpflege, Produkttyp: Hautcreme Anwendung bei: Hautflora-optimierende Intensivpflege bei trockener Haut. R\u00fcckfettende und hydratisierende Lipocreme mit nat\u00fcrlichem Mandel\u00f6l, hydratisierendem Glycerin und hautverwandten Lipid-Strukturen. Zur erg\u00e4nzenden Pflege bei: Trockener Haut, Sebostase, Pruritus Altershaut Neurodermitis (auch bei Kindern) Psoriasis Handekzeme Inhaltsstoffe: Ingredients: Aqua, Caprylic\/Capric Triglyceride, Glycerin, Butyrospermum Parkii Butter, Prunus Amygdalus [&hellip;]\" \/>\n<meta property=\"og:url\" content=\"https:\/\/www.dermacenter.ch\/?product=kha-lipocreme-100-ml\" \/>\n<meta property=\"og:site_name\" content=\"Dermacenter AG\" \/>\n<meta property=\"article:modified_time\" content=\"2025-07-28T15:37:36+00:00\" \/>\n<meta property=\"og:image\" content=\"https:\/\/www.dermacenter.ch\/wp-content\/uploads\/2020\/04\/Tube-Lipocreme.jpg\" \/>\n\t<meta property=\"og:image:width\" content=\"500\" \/>\n\t<meta property=\"og:image:height\" content=\"500\" \/>\n<meta name=\"twitter:card\" content=\"summary_large_image\" \/>\n<meta name=\"twitter:label1\" content=\"Gesch\u00e4tzte Lesezeit\">\n\t<meta name=\"twitter:data1\" content=\"0\u00a0Minuten\">\n<script type=\"application\/ld+json\" class=\"yoast-schema-graph\">{\"@context\":\"https:\/\/schema.org\",\"@graph\":[{\"@type\":\"WebSite\",\"@id\":\"https:\/\/www.dermacenter.ch\/#website\",\"url\":\"https:\/\/www.dermacenter.ch\/\",\"name\":\"Dermacenter AG\",\"description\":\"\",\"potentialAction\":[{\"@type\":\"SearchAction\",\"target\":\"https:\/\/www.dermacenter.ch\/?s={search_term_string}\",\"query-input\":\"required name=search_term_string\"}],\"inLanguage\":\"de\"},{\"@type\":\"ImageObject\",\"@id\":\"https:\/\/www.dermacenter.ch\/?product=kha-lipocreme-100-ml#primaryimage\",\"inLanguage\":\"de\",\"url\":\"https:\/\/www.dermacenter.ch\/wp-content\/uploads\/2020\/04\/Tube-Lipocreme.jpg\",\"width\":500,\"height\":500},{\"@type\":\"WebPage\",\"@id\":\"https:\/\/www.dermacenter.ch\/?product=kha-lipocreme-100-ml#webpage\",\"url\":\"https:\/\/www.dermacenter.ch\/?product=kha-lipocreme-100-ml\",\"name\":\"Kha Lipocreme 100 ml - Dermacenter AG\",\"isPartOf\":{\"@id\":\"https:\/\/www.dermacenter.ch\/#website\"},\"primaryImageOfPage\":{\"@id\":\"https:\/\/www.dermacenter.ch\/?product=kha-lipocreme-100-ml#primaryimage\"},\"datePublished\":\"2020-04-03T12:21:36+00:00\",\"dateModified\":\"2025-07-28T15:37:36+00:00\",\"inLanguage\":\"de\",\"potentialAction\":[{\"@type\":\"ReadAction\",\"target\":[\"https:\/\/www.dermacenter.ch\/?product=kha-lipocreme-100-ml\"]}]}]}<\/script>\n<!-- \/ Yoast SEO plugin. -->","_links":{"self":[{"href":"https:\/\/www.dermacenter.ch\/index.php?rest_route=\/wp\/v2\/product\/10092"}],"collection":[{"href":"https:\/\/www.dermacenter.ch\/index.php?rest_route=\/wp\/v2\/product"}],"about":[{"href":"https:\/\/www.dermacenter.ch\/index.php?rest_route=\/wp\/v2\/types\/product"}],"replies":[{"embeddable":true,"href":"https:\/\/www.dermacenter.ch\/index.php?rest_route=%2Fwp%2Fv2%2Fcomments&post=10092"}],"wp:featuredmedia":[{"embeddable":true,"href":"https:\/\/www.dermacenter.ch\/index.php?rest_route=\/wp\/v2\/media\/9652"}],"wp:attachment":[{"href":"https:\/\/www.dermacenter.ch\/index.php?rest_route=%2Fwp%2Fv2%2Fmedia&parent=10092"}],"curies":[{"name":"wp","href":"https:\/\/api.w.org\/{rel}","templated":true}]}}