{"id":10086,"date":"2020-04-03T14:21:35","date_gmt":"2020-04-03T12:21:35","guid":{"rendered":"http:\/\/derm.dermacenter.ch\/produkt\/import-placeholder-for-4132\/"},"modified":"2024-10-21T10:36:08","modified_gmt":"2024-10-21T08:36:08","slug":"kha-mandeloel-salbe-eco-ohne-mikrosilber-100-ml","status":"publish","type":"product","link":"https:\/\/www.dermacenter.ch\/?product=kha-mandeloel-salbe-eco-ohne-mikrosilber-100-ml","title":{"rendered":"Kha Mandel\u00f6l Salbe ECO ohne Mikrosilber 100 ml"},"content":{"rendered":"<p>Hans Karrer Mandel\u00f6lsalbe Eco pflegt sehr trockene Haut optimal. Nat\u00fcrliches Mandel\u00f6l (75 %), nat\u00fcrliches Bienenwachs sowie entz\u00fcndungshemmendes Zinkoxid helfen ideal beim Regenerationsprozess von strapazierter Haut und sch\u00fctzen und pflegen Ihre Haut (besonders f\u00fcr Kinder im Winter) \u2013 damit Sie f\u00fcr Ihren Alltag wieder bestens gewappnet sind.<\/p>\n","protected":false},"excerpt":{"rendered":"<p>Hans Karrer Mandel\u00f6lsalbe Eco pflegt sehr trockene Haut optimal. Nat\u00fcrliches Mandel\u00f6l (75 %), nat\u00fcrliches Bienenwachs sowie entz\u00fcndungshemmendes Zinkoxid helfen ideal beim Regenerationsprozess von strapazierter Haut und sch\u00fctzen und pflegen Ihre Haut (besonders f\u00fcr Kinder im Winter) \u2013 damit Sie f\u00fcr Ihren Alltag wieder bestens gewappnet sind.<\/p>\n","protected":false},"featured_media":9646,"comment_status":"open","ping_status":"closed","template":"","meta":[],"yoast_head":"<!-- This site is optimized with the Yoast SEO plugin v15.5 - https:\/\/yoast.com\/wordpress\/plugins\/seo\/ -->\n<title>Kha Mandel\u00f6l Salbe ECO ohne Mikrosilber 100 ml - Dermacenter AG<\/title>\n<meta name=\"robots\" content=\"index, follow, max-snippet:-1, max-image-preview:large, max-video-preview:-1\" \/>\n<link rel=\"canonical\" href=\"https:\/\/www.dermacenter.ch\/?product=kha-mandeloel-salbe-eco-ohne-mikrosilber-100-ml\" \/>\n<meta property=\"og:locale\" content=\"de_DE\" \/>\n<meta property=\"og:type\" content=\"article\" \/>\n<meta property=\"og:title\" content=\"Kha Mandel\u00f6l Salbe ECO ohne Mikrosilber 100 ml - Dermacenter AG\" \/>\n<meta property=\"og:description\" content=\"Hans Karrer Mandel\u00f6lsalbe Eco pflegt sehr trockene Haut optimal. Nat\u00fcrliches Mandel\u00f6l (75 %), nat\u00fcrliches Bienenwachs sowie entz\u00fcndungshemmendes Zinkoxid helfen ideal beim Regenerationsprozess von strapazierter Haut und sch\u00fctzen und pflegen Ihre Haut (besonders f\u00fcr Kinder im Winter) \u2013 damit Sie f\u00fcr Ihren Alltag wieder bestens gewappnet sind.\" \/>\n<meta property=\"og:url\" content=\"https:\/\/www.dermacenter.ch\/?product=kha-mandeloel-salbe-eco-ohne-mikrosilber-100-ml\" \/>\n<meta property=\"og:site_name\" content=\"Dermacenter AG\" \/>\n<meta property=\"article:modified_time\" content=\"2024-10-21T08:36:08+00:00\" \/>\n<meta property=\"og:image\" content=\"https:\/\/www.dermacenter.ch\/wp-content\/uploads\/2020\/04\/Mandel\u00f6lsalbe-Eco-100-ml_Tube.jpg\" \/>\n\t<meta property=\"og:image:width\" content=\"500\" \/>\n\t<meta property=\"og:image:height\" content=\"500\" \/>\n<meta name=\"twitter:card\" content=\"summary_large_image\" \/>\n<meta name=\"twitter:label1\" content=\"Gesch\u00e4tzte Lesezeit\">\n\t<meta name=\"twitter:data1\" content=\"0\u00a0Minuten\">\n<script type=\"application\/ld+json\" class=\"yoast-schema-graph\">{\"@context\":\"https:\/\/schema.org\",\"@graph\":[{\"@type\":\"WebSite\",\"@id\":\"https:\/\/www.dermacenter.ch\/#website\",\"url\":\"https:\/\/www.dermacenter.ch\/\",\"name\":\"Dermacenter AG\",\"description\":\"\",\"potentialAction\":[{\"@type\":\"SearchAction\",\"target\":\"https:\/\/www.dermacenter.ch\/?s={search_term_string}\",\"query-input\":\"required name=search_term_string\"}],\"inLanguage\":\"de\"},{\"@type\":\"ImageObject\",\"@id\":\"https:\/\/www.dermacenter.ch\/?product=kha-mandeloel-salbe-eco-ohne-mikrosilber-100-ml#primaryimage\",\"inLanguage\":\"de\",\"url\":\"https:\/\/www.dermacenter.ch\/wp-content\/uploads\/2020\/04\/Mandel\\u00f6lsalbe-Eco-100-ml_Tube.jpg\",\"width\":500,\"height\":500},{\"@type\":\"WebPage\",\"@id\":\"https:\/\/www.dermacenter.ch\/?product=kha-mandeloel-salbe-eco-ohne-mikrosilber-100-ml#webpage\",\"url\":\"https:\/\/www.dermacenter.ch\/?product=kha-mandeloel-salbe-eco-ohne-mikrosilber-100-ml\",\"name\":\"Kha Mandel\\u00f6l Salbe ECO ohne Mikrosilber 100 ml - Dermacenter AG\",\"isPartOf\":{\"@id\":\"https:\/\/www.dermacenter.ch\/#website\"},\"primaryImageOfPage\":{\"@id\":\"https:\/\/www.dermacenter.ch\/?product=kha-mandeloel-salbe-eco-ohne-mikrosilber-100-ml#primaryimage\"},\"datePublished\":\"2020-04-03T12:21:35+00:00\",\"dateModified\":\"2024-10-21T08:36:08+00:00\",\"inLanguage\":\"de\",\"potentialAction\":[{\"@type\":\"ReadAction\",\"target\":[\"https:\/\/www.dermacenter.ch\/?product=kha-mandeloel-salbe-eco-ohne-mikrosilber-100-ml\"]}]}]}<\/script>\n<!-- \/ Yoast SEO plugin. -->","_links":{"self":[{"href":"https:\/\/www.dermacenter.ch\/index.php?rest_route=\/wp\/v2\/product\/10086"}],"collection":[{"href":"https:\/\/www.dermacenter.ch\/index.php?rest_route=\/wp\/v2\/product"}],"about":[{"href":"https:\/\/www.dermacenter.ch\/index.php?rest_route=\/wp\/v2\/types\/product"}],"replies":[{"embeddable":true,"href":"https:\/\/www.dermacenter.ch\/index.php?rest_route=%2Fwp%2Fv2%2Fcomments&post=10086"}],"wp:featuredmedia":[{"embeddable":true,"href":"https:\/\/www.dermacenter.ch\/index.php?rest_route=\/wp\/v2\/media\/9646"}],"wp:attachment":[{"href":"https:\/\/www.dermacenter.ch\/index.php?rest_route=%2Fwp%2Fv2%2Fmedia&parent=10086"}],"curies":[{"name":"wp","href":"https:\/\/api.w.org\/{rel}","templated":true}]}}