{"id":10084,"date":"2020-04-03T14:21:35","date_gmt":"2020-04-03T12:21:35","guid":{"rendered":"http:\/\/derm.dermacenter.ch\/produkt\/import-placeholder-for-6634\/"},"modified":"2025-09-22T16:17:25","modified_gmt":"2025-09-22T14:17:25","slug":"kha-trichosene-haartabletten-fuer-frauen-30-stueck","status":"publish","type":"product","link":"https:\/\/www.dermacenter.ch\/?product=kha-trichosene-haartabletten-fuer-frauen-30-stueck","title":{"rendered":"Kha Trichosene Haartabletten f\u00fcr Frauen 5alphaR 30 St\u00fcck"},"content":{"rendered":"<p>Trichosense<sup>\u00ae<\/sup> Haartabletten f\u00fcr Frauen 5alphaR ist ein Nahrungserg\u00e4nzungs-Pr\u00e4parat mit Vitaminen und Zink<\/p>\n","protected":false},"excerpt":{"rendered":"<p>Trichosense\u00ae Haartabletten f\u00fcr Frauen 5alphaR ist ein Nahrungserg\u00e4nzungs-Pr\u00e4parat mit Vitaminen und Zink<\/p>\n","protected":false},"featured_media":15108,"comment_status":"open","ping_status":"closed","template":"","meta":[],"yoast_head":"<!-- This site is optimized with the Yoast SEO plugin v15.5 - https:\/\/yoast.com\/wordpress\/plugins\/seo\/ -->\n<title>Kha Trichosene Haartabletten f\u00fcr Frauen 5alphaR 30 St\u00fcck - Dermacenter AG<\/title>\n<meta name=\"robots\" content=\"index, follow, max-snippet:-1, max-image-preview:large, max-video-preview:-1\" \/>\n<link rel=\"canonical\" href=\"https:\/\/www.dermacenter.ch\/?product=kha-trichosene-haartabletten-fuer-frauen-30-stueck\" \/>\n<meta property=\"og:locale\" content=\"de_DE\" \/>\n<meta property=\"og:type\" content=\"article\" \/>\n<meta property=\"og:title\" content=\"Kha Trichosene Haartabletten f\u00fcr Frauen 5alphaR 30 St\u00fcck - Dermacenter AG\" \/>\n<meta property=\"og:description\" content=\"Trichosense\u00ae Haartabletten f\u00fcr Frauen 5alphaR ist ein Nahrungserg\u00e4nzungs-Pr\u00e4parat mit Vitaminen und Zink\" \/>\n<meta property=\"og:url\" content=\"https:\/\/www.dermacenter.ch\/?product=kha-trichosene-haartabletten-fuer-frauen-30-stueck\" \/>\n<meta property=\"og:site_name\" content=\"Dermacenter AG\" \/>\n<meta property=\"article:modified_time\" content=\"2025-09-22T14:17:25+00:00\" \/>\n<meta property=\"og:image\" content=\"https:\/\/www.dermacenter.ch\/wp-content\/uploads\/2020\/04\/Trichosense-5alphaR-Vorderseite.jpg\" \/>\n\t<meta property=\"og:image:width\" content=\"1027\" \/>\n\t<meta property=\"og:image:height\" content=\"1027\" \/>\n<meta name=\"twitter:card\" content=\"summary_large_image\" \/>\n<meta name=\"twitter:label1\" content=\"Gesch\u00e4tzte Lesezeit\">\n\t<meta name=\"twitter:data1\" content=\"0\u00a0Minuten\">\n<script type=\"application\/ld+json\" class=\"yoast-schema-graph\">{\"@context\":\"https:\/\/schema.org\",\"@graph\":[{\"@type\":\"WebSite\",\"@id\":\"https:\/\/www.dermacenter.ch\/#website\",\"url\":\"https:\/\/www.dermacenter.ch\/\",\"name\":\"Dermacenter AG\",\"description\":\"\",\"potentialAction\":[{\"@type\":\"SearchAction\",\"target\":\"https:\/\/www.dermacenter.ch\/?s={search_term_string}\",\"query-input\":\"required name=search_term_string\"}],\"inLanguage\":\"de\"},{\"@type\":\"ImageObject\",\"@id\":\"https:\/\/www.dermacenter.ch\/?product=kha-trichosene-haartabletten-fuer-frauen-30-stueck#primaryimage\",\"inLanguage\":\"de\",\"url\":\"https:\/\/www.dermacenter.ch\/wp-content\/uploads\/2020\/04\/Trichosense-5alphaR-Vorderseite.jpg\",\"width\":1027,\"height\":1027},{\"@type\":\"WebPage\",\"@id\":\"https:\/\/www.dermacenter.ch\/?product=kha-trichosene-haartabletten-fuer-frauen-30-stueck#webpage\",\"url\":\"https:\/\/www.dermacenter.ch\/?product=kha-trichosene-haartabletten-fuer-frauen-30-stueck\",\"name\":\"Kha Trichosene Haartabletten f\\u00fcr Frauen 5alphaR 30 St\\u00fcck - Dermacenter AG\",\"isPartOf\":{\"@id\":\"https:\/\/www.dermacenter.ch\/#website\"},\"primaryImageOfPage\":{\"@id\":\"https:\/\/www.dermacenter.ch\/?product=kha-trichosene-haartabletten-fuer-frauen-30-stueck#primaryimage\"},\"datePublished\":\"2020-04-03T12:21:35+00:00\",\"dateModified\":\"2025-09-22T14:17:25+00:00\",\"inLanguage\":\"de\",\"potentialAction\":[{\"@type\":\"ReadAction\",\"target\":[\"https:\/\/www.dermacenter.ch\/?product=kha-trichosene-haartabletten-fuer-frauen-30-stueck\"]}]}]}<\/script>\n<!-- \/ Yoast SEO plugin. -->","_links":{"self":[{"href":"https:\/\/www.dermacenter.ch\/index.php?rest_route=\/wp\/v2\/product\/10084"}],"collection":[{"href":"https:\/\/www.dermacenter.ch\/index.php?rest_route=\/wp\/v2\/product"}],"about":[{"href":"https:\/\/www.dermacenter.ch\/index.php?rest_route=\/wp\/v2\/types\/product"}],"replies":[{"embeddable":true,"href":"https:\/\/www.dermacenter.ch\/index.php?rest_route=%2Fwp%2Fv2%2Fcomments&post=10084"}],"wp:featuredmedia":[{"embeddable":true,"href":"https:\/\/www.dermacenter.ch\/index.php?rest_route=\/wp\/v2\/media\/15108"}],"wp:attachment":[{"href":"https:\/\/www.dermacenter.ch\/index.php?rest_route=%2Fwp%2Fv2%2Fmedia&parent=10084"}],"curies":[{"name":"wp","href":"https:\/\/api.w.org\/{rel}","templated":true}]}}