{"id":10069,"date":"2020-04-03T14:21:27","date_gmt":"2020-04-03T12:21:27","guid":{"rendered":"http:\/\/derm.dermacenter.ch\/produkt\/import-placeholder-for-604\/"},"modified":"2025-04-03T16:44:03","modified_gmt":"2025-04-03T14:44:03","slug":"la-roche-posay-cicaplast-baume-40-ml","status":"publish","type":"product","link":"https:\/\/www.dermacenter.ch\/?product=la-roche-posay-cicaplast-baume-40-ml","title":{"rendered":"La Roche-Posay Cicaplast baume 40 ml"},"content":{"rendered":"<p>CICAPLAST Baume B5 mit hautberuhigendem Thermalwasser aus La Roche-Posay regt die Bildung neuer Hautzellen an durch 5 % Panthenol, Madecassoside und einem anti-baktieriellen Kupfer-\/Zink-\/Mangan-Komplex. Panthenol wirkt entz\u00fcndungslindernd, beruhigend und reduziert Juckreiz und Spannungsgef\u00fchle auf der Haut. Dank Madecassosiden wird die Zellstruktur wieder hergestellt, wodurch die optimale Regeneration der Haut beg\u00fcnstigt wird. Durch die einzigartige Balsam-Textur von CICAPLAST Baume B5 kann der Wirkstoffkomplex leicht auf der Haut aufgetragen und verteilt werden. Die reichhaltige Balsam-Textur hinterl\u00e4sst einen Schutzfilm auf der Haut und reduziert das Hitzegef\u00fchl durch Entz\u00fcndungen. Ohne weisse Spuren, fettet und klebt nicht. Ohne Parabene Ohne Duftstoffe Ohne Lanolin An empfindlicher Haut getestet Ideal f\u00fcr Erwachsene, Kinder und S\u00e4uglinge<\/p>\n","protected":false},"excerpt":{"rendered":"<p>Beruhigt, regeneriert und pflegt wunde und irritierte Haut. Dank 5 % Panthenol wirkt der Balsam entz\u00fcndungslindernd und ist anti-bakteriell. F\u00fcr empfindliche Haut.<\/p>\n","protected":false},"featured_media":9599,"comment_status":"open","ping_status":"closed","template":"","meta":[],"yoast_head":"<!-- This site is optimized with the Yoast SEO plugin v15.5 - https:\/\/yoast.com\/wordpress\/plugins\/seo\/ -->\n<title>La Roche-Posay Cicaplast baume 40 ml - Dermacenter AG<\/title>\n<meta name=\"robots\" content=\"index, follow, max-snippet:-1, max-image-preview:large, max-video-preview:-1\" \/>\n<link rel=\"canonical\" href=\"https:\/\/www.dermacenter.ch\/?product=la-roche-posay-cicaplast-baume-40-ml\" \/>\n<meta property=\"og:locale\" content=\"de_DE\" \/>\n<meta property=\"og:type\" content=\"article\" \/>\n<meta property=\"og:title\" content=\"La Roche-Posay Cicaplast baume 40 ml - Dermacenter AG\" \/>\n<meta property=\"og:description\" content=\"Beruhigt, regeneriert und pflegt wunde und irritierte Haut. Dank 5 % Panthenol wirkt der Balsam entz\u00fcndungslindernd und ist anti-bakteriell. F\u00fcr empfindliche Haut.\" \/>\n<meta property=\"og:url\" content=\"https:\/\/www.dermacenter.ch\/?product=la-roche-posay-cicaplast-baume-40-ml\" \/>\n<meta property=\"og:site_name\" content=\"Dermacenter AG\" \/>\n<meta property=\"article:modified_time\" content=\"2025-04-03T14:44:03+00:00\" \/>\n<meta property=\"og:image\" content=\"https:\/\/www.dermacenter.ch\/wp-content\/uploads\/2020\/04\/Cicaplast_Baume_B5_quer.jpg\" \/>\n\t<meta property=\"og:image:width\" content=\"500\" \/>\n\t<meta property=\"og:image:height\" content=\"500\" \/>\n<meta name=\"twitter:card\" content=\"summary_large_image\" \/>\n<meta name=\"twitter:label1\" content=\"Gesch\u00e4tzte Lesezeit\">\n\t<meta name=\"twitter:data1\" content=\"0\u00a0Minuten\">\n<script type=\"application\/ld+json\" class=\"yoast-schema-graph\">{\"@context\":\"https:\/\/schema.org\",\"@graph\":[{\"@type\":\"WebSite\",\"@id\":\"https:\/\/www.dermacenter.ch\/#website\",\"url\":\"https:\/\/www.dermacenter.ch\/\",\"name\":\"Dermacenter AG\",\"description\":\"\",\"potentialAction\":[{\"@type\":\"SearchAction\",\"target\":\"https:\/\/www.dermacenter.ch\/?s={search_term_string}\",\"query-input\":\"required name=search_term_string\"}],\"inLanguage\":\"de\"},{\"@type\":\"ImageObject\",\"@id\":\"https:\/\/www.dermacenter.ch\/?product=la-roche-posay-cicaplast-baume-40-ml#primaryimage\",\"inLanguage\":\"de\",\"url\":\"https:\/\/www.dermacenter.ch\/wp-content\/uploads\/2020\/04\/Cicaplast_Baume_B5_quer.jpg\",\"width\":500,\"height\":500},{\"@type\":\"WebPage\",\"@id\":\"https:\/\/www.dermacenter.ch\/?product=la-roche-posay-cicaplast-baume-40-ml#webpage\",\"url\":\"https:\/\/www.dermacenter.ch\/?product=la-roche-posay-cicaplast-baume-40-ml\",\"name\":\"La Roche-Posay Cicaplast baume 40 ml - Dermacenter AG\",\"isPartOf\":{\"@id\":\"https:\/\/www.dermacenter.ch\/#website\"},\"primaryImageOfPage\":{\"@id\":\"https:\/\/www.dermacenter.ch\/?product=la-roche-posay-cicaplast-baume-40-ml#primaryimage\"},\"datePublished\":\"2020-04-03T12:21:27+00:00\",\"dateModified\":\"2025-04-03T14:44:03+00:00\",\"inLanguage\":\"de\",\"potentialAction\":[{\"@type\":\"ReadAction\",\"target\":[\"https:\/\/www.dermacenter.ch\/?product=la-roche-posay-cicaplast-baume-40-ml\"]}]}]}<\/script>\n<!-- \/ Yoast SEO plugin. -->","_links":{"self":[{"href":"https:\/\/www.dermacenter.ch\/index.php?rest_route=\/wp\/v2\/product\/10069"}],"collection":[{"href":"https:\/\/www.dermacenter.ch\/index.php?rest_route=\/wp\/v2\/product"}],"about":[{"href":"https:\/\/www.dermacenter.ch\/index.php?rest_route=\/wp\/v2\/types\/product"}],"replies":[{"embeddable":true,"href":"https:\/\/www.dermacenter.ch\/index.php?rest_route=%2Fwp%2Fv2%2Fcomments&post=10069"}],"wp:featuredmedia":[{"embeddable":true,"href":"https:\/\/www.dermacenter.ch\/index.php?rest_route=\/wp\/v2\/media\/9599"}],"wp:attachment":[{"href":"https:\/\/www.dermacenter.ch\/index.php?rest_route=%2Fwp%2Fv2%2Fmedia&parent=10069"}],"curies":[{"name":"wp","href":"https:\/\/api.w.org\/{rel}","templated":true}]}}