{"id":10068,"date":"2020-04-03T14:21:27","date_gmt":"2020-04-03T12:21:27","guid":{"rendered":"http:\/\/derm.dermacenter.ch\/produkt\/import-placeholder-for-2492\/"},"modified":"2022-12-13T13:55:31","modified_gmt":"2022-12-13T12:55:31","slug":"la-roche-posay-cicaplast-lippen-75-ml","status":"publish","type":"product","link":"https:\/\/www.dermacenter.ch\/?product=la-roche-posay-cicaplast-lippen-75-ml","title":{"rendered":"La Roche-Posay  Cicaplast Lippen 7,5 ml"},"content":{"rendered":"<p>Dank seiner Formel mit 5% Panthenol\u00a0repariert und beruhigt Cicaplast Lippen sofort.\u00a0 Anti-R\u00fcckfall-Effekt dank 3% der PM-Lipide.\u00a0 10% Karit\u00e9butter pflegen intensiv und langanhaltend f\u00fcr weiche und geschmeidige Lippen und Mundwinkel.<\/p>\n<p>Die Barriere-Textur beruhigt, regeniert und repariert ab dem ersten Auftragen. INNOVATION mithilfe der PM-Lipide hilft die nat\u00fcrliche Hautschutzbarriere aufzubauen f\u00fcr ein langanhaltendes Wohlbefinden, inklusive Anti-R\u00fcckfall-Effekt. In Kombination mit 5% Panthenol wirkt es sofort lindernd und reparierend.<\/p>\n","protected":false},"excerpt":{"rendered":"<p>CICAPLAST LIPPEN mit seiner Barriere-Textur beruhigt, sch\u00fctzt und repariert die Haut von aufgesprungenen, rissigen Lippen und Mundwinkeln.<\/p>\n","protected":false},"featured_media":9598,"comment_status":"open","ping_status":"closed","template":"","meta":[],"yoast_head":"<!-- This site is optimized with the Yoast SEO plugin v15.5 - https:\/\/yoast.com\/wordpress\/plugins\/seo\/ -->\n<title>La Roche-Posay Cicaplast Lippen 7,5 ml - Dermacenter AG<\/title>\n<meta name=\"robots\" content=\"index, follow, max-snippet:-1, max-image-preview:large, max-video-preview:-1\" \/>\n<link rel=\"canonical\" href=\"https:\/\/www.dermacenter.ch\/?product=la-roche-posay-cicaplast-lippen-75-ml\" \/>\n<meta property=\"og:locale\" content=\"de_DE\" \/>\n<meta property=\"og:type\" content=\"article\" \/>\n<meta property=\"og:title\" content=\"La Roche-Posay Cicaplast Lippen 7,5 ml - Dermacenter AG\" \/>\n<meta property=\"og:description\" content=\"CICAPLAST LIPPEN mit seiner Barriere-Textur beruhigt, sch\u00fctzt und repariert die Haut von aufgesprungenen, rissigen Lippen und Mundwinkeln.\" \/>\n<meta property=\"og:url\" content=\"https:\/\/www.dermacenter.ch\/?product=la-roche-posay-cicaplast-lippen-75-ml\" \/>\n<meta property=\"og:site_name\" content=\"Dermacenter AG\" \/>\n<meta property=\"article:modified_time\" content=\"2022-12-13T12:55:31+00:00\" \/>\n<meta property=\"og:image\" content=\"https:\/\/www.dermacenter.ch\/wp-content\/uploads\/2020\/04\/Cicaplast_Lippenpflege.jpg\" \/>\n\t<meta property=\"og:image:width\" content=\"500\" \/>\n\t<meta property=\"og:image:height\" content=\"500\" \/>\n<meta name=\"twitter:card\" content=\"summary_large_image\" \/>\n<meta name=\"twitter:label1\" content=\"Gesch\u00e4tzte Lesezeit\">\n\t<meta name=\"twitter:data1\" content=\"0\u00a0Minuten\">\n<script type=\"application\/ld+json\" class=\"yoast-schema-graph\">{\"@context\":\"https:\/\/schema.org\",\"@graph\":[{\"@type\":\"WebSite\",\"@id\":\"https:\/\/www.dermacenter.ch\/#website\",\"url\":\"https:\/\/www.dermacenter.ch\/\",\"name\":\"Dermacenter AG\",\"description\":\"\",\"potentialAction\":[{\"@type\":\"SearchAction\",\"target\":\"https:\/\/www.dermacenter.ch\/?s={search_term_string}\",\"query-input\":\"required name=search_term_string\"}],\"inLanguage\":\"de\"},{\"@type\":\"ImageObject\",\"@id\":\"https:\/\/www.dermacenter.ch\/?product=la-roche-posay-cicaplast-lippen-75-ml#primaryimage\",\"inLanguage\":\"de\",\"url\":\"https:\/\/www.dermacenter.ch\/wp-content\/uploads\/2020\/04\/Cicaplast_Lippenpflege.jpg\",\"width\":500,\"height\":500},{\"@type\":\"WebPage\",\"@id\":\"https:\/\/www.dermacenter.ch\/?product=la-roche-posay-cicaplast-lippen-75-ml#webpage\",\"url\":\"https:\/\/www.dermacenter.ch\/?product=la-roche-posay-cicaplast-lippen-75-ml\",\"name\":\"La Roche-Posay Cicaplast Lippen 7,5 ml - Dermacenter AG\",\"isPartOf\":{\"@id\":\"https:\/\/www.dermacenter.ch\/#website\"},\"primaryImageOfPage\":{\"@id\":\"https:\/\/www.dermacenter.ch\/?product=la-roche-posay-cicaplast-lippen-75-ml#primaryimage\"},\"datePublished\":\"2020-04-03T12:21:27+00:00\",\"dateModified\":\"2022-12-13T12:55:31+00:00\",\"inLanguage\":\"de\",\"potentialAction\":[{\"@type\":\"ReadAction\",\"target\":[\"https:\/\/www.dermacenter.ch\/?product=la-roche-posay-cicaplast-lippen-75-ml\"]}]}]}<\/script>\n<!-- \/ Yoast SEO plugin. -->","_links":{"self":[{"href":"https:\/\/www.dermacenter.ch\/index.php?rest_route=\/wp\/v2\/product\/10068"}],"collection":[{"href":"https:\/\/www.dermacenter.ch\/index.php?rest_route=\/wp\/v2\/product"}],"about":[{"href":"https:\/\/www.dermacenter.ch\/index.php?rest_route=\/wp\/v2\/types\/product"}],"replies":[{"embeddable":true,"href":"https:\/\/www.dermacenter.ch\/index.php?rest_route=%2Fwp%2Fv2%2Fcomments&post=10068"}],"wp:featuredmedia":[{"embeddable":true,"href":"https:\/\/www.dermacenter.ch\/index.php?rest_route=\/wp\/v2\/media\/9598"}],"wp:attachment":[{"href":"https:\/\/www.dermacenter.ch\/index.php?rest_route=%2Fwp%2Fv2%2Fmedia&parent=10068"}],"curies":[{"name":"wp","href":"https:\/\/api.w.org\/{rel}","templated":true}]}}