{"id":10062,"date":"2020-04-03T14:21:26","date_gmt":"2020-04-03T12:21:26","guid":{"rendered":"http:\/\/derm.dermacenter.ch\/produkt\/import-placeholder-for-582\/"},"modified":"2021-11-15T23:01:32","modified_gmt":"2021-11-15T22:01:32","slug":"la-roche-posay-lipikar-baume-400-ml","status":"publish","type":"product","link":"https:\/\/www.dermacenter.ch\/?product=la-roche-posay-lipikar-baume-400-ml","title":{"rendered":"La Roche-Posay  Lipikar Baume 400 ml"},"content":{"rendered":"<p>Bei Neurodermitis und extrem trockener Haut ist die Barrierefunktion der Haut gest\u00f6rt. Daher k\u00f6nnen Allergene und Irritationsfaktoren schneller in die Haut gelangen und zu entsprechenden Reaktionen, wie z.B. Juckreiz und Spannungsgef\u00fchle f\u00fchren. Diese widerrum k\u00f6nnen zum Kratzen der Haut verleiten und somit den Hautzustand zus\u00e4tzlich verschlechtern &#8211; ein Teufelskreis. LIPIKAR Baume AP ist ein schnell einziehender K\u00f6rperbalsam, der die Haut unmittelbar beruhigt, den Juckreiz mindert und die Haut wieder aufbaut. Damit kann die Grundlage f\u00fcr eine langfristig wiederhergestellte Barrierefunktion der Haut gelegt werden. Mit hautberuhigendem Thermalwasser aus La Roche-Posay. Innovation: Niacinamid bek\u00e4mpft aktiv den Juckreiz und hilft, die Hautschutzbarriere zu reparieren und wieder herzustellen. Niacinamid (4%), Karit\u00e9butter (20%) und Canola-\u00d6l, reich an Omega 3 und 6, f\u00fcllen den Lipidhaushalt wieder auf. Dadurch wird die Haut weich und geschmeidig. F\u00fcr optimales Wohlbefinden sorgt die neue, schnell einziehende Textur. Nicht fettend, nicht klebend. Ohne Duftstoffe. Ohne Parabene. Beruhigend, juckreizmildernd.<\/p>\n","protected":false},"excerpt":{"rendered":"<p>Wirkt Intensiv r\u00fcckfettendend und juckreizmindernd und durchbricht den Teufelskreis bei Neurodermitis.<\/p>\n","protected":false},"featured_media":9592,"comment_status":"open","ping_status":"closed","template":"","meta":[],"yoast_head":"<!-- This site is optimized with the Yoast SEO plugin v15.5 - https:\/\/yoast.com\/wordpress\/plugins\/seo\/ -->\n<title>La Roche-Posay Lipikar Baume 400 ml - Dermacenter AG<\/title>\n<meta name=\"robots\" content=\"index, follow, max-snippet:-1, max-image-preview:large, max-video-preview:-1\" \/>\n<link rel=\"canonical\" href=\"https:\/\/www.dermacenter.ch\/?product=la-roche-posay-lipikar-baume-400-ml\" \/>\n<meta property=\"og:locale\" content=\"de_DE\" \/>\n<meta property=\"og:type\" content=\"article\" \/>\n<meta property=\"og:title\" content=\"La Roche-Posay Lipikar Baume 400 ml - Dermacenter AG\" \/>\n<meta property=\"og:description\" content=\"Wirkt Intensiv r\u00fcckfettendend und juckreizmindernd und durchbricht den Teufelskreis bei Neurodermitis.\" \/>\n<meta property=\"og:url\" content=\"https:\/\/www.dermacenter.ch\/?product=la-roche-posay-lipikar-baume-400-ml\" \/>\n<meta property=\"og:site_name\" content=\"Dermacenter AG\" \/>\n<meta property=\"article:modified_time\" content=\"2021-11-15T22:01:32+00:00\" \/>\n<meta property=\"og:image\" content=\"https:\/\/www.dermacenter.ch\/wp-content\/uploads\/2020\/04\/LIPIKAR_BaumeAP_400ml.jpg\" \/>\n\t<meta property=\"og:image:width\" content=\"500\" \/>\n\t<meta property=\"og:image:height\" content=\"500\" \/>\n<meta name=\"twitter:card\" content=\"summary_large_image\" \/>\n<meta name=\"twitter:label1\" content=\"Gesch\u00e4tzte Lesezeit\">\n\t<meta name=\"twitter:data1\" content=\"1\u00a0Minute\">\n<script type=\"application\/ld+json\" class=\"yoast-schema-graph\">{\"@context\":\"https:\/\/schema.org\",\"@graph\":[{\"@type\":\"WebSite\",\"@id\":\"https:\/\/www.dermacenter.ch\/#website\",\"url\":\"https:\/\/www.dermacenter.ch\/\",\"name\":\"Dermacenter AG\",\"description\":\"\",\"potentialAction\":[{\"@type\":\"SearchAction\",\"target\":\"https:\/\/www.dermacenter.ch\/?s={search_term_string}\",\"query-input\":\"required name=search_term_string\"}],\"inLanguage\":\"de\"},{\"@type\":\"ImageObject\",\"@id\":\"https:\/\/www.dermacenter.ch\/?product=la-roche-posay-lipikar-baume-400-ml#primaryimage\",\"inLanguage\":\"de\",\"url\":\"https:\/\/www.dermacenter.ch\/wp-content\/uploads\/2020\/04\/LIPIKAR_BaumeAP_400ml.jpg\",\"width\":500,\"height\":500},{\"@type\":\"WebPage\",\"@id\":\"https:\/\/www.dermacenter.ch\/?product=la-roche-posay-lipikar-baume-400-ml#webpage\",\"url\":\"https:\/\/www.dermacenter.ch\/?product=la-roche-posay-lipikar-baume-400-ml\",\"name\":\"La Roche-Posay Lipikar Baume 400 ml - Dermacenter AG\",\"isPartOf\":{\"@id\":\"https:\/\/www.dermacenter.ch\/#website\"},\"primaryImageOfPage\":{\"@id\":\"https:\/\/www.dermacenter.ch\/?product=la-roche-posay-lipikar-baume-400-ml#primaryimage\"},\"datePublished\":\"2020-04-03T12:21:26+00:00\",\"dateModified\":\"2021-11-15T22:01:32+00:00\",\"inLanguage\":\"de\",\"potentialAction\":[{\"@type\":\"ReadAction\",\"target\":[\"https:\/\/www.dermacenter.ch\/?product=la-roche-posay-lipikar-baume-400-ml\"]}]}]}<\/script>\n<!-- \/ Yoast SEO plugin. -->","_links":{"self":[{"href":"https:\/\/www.dermacenter.ch\/index.php?rest_route=\/wp\/v2\/product\/10062"}],"collection":[{"href":"https:\/\/www.dermacenter.ch\/index.php?rest_route=\/wp\/v2\/product"}],"about":[{"href":"https:\/\/www.dermacenter.ch\/index.php?rest_route=\/wp\/v2\/types\/product"}],"replies":[{"embeddable":true,"href":"https:\/\/www.dermacenter.ch\/index.php?rest_route=%2Fwp%2Fv2%2Fcomments&post=10062"}],"wp:featuredmedia":[{"embeddable":true,"href":"https:\/\/www.dermacenter.ch\/index.php?rest_route=\/wp\/v2\/media\/9592"}],"wp:attachment":[{"href":"https:\/\/www.dermacenter.ch\/index.php?rest_route=%2Fwp%2Fv2%2Fmedia&parent=10062"}],"curies":[{"name":"wp","href":"https:\/\/api.w.org\/{rel}","templated":true}]}}