{"id":10040,"date":"2020-04-03T14:21:17","date_gmt":"2020-04-03T12:21:17","guid":{"rendered":"http:\/\/derm.dermacenter.ch\/produkt\/import-placeholder-for-2078\/"},"modified":"2020-04-03T14:21:22","modified_gmt":"2020-04-03T12:21:22","slug":"louis-widmer-carbamid-forte-anti-hornhaut-fusscreme-50-ml","status":"publish","type":"product","link":"https:\/\/www.dermacenter.ch\/?product=louis-widmer-carbamid-forte-anti-hornhaut-fusscreme-50-ml","title":{"rendered":"Louis Widmer  Carbamid Forte Anti-Hornhaut Fusscreme 50 ml"},"content":{"rendered":"<p>Carbamid Forte Anti-Hornhaut Fusscreme 18% Urea reduziert wirksam die bestehende Hornhaut und vermindert Druckstellen. Bei regelm\u00e4ssiger Anwendung wird die Entstehung neuer und \u00fcberm\u00e4ssiger Hornhautbildung verhindert. Carbamid Forte Anti-Hornhaut Fusscreme mit 18% Urea und Fruchts\u00e4ure sch\u00fctzt und pflegt die F\u00fcsse, versorgt sie intensiv mit Feuchtigkeit und wertvollen Pflegesubstanzen. Die Haut an den F\u00fcssen wird wieder glatt, weich, geschmeidig und nachhaltig vor dem Austrocknen gesch\u00fctzt.\u00a0Carbamid Forte Anti-Hornhaut Fusscreme 18% Urea zieht schnell ein und hinterl\u00e4sst keinen unangenehmen Fettfilm auf der Haut.\u00a0Carbamid befeuchtet die Haut intensiv, sie wird weich, geschmeidig und elastisch. Die hohe Konzentration des Harnstoffs hat eine intensive keratolytische Wirkung und sorgt so f\u00fcr eine effiziente Reduktion der Hornhaut.\u00a0Glycols\u00e4ure ist eine nat\u00fcrliche Fruchts\u00e4ure. Sie eliminiert tote Zellen der oberen Hautschichten, macht sie weich und verbessert deutlich das Hautbild.\u00a0Panthenol verbessert das Feuchthalteverm\u00f6gen und beruhigt irritierte Haut.\u00a0Vitamin E neutralisiert die sch\u00e4dlichen Eigenschaften freier Radikale, regeneriert die Hautbarriere und stimuliert den hauteigenen Repair-Mechanismus.\u00a0Menthol wirkt leicht desinfizierend und hat einen erfrischenden K\u00fchleffekt. Zudem wirkt es juckreizlindernd und antibakteriell.\u00a0Silbermolek\u00fcle wirken leicht desinfizierend und antibakteriell.\u00a0Carbamid Forte Anti-Hornhaut Fusscreme 18% Urea ist ohne Parf\u00fcm erh\u00e4ltlich.<\/p>\n","protected":false},"excerpt":{"rendered":"<p>Carbamid Forte Anti-Hornhaut Fusscreme 18% Urea reduziert wirksam die bestehende Hornhaut und vermindert Druckstellen. Bei regelm\u00e4ssiger Anwendung wird die Entstehung neuer und \u00fcberm\u00e4ssiger Hornhautbildung verhindert. Carbamid Forte Anti-Hornhaut Fusscreme mit 18% Urea und Fruchts\u00e4ure sch\u00fctzt und pflegt die F\u00fcsse, versorgt sie intensiv mit Feuchtigkeit und wertvollen Pflegesubstanzen. Die Haut an den F\u00fcssen wird wieder glatt, [&hellip;]\n","protected":false},"featured_media":9545,"comment_status":"open","ping_status":"closed","template":"","meta":[],"yoast_head":"<!-- This site is optimized with the Yoast SEO plugin v15.5 - https:\/\/yoast.com\/wordpress\/plugins\/seo\/ -->\n<title>Louis Widmer Carbamid Forte Anti-Hornhaut Fusscreme 50 ml - Dermacenter AG<\/title>\n<meta name=\"robots\" content=\"index, follow, max-snippet:-1, max-image-preview:large, max-video-preview:-1\" \/>\n<link rel=\"canonical\" href=\"https:\/\/www.dermacenter.ch\/?product=louis-widmer-carbamid-forte-anti-hornhaut-fusscreme-50-ml\" \/>\n<meta property=\"og:locale\" content=\"de_DE\" \/>\n<meta property=\"og:type\" content=\"article\" \/>\n<meta property=\"og:title\" content=\"Louis Widmer Carbamid Forte Anti-Hornhaut Fusscreme 50 ml - Dermacenter AG\" \/>\n<meta property=\"og:description\" content=\"Carbamid Forte Anti-Hornhaut Fusscreme 18% Urea reduziert wirksam die bestehende Hornhaut und vermindert Druckstellen. Bei regelm\u00e4ssiger Anwendung wird die Entstehung neuer und \u00fcberm\u00e4ssiger Hornhautbildung verhindert. Carbamid Forte Anti-Hornhaut Fusscreme mit 18% Urea und Fruchts\u00e4ure sch\u00fctzt und pflegt die F\u00fcsse, versorgt sie intensiv mit Feuchtigkeit und wertvollen Pflegesubstanzen. Die Haut an den F\u00fcssen wird wieder glatt, [&hellip;]\" \/>\n<meta property=\"og:url\" content=\"https:\/\/www.dermacenter.ch\/?product=louis-widmer-carbamid-forte-anti-hornhaut-fusscreme-50-ml\" \/>\n<meta property=\"og:site_name\" content=\"Dermacenter AG\" \/>\n<meta property=\"article:modified_time\" content=\"2020-04-03T12:21:22+00:00\" \/>\n<meta property=\"og:image\" content=\"https:\/\/www.dermacenter.ch\/wp-content\/uploads\/2020\/04\/Cerbamid.jpg\" \/>\n\t<meta property=\"og:image:width\" content=\"500\" \/>\n\t<meta property=\"og:image:height\" content=\"500\" \/>\n<meta name=\"twitter:card\" content=\"summary_large_image\" \/>\n<meta name=\"twitter:label1\" content=\"Gesch\u00e4tzte Lesezeit\">\n\t<meta name=\"twitter:data1\" content=\"1\u00a0Minute\">\n<script type=\"application\/ld+json\" class=\"yoast-schema-graph\">{\"@context\":\"https:\/\/schema.org\",\"@graph\":[{\"@type\":\"WebSite\",\"@id\":\"https:\/\/www.dermacenter.ch\/#website\",\"url\":\"https:\/\/www.dermacenter.ch\/\",\"name\":\"Dermacenter AG\",\"description\":\"\",\"potentialAction\":[{\"@type\":\"SearchAction\",\"target\":\"https:\/\/www.dermacenter.ch\/?s={search_term_string}\",\"query-input\":\"required name=search_term_string\"}],\"inLanguage\":\"de\"},{\"@type\":\"ImageObject\",\"@id\":\"https:\/\/www.dermacenter.ch\/?product=louis-widmer-carbamid-forte-anti-hornhaut-fusscreme-50-ml#primaryimage\",\"inLanguage\":\"de\",\"url\":\"https:\/\/www.dermacenter.ch\/wp-content\/uploads\/2020\/04\/Cerbamid.jpg\",\"width\":500,\"height\":500},{\"@type\":\"WebPage\",\"@id\":\"https:\/\/www.dermacenter.ch\/?product=louis-widmer-carbamid-forte-anti-hornhaut-fusscreme-50-ml#webpage\",\"url\":\"https:\/\/www.dermacenter.ch\/?product=louis-widmer-carbamid-forte-anti-hornhaut-fusscreme-50-ml\",\"name\":\"Louis Widmer Carbamid Forte Anti-Hornhaut Fusscreme 50 ml - Dermacenter AG\",\"isPartOf\":{\"@id\":\"https:\/\/www.dermacenter.ch\/#website\"},\"primaryImageOfPage\":{\"@id\":\"https:\/\/www.dermacenter.ch\/?product=louis-widmer-carbamid-forte-anti-hornhaut-fusscreme-50-ml#primaryimage\"},\"datePublished\":\"2020-04-03T12:21:17+00:00\",\"dateModified\":\"2020-04-03T12:21:22+00:00\",\"inLanguage\":\"de\",\"potentialAction\":[{\"@type\":\"ReadAction\",\"target\":[\"https:\/\/www.dermacenter.ch\/?product=louis-widmer-carbamid-forte-anti-hornhaut-fusscreme-50-ml\"]}]}]}<\/script>\n<!-- \/ Yoast SEO plugin. -->","_links":{"self":[{"href":"https:\/\/www.dermacenter.ch\/index.php?rest_route=\/wp\/v2\/product\/10040"}],"collection":[{"href":"https:\/\/www.dermacenter.ch\/index.php?rest_route=\/wp\/v2\/product"}],"about":[{"href":"https:\/\/www.dermacenter.ch\/index.php?rest_route=\/wp\/v2\/types\/product"}],"replies":[{"embeddable":true,"href":"https:\/\/www.dermacenter.ch\/index.php?rest_route=%2Fwp%2Fv2%2Fcomments&post=10040"}],"wp:featuredmedia":[{"embeddable":true,"href":"https:\/\/www.dermacenter.ch\/index.php?rest_route=\/wp\/v2\/media\/9545"}],"wp:attachment":[{"href":"https:\/\/www.dermacenter.ch\/index.php?rest_route=%2Fwp%2Fv2%2Fmedia&parent=10040"}],"curies":[{"name":"wp","href":"https:\/\/api.w.org\/{rel}","templated":true}]}}