{"id":10039,"date":"2020-04-03T14:21:17","date_gmt":"2020-04-03T12:21:17","guid":{"rendered":"http:\/\/derm.dermacenter.ch\/produkt\/import-placeholder-for-383\/"},"modified":"2020-04-03T14:21:22","modified_gmt":"2020-04-03T12:21:22","slug":"louis-widmer-deo-roll-on-ohne-parfum-50-ml","status":"publish","type":"product","link":"https:\/\/www.dermacenter.ch\/?product=louis-widmer-deo-roll-on-ohne-parfum-50-ml","title":{"rendered":"Louis Widmer  Deo Roll-on ohne Parfum 50 ml"},"content":{"rendered":"<p>Das Deodorant ohne Aluminium-Salze enth\u00e4lt bakteriostatische Wirkstoffe mit breitem Spektrum, die dermatologisch und allergologisch unbedenklich sind. Die milden Grundlagen gew\u00e4hrleisten eine optimale Vertr\u00e4glichkeit auch bei sehr empfindlicher Haut und werden ebenfalls von irritierter, ger\u00f6teter Haut im axill\u00e4ren Bereich gut vertragen.<\/p>\n<p>Chitosan ist ein pflegender Deo-Wirkstoff auf pflanzlicher Basis, Ethylhexylglycerin hemmt geruchsverursachende Bakterien auf der Haut und Silbermolek\u00fcle wirken leicht desinfizierend und antibakteriell.<\/p>\n","protected":false},"excerpt":{"rendered":"<p>Das Deodorant ohne Aluminium-Salze eignet sich f\u00fcr die Anwendung in den Achselh\u00f6hlen sowie an H\u00e4nden und F\u00fcssen.<\/p>\n","protected":false},"featured_media":9544,"comment_status":"open","ping_status":"closed","template":"","meta":[],"yoast_head":"<!-- This site is optimized with the Yoast SEO plugin v15.5 - https:\/\/yoast.com\/wordpress\/plugins\/seo\/ -->\n<title>Louis Widmer Deo Roll-on ohne Parfum 50 ml - Dermacenter AG<\/title>\n<meta name=\"robots\" content=\"index, follow, max-snippet:-1, max-image-preview:large, max-video-preview:-1\" \/>\n<link rel=\"canonical\" href=\"https:\/\/www.dermacenter.ch\/?product=louis-widmer-deo-roll-on-ohne-parfum-50-ml\" \/>\n<meta property=\"og:locale\" content=\"de_DE\" \/>\n<meta property=\"og:type\" content=\"article\" \/>\n<meta property=\"og:title\" content=\"Louis Widmer Deo Roll-on ohne Parfum 50 ml - Dermacenter AG\" \/>\n<meta property=\"og:description\" content=\"Das Deodorant ohne Aluminium-Salze eignet sich f\u00fcr die Anwendung in den Achselh\u00f6hlen sowie an H\u00e4nden und F\u00fcssen.\" \/>\n<meta property=\"og:url\" content=\"https:\/\/www.dermacenter.ch\/?product=louis-widmer-deo-roll-on-ohne-parfum-50-ml\" \/>\n<meta property=\"og:site_name\" content=\"Dermacenter AG\" \/>\n<meta property=\"article:modified_time\" content=\"2020-04-03T12:21:22+00:00\" \/>\n<meta property=\"og:image\" content=\"https:\/\/www.dermacenter.ch\/wp-content\/uploads\/2020\/04\/Deo-ohne.jpg\" \/>\n\t<meta property=\"og:image:width\" content=\"500\" \/>\n\t<meta property=\"og:image:height\" content=\"500\" \/>\n<meta name=\"twitter:card\" content=\"summary_large_image\" \/>\n<meta name=\"twitter:label1\" content=\"Gesch\u00e4tzte Lesezeit\">\n\t<meta name=\"twitter:data1\" content=\"0\u00a0Minuten\">\n<script type=\"application\/ld+json\" class=\"yoast-schema-graph\">{\"@context\":\"https:\/\/schema.org\",\"@graph\":[{\"@type\":\"WebSite\",\"@id\":\"https:\/\/www.dermacenter.ch\/#website\",\"url\":\"https:\/\/www.dermacenter.ch\/\",\"name\":\"Dermacenter AG\",\"description\":\"\",\"potentialAction\":[{\"@type\":\"SearchAction\",\"target\":\"https:\/\/www.dermacenter.ch\/?s={search_term_string}\",\"query-input\":\"required name=search_term_string\"}],\"inLanguage\":\"de\"},{\"@type\":\"ImageObject\",\"@id\":\"https:\/\/www.dermacenter.ch\/?product=louis-widmer-deo-roll-on-ohne-parfum-50-ml#primaryimage\",\"inLanguage\":\"de\",\"url\":\"https:\/\/www.dermacenter.ch\/wp-content\/uploads\/2020\/04\/Deo-ohne.jpg\",\"width\":500,\"height\":500},{\"@type\":\"WebPage\",\"@id\":\"https:\/\/www.dermacenter.ch\/?product=louis-widmer-deo-roll-on-ohne-parfum-50-ml#webpage\",\"url\":\"https:\/\/www.dermacenter.ch\/?product=louis-widmer-deo-roll-on-ohne-parfum-50-ml\",\"name\":\"Louis Widmer Deo Roll-on ohne Parfum 50 ml - Dermacenter AG\",\"isPartOf\":{\"@id\":\"https:\/\/www.dermacenter.ch\/#website\"},\"primaryImageOfPage\":{\"@id\":\"https:\/\/www.dermacenter.ch\/?product=louis-widmer-deo-roll-on-ohne-parfum-50-ml#primaryimage\"},\"datePublished\":\"2020-04-03T12:21:17+00:00\",\"dateModified\":\"2020-04-03T12:21:22+00:00\",\"inLanguage\":\"de\",\"potentialAction\":[{\"@type\":\"ReadAction\",\"target\":[\"https:\/\/www.dermacenter.ch\/?product=louis-widmer-deo-roll-on-ohne-parfum-50-ml\"]}]}]}<\/script>\n<!-- \/ Yoast SEO plugin. -->","_links":{"self":[{"href":"https:\/\/www.dermacenter.ch\/index.php?rest_route=\/wp\/v2\/product\/10039"}],"collection":[{"href":"https:\/\/www.dermacenter.ch\/index.php?rest_route=\/wp\/v2\/product"}],"about":[{"href":"https:\/\/www.dermacenter.ch\/index.php?rest_route=\/wp\/v2\/types\/product"}],"replies":[{"embeddable":true,"href":"https:\/\/www.dermacenter.ch\/index.php?rest_route=%2Fwp%2Fv2%2Fcomments&post=10039"}],"wp:featuredmedia":[{"embeddable":true,"href":"https:\/\/www.dermacenter.ch\/index.php?rest_route=\/wp\/v2\/media\/9544"}],"wp:attachment":[{"href":"https:\/\/www.dermacenter.ch\/index.php?rest_route=%2Fwp%2Fv2%2Fmedia&parent=10039"}],"curies":[{"name":"wp","href":"https:\/\/api.w.org\/{rel}","templated":true}]}}