{"id":10030,"date":"2020-04-03T14:21:16","date_gmt":"2020-04-03T12:21:16","guid":{"rendered":"http:\/\/derm.dermacenter.ch\/produkt\/import-placeholder-for-5716\/"},"modified":"2020-04-03T14:21:20","modified_gmt":"2020-04-03T12:21:20","slug":"lubex-anti-age-hydration-oil-30-ml","status":"publish","type":"product","link":"https:\/\/www.dermacenter.ch\/?product=lubex-anti-age-hydration-oil-30-ml","title":{"rendered":"Lubex \u2013 anti-age hydration oil 30 ml"},"content":{"rendered":"<p>Lubex anti-age hydration oil schenkt der Haut neue Vitalit\u00e4t und Frische. Es spendet intensiv Feuchtigkeit, st\u00e4rkt den Schutzmechanismus der Haut und macht sie elastisch. Das Spannungsgef\u00fchl wird stark reduziert und Ihre Haut f\u00fchlt sich samtweich an. F\u00fcr jeden Hauttyp geeignet.<\/p>\n<p>3-fach Intensivwirkung:  \u2022 strafft und gl\u00e4ttet die Haut und vermindert Falten sichtbar (Kahai Oil)  \u2022 hydratisiert und n\u00e4hrt intensiv und bringt die Haut zum Strahlen (Brazil Nut Oil)  \u2022 wirkt antioxidativ gegen freie Radikale, beruhigt und regeneriert die Haut nachhaltig (Black Orchid Extract, enth\u00e4lt Flavonoide)<\/p>\n","protected":false},"excerpt":{"rendered":"<p>Exklusives Gesichts\u00f6l f\u00fcr eine samtweiche und hydratisierte Haut<\/p>\n","protected":false},"featured_media":9536,"comment_status":"open","ping_status":"closed","template":"","meta":[],"yoast_head":"<!-- This site is optimized with the Yoast SEO plugin v15.5 - https:\/\/yoast.com\/wordpress\/plugins\/seo\/ -->\n<title>Lubex \u2013 anti-age hydration oil 30 ml - Dermacenter AG<\/title>\n<meta name=\"robots\" content=\"index, follow, max-snippet:-1, max-image-preview:large, max-video-preview:-1\" \/>\n<link rel=\"canonical\" href=\"https:\/\/www.dermacenter.ch\/?product=lubex-anti-age-hydration-oil-30-ml\" \/>\n<meta property=\"og:locale\" content=\"de_DE\" \/>\n<meta property=\"og:type\" content=\"article\" \/>\n<meta property=\"og:title\" content=\"Lubex \u2013 anti-age hydration oil 30 ml - Dermacenter AG\" \/>\n<meta property=\"og:description\" content=\"Exklusives Gesichts\u00f6l f\u00fcr eine samtweiche und hydratisierte Haut\" \/>\n<meta property=\"og:url\" content=\"https:\/\/www.dermacenter.ch\/?product=lubex-anti-age-hydration-oil-30-ml\" \/>\n<meta property=\"og:site_name\" content=\"Dermacenter AG\" \/>\n<meta property=\"article:modified_time\" content=\"2020-04-03T12:21:20+00:00\" \/>\n<meta property=\"og:image\" content=\"https:\/\/www.dermacenter.ch\/wp-content\/uploads\/2020\/04\/Lubex_aa-hydration_oil.jpg\" \/>\n\t<meta property=\"og:image:width\" content=\"500\" \/>\n\t<meta property=\"og:image:height\" content=\"500\" \/>\n<meta name=\"twitter:card\" content=\"summary_large_image\" \/>\n<meta name=\"twitter:label1\" content=\"Gesch\u00e4tzte Lesezeit\">\n\t<meta name=\"twitter:data1\" content=\"0\u00a0Minuten\">\n<script type=\"application\/ld+json\" class=\"yoast-schema-graph\">{\"@context\":\"https:\/\/schema.org\",\"@graph\":[{\"@type\":\"WebSite\",\"@id\":\"https:\/\/www.dermacenter.ch\/#website\",\"url\":\"https:\/\/www.dermacenter.ch\/\",\"name\":\"Dermacenter AG\",\"description\":\"\",\"potentialAction\":[{\"@type\":\"SearchAction\",\"target\":\"https:\/\/www.dermacenter.ch\/?s={search_term_string}\",\"query-input\":\"required name=search_term_string\"}],\"inLanguage\":\"de\"},{\"@type\":\"ImageObject\",\"@id\":\"https:\/\/www.dermacenter.ch\/?product=lubex-anti-age-hydration-oil-30-ml#primaryimage\",\"inLanguage\":\"de\",\"url\":\"https:\/\/www.dermacenter.ch\/wp-content\/uploads\/2020\/04\/Lubex_aa-hydration_oil.jpg\",\"width\":500,\"height\":500},{\"@type\":\"WebPage\",\"@id\":\"https:\/\/www.dermacenter.ch\/?product=lubex-anti-age-hydration-oil-30-ml#webpage\",\"url\":\"https:\/\/www.dermacenter.ch\/?product=lubex-anti-age-hydration-oil-30-ml\",\"name\":\"Lubex \\u2013 anti-age hydration oil 30 ml - Dermacenter AG\",\"isPartOf\":{\"@id\":\"https:\/\/www.dermacenter.ch\/#website\"},\"primaryImageOfPage\":{\"@id\":\"https:\/\/www.dermacenter.ch\/?product=lubex-anti-age-hydration-oil-30-ml#primaryimage\"},\"datePublished\":\"2020-04-03T12:21:16+00:00\",\"dateModified\":\"2020-04-03T12:21:20+00:00\",\"inLanguage\":\"de\",\"potentialAction\":[{\"@type\":\"ReadAction\",\"target\":[\"https:\/\/www.dermacenter.ch\/?product=lubex-anti-age-hydration-oil-30-ml\"]}]}]}<\/script>\n<!-- \/ Yoast SEO plugin. -->","_links":{"self":[{"href":"https:\/\/www.dermacenter.ch\/index.php?rest_route=\/wp\/v2\/product\/10030"}],"collection":[{"href":"https:\/\/www.dermacenter.ch\/index.php?rest_route=\/wp\/v2\/product"}],"about":[{"href":"https:\/\/www.dermacenter.ch\/index.php?rest_route=\/wp\/v2\/types\/product"}],"replies":[{"embeddable":true,"href":"https:\/\/www.dermacenter.ch\/index.php?rest_route=%2Fwp%2Fv2%2Fcomments&post=10030"}],"wp:featuredmedia":[{"embeddable":true,"href":"https:\/\/www.dermacenter.ch\/index.php?rest_route=\/wp\/v2\/media\/9536"}],"wp:attachment":[{"href":"https:\/\/www.dermacenter.ch\/index.php?rest_route=%2Fwp%2Fv2%2Fmedia&parent=10030"}],"curies":[{"name":"wp","href":"https:\/\/api.w.org\/{rel}","templated":true}]}}