{"id":10025,"date":"2020-04-03T14:21:15","date_gmt":"2020-04-03T12:21:15","guid":{"rendered":"http:\/\/derm.dermacenter.ch\/produkt\/import-placeholder-for-5676\/"},"modified":"2020-04-03T14:21:20","modified_gmt":"2020-04-03T12:21:20","slug":"lubex-anti-age-vitamin-c-concentrate-30-ml","status":"publish","type":"product","link":"https:\/\/www.dermacenter.ch\/?product=lubex-anti-age-vitamin-c-concentrate-30-ml","title":{"rendered":"Lubex \u2013 anti-age vitamin C concentrate 30 ml"},"content":{"rendered":"<p>Lubex anti-age vitamin C concentrate ist geeignet f\u00fcr jeden Hauttyp und jedes Alter. Es reduziert sichtbar Pigmentflecken und Falten. Die Haut wirkt dadurch gleich ebenm\u00e4ssiger und j\u00fcnger. Lubex anti-age Vitamin\u00a0C concentrate behandelt die unterschiedlichen Bed\u00fcrfnisse der Haut gezielt von der Oberfl\u00e4che bis in die Tiefe.<\/p>\n<p><strong>Wirkung:<\/strong>  \u2022 hemmt die Produktion von Melanin und hellt \u00fcberm\u00e4ssig pigmentierte Hautstellen sichtbar auf  \u00a0 (10% Vitamin-C-Glucoside)  \u2022 sorgt f\u00fcr einen ebenm\u00e4ssigen Teint und Ausstrahlung (Soja-Isoflavone\u00a0und Kressesprossenextrakt)  \u2022 wirkt stark antioxidativ und sch\u00fctzt vor Photoaging (Vitamin E in Synergie mit Vitamin-C-Glucosiden)  \u2022 reduziert Falten und hydratisiert intensiv (Hyalurons\u00e4ure)<\/p>\n","protected":false},"excerpt":{"rendered":"<p>High-dosed Depigmenting-Wirkpflegeserum &#8211; effektiv gegen Pigmentflecken<\/p>\n","protected":false},"featured_media":9531,"comment_status":"open","ping_status":"closed","template":"","meta":[],"yoast_head":"<!-- This site is optimized with the Yoast SEO plugin v15.5 - https:\/\/yoast.com\/wordpress\/plugins\/seo\/ -->\n<title>Lubex \u2013 anti-age vitamin C concentrate 30 ml - Dermacenter AG<\/title>\n<meta name=\"robots\" content=\"index, follow, max-snippet:-1, max-image-preview:large, max-video-preview:-1\" \/>\n<link rel=\"canonical\" href=\"https:\/\/www.dermacenter.ch\/?product=lubex-anti-age-vitamin-c-concentrate-30-ml\" \/>\n<meta property=\"og:locale\" content=\"de_DE\" \/>\n<meta property=\"og:type\" content=\"article\" \/>\n<meta property=\"og:title\" content=\"Lubex \u2013 anti-age vitamin C concentrate 30 ml - Dermacenter AG\" \/>\n<meta property=\"og:description\" content=\"High-dosed Depigmenting-Wirkpflegeserum - effektiv gegen Pigmentflecken\" \/>\n<meta property=\"og:url\" content=\"https:\/\/www.dermacenter.ch\/?product=lubex-anti-age-vitamin-c-concentrate-30-ml\" \/>\n<meta property=\"og:site_name\" content=\"Dermacenter AG\" \/>\n<meta property=\"article:modified_time\" content=\"2020-04-03T12:21:20+00:00\" \/>\n<meta property=\"og:image\" content=\"https:\/\/www.dermacenter.ch\/wp-content\/uploads\/2020\/04\/FL_Lubex_aa_Vitamin_C_30ml_161017.jpg\" \/>\n\t<meta property=\"og:image:width\" content=\"500\" \/>\n\t<meta property=\"og:image:height\" content=\"500\" \/>\n<meta name=\"twitter:card\" content=\"summary_large_image\" \/>\n<meta name=\"twitter:label1\" content=\"Gesch\u00e4tzte Lesezeit\">\n\t<meta name=\"twitter:data1\" content=\"0\u00a0Minuten\">\n<script type=\"application\/ld+json\" class=\"yoast-schema-graph\">{\"@context\":\"https:\/\/schema.org\",\"@graph\":[{\"@type\":\"WebSite\",\"@id\":\"https:\/\/www.dermacenter.ch\/#website\",\"url\":\"https:\/\/www.dermacenter.ch\/\",\"name\":\"Dermacenter AG\",\"description\":\"\",\"potentialAction\":[{\"@type\":\"SearchAction\",\"target\":\"https:\/\/www.dermacenter.ch\/?s={search_term_string}\",\"query-input\":\"required name=search_term_string\"}],\"inLanguage\":\"de\"},{\"@type\":\"ImageObject\",\"@id\":\"https:\/\/www.dermacenter.ch\/?product=lubex-anti-age-vitamin-c-concentrate-30-ml#primaryimage\",\"inLanguage\":\"de\",\"url\":\"https:\/\/www.dermacenter.ch\/wp-content\/uploads\/2020\/04\/FL_Lubex_aa_Vitamin_C_30ml_161017.jpg\",\"width\":500,\"height\":500},{\"@type\":\"WebPage\",\"@id\":\"https:\/\/www.dermacenter.ch\/?product=lubex-anti-age-vitamin-c-concentrate-30-ml#webpage\",\"url\":\"https:\/\/www.dermacenter.ch\/?product=lubex-anti-age-vitamin-c-concentrate-30-ml\",\"name\":\"Lubex \\u2013 anti-age vitamin C concentrate 30 ml - Dermacenter AG\",\"isPartOf\":{\"@id\":\"https:\/\/www.dermacenter.ch\/#website\"},\"primaryImageOfPage\":{\"@id\":\"https:\/\/www.dermacenter.ch\/?product=lubex-anti-age-vitamin-c-concentrate-30-ml#primaryimage\"},\"datePublished\":\"2020-04-03T12:21:15+00:00\",\"dateModified\":\"2020-04-03T12:21:20+00:00\",\"inLanguage\":\"de\",\"potentialAction\":[{\"@type\":\"ReadAction\",\"target\":[\"https:\/\/www.dermacenter.ch\/?product=lubex-anti-age-vitamin-c-concentrate-30-ml\"]}]}]}<\/script>\n<!-- \/ Yoast SEO plugin. -->","_links":{"self":[{"href":"https:\/\/www.dermacenter.ch\/index.php?rest_route=\/wp\/v2\/product\/10025"}],"collection":[{"href":"https:\/\/www.dermacenter.ch\/index.php?rest_route=\/wp\/v2\/product"}],"about":[{"href":"https:\/\/www.dermacenter.ch\/index.php?rest_route=\/wp\/v2\/types\/product"}],"replies":[{"embeddable":true,"href":"https:\/\/www.dermacenter.ch\/index.php?rest_route=%2Fwp%2Fv2%2Fcomments&post=10025"}],"wp:featuredmedia":[{"embeddable":true,"href":"https:\/\/www.dermacenter.ch\/index.php?rest_route=\/wp\/v2\/media\/9531"}],"wp:attachment":[{"href":"https:\/\/www.dermacenter.ch\/index.php?rest_route=%2Fwp%2Fv2%2Fmedia&parent=10025"}],"curies":[{"name":"wp","href":"https:\/\/api.w.org\/{rel}","templated":true}]}}