{"id":10010,"date":"2020-04-03T14:21:08","date_gmt":"2020-04-03T12:21:08","guid":{"rendered":"http:\/\/derm.dermacenter.ch\/produkt\/import-placeholder-for-680\/"},"modified":"2020-04-03T14:21:13","modified_gmt":"2020-04-03T12:21:13","slug":"princess-maske-green-tea-8-stk","status":"publish","type":"product","link":"https:\/\/www.dermacenter.ch\/?product=princess-maske-green-tea-8-stk","title":{"rendered":"Princess Maske Green Tea   8 Stk"},"content":{"rendered":"<p>Die Masken der Princess Skincare Reihe sind Faservliese aus 100 % Viskose und parabenfrei. Die Masken sind f\u00fcr alle Hauttypen geeignet und werden f\u00fcr die t\u00e4gliche Gesichtspflege empfohlen. Sie lassen sich einfach anwenden und entfernen. Legen Sie einfach eine Maske auf das gereinigte trockene Gesicht und ziehen Sie das weisse Schutzpapier ab. Lassen Sie die Maske 15 Minuten lang einwirken, entfernen Sie sie und massieren Sie die verbleibende Lotion ins Gesicht ein.<\/p>\n","protected":false},"excerpt":{"rendered":"<p>Die Masken der Princess Skincare Reihe sind Faservliese aus 100 % Viskose und parabenfrei. Die Masken sind f\u00fcr alle Hauttypen geeignet und werden f\u00fcr die t\u00e4gliche Gesichtspflege empfohlen. Sie lassen sich einfach anwenden und entfernen. Legen Sie einfach eine Maske auf das gereinigte trockene Gesicht und ziehen Sie das weisse Schutzpapier ab. Lassen Sie die [&hellip;]\n","protected":false},"featured_media":9487,"comment_status":"open","ping_status":"closed","template":"","meta":[],"yoast_head":"<!-- This site is optimized with the Yoast SEO plugin v15.5 - https:\/\/yoast.com\/wordpress\/plugins\/seo\/ -->\n<title>Princess Maske Green Tea  8 Stk - Dermacenter AG<\/title>\n<meta name=\"robots\" content=\"index, follow, max-snippet:-1, max-image-preview:large, max-video-preview:-1\" \/>\n<link rel=\"canonical\" href=\"https:\/\/www.dermacenter.ch\/?product=princess-maske-green-tea-8-stk\" \/>\n<meta property=\"og:locale\" content=\"de_DE\" \/>\n<meta property=\"og:type\" content=\"article\" \/>\n<meta property=\"og:title\" content=\"Princess Maske Green Tea  8 Stk - Dermacenter AG\" \/>\n<meta property=\"og:description\" content=\"Die Masken der Princess Skincare Reihe sind Faservliese aus 100 % Viskose und parabenfrei. Die Masken sind f\u00fcr alle Hauttypen geeignet und werden f\u00fcr die t\u00e4gliche Gesichtspflege empfohlen. Sie lassen sich einfach anwenden und entfernen. Legen Sie einfach eine Maske auf das gereinigte trockene Gesicht und ziehen Sie das weisse Schutzpapier ab. Lassen Sie die [&hellip;]\" \/>\n<meta property=\"og:url\" content=\"https:\/\/www.dermacenter.ch\/?product=princess-maske-green-tea-8-stk\" \/>\n<meta property=\"og:site_name\" content=\"Dermacenter AG\" \/>\n<meta property=\"article:modified_time\" content=\"2020-04-03T12:21:13+00:00\" \/>\n<meta property=\"og:image\" content=\"https:\/\/www.dermacenter.ch\/wp-content\/uploads\/2020\/04\/product-gt-1310v2-pva.jpg\" \/>\n\t<meta property=\"og:image:width\" content=\"478\" \/>\n\t<meta property=\"og:image:height\" content=\"654\" \/>\n<meta name=\"twitter:card\" content=\"summary_large_image\" \/>\n<meta name=\"twitter:label1\" content=\"Gesch\u00e4tzte Lesezeit\">\n\t<meta name=\"twitter:data1\" content=\"0\u00a0Minuten\">\n<script type=\"application\/ld+json\" class=\"yoast-schema-graph\">{\"@context\":\"https:\/\/schema.org\",\"@graph\":[{\"@type\":\"WebSite\",\"@id\":\"https:\/\/www.dermacenter.ch\/#website\",\"url\":\"https:\/\/www.dermacenter.ch\/\",\"name\":\"Dermacenter AG\",\"description\":\"\",\"potentialAction\":[{\"@type\":\"SearchAction\",\"target\":\"https:\/\/www.dermacenter.ch\/?s={search_term_string}\",\"query-input\":\"required name=search_term_string\"}],\"inLanguage\":\"de\"},{\"@type\":\"ImageObject\",\"@id\":\"https:\/\/www.dermacenter.ch\/?product=princess-maske-green-tea-8-stk#primaryimage\",\"inLanguage\":\"de\",\"url\":\"https:\/\/www.dermacenter.ch\/wp-content\/uploads\/2020\/04\/product-gt-1310v2-pva.jpg\",\"width\":478,\"height\":654},{\"@type\":\"WebPage\",\"@id\":\"https:\/\/www.dermacenter.ch\/?product=princess-maske-green-tea-8-stk#webpage\",\"url\":\"https:\/\/www.dermacenter.ch\/?product=princess-maske-green-tea-8-stk\",\"name\":\"Princess Maske Green Tea 8 Stk - Dermacenter AG\",\"isPartOf\":{\"@id\":\"https:\/\/www.dermacenter.ch\/#website\"},\"primaryImageOfPage\":{\"@id\":\"https:\/\/www.dermacenter.ch\/?product=princess-maske-green-tea-8-stk#primaryimage\"},\"datePublished\":\"2020-04-03T12:21:08+00:00\",\"dateModified\":\"2020-04-03T12:21:13+00:00\",\"inLanguage\":\"de\",\"potentialAction\":[{\"@type\":\"ReadAction\",\"target\":[\"https:\/\/www.dermacenter.ch\/?product=princess-maske-green-tea-8-stk\"]}]}]}<\/script>\n<!-- \/ Yoast SEO plugin. -->","_links":{"self":[{"href":"https:\/\/www.dermacenter.ch\/index.php?rest_route=\/wp\/v2\/product\/10010"}],"collection":[{"href":"https:\/\/www.dermacenter.ch\/index.php?rest_route=\/wp\/v2\/product"}],"about":[{"href":"https:\/\/www.dermacenter.ch\/index.php?rest_route=\/wp\/v2\/types\/product"}],"replies":[{"embeddable":true,"href":"https:\/\/www.dermacenter.ch\/index.php?rest_route=%2Fwp%2Fv2%2Fcomments&post=10010"}],"wp:featuredmedia":[{"embeddable":true,"href":"https:\/\/www.dermacenter.ch\/index.php?rest_route=\/wp\/v2\/media\/9487"}],"wp:attachment":[{"href":"https:\/\/www.dermacenter.ch\/index.php?rest_route=%2Fwp%2Fv2%2Fmedia&parent=10010"}],"curies":[{"name":"wp","href":"https:\/\/api.w.org\/{rel}","templated":true}]}}