{"id":10006,"date":"2020-04-03T14:21:08","date_gmt":"2020-04-03T12:21:08","guid":{"rendered":"http:\/\/derm.dermacenter.ch\/produkt\/import-placeholder-for-974\/"},"modified":"2024-05-15T08:24:09","modified_gmt":"2024-05-15T06:24:09","slug":"skinceuticals-c-e-ferulic-30-ml","status":"publish","type":"product","link":"https:\/\/www.dermacenter.ch\/?product=skinceuticals-c-e-ferulic-30-ml","title":{"rendered":"SkinCeuticals \u2013 CE Ferulic 30 ml"},"content":{"rendered":"<p>C E Ferulic ist ein patentiertes, hochkonzentriertes, antioxidatives Serum, das vorzeitiger Hautalterung vorbeugt. Es verdoppelt den hauteigenen Schutz gegen oxidative Sch\u00e4den in den Hautzellen, die durch UV-Strahlung, Luftverschmutzung und Nikotin verursacht werden. Ein besserer Schutz auf Zellniveau bedeutet eine jugendlich aussehende und gesunde Haut.\u00a0Sch\u00fctzt Tag f\u00fcr Tag vor den oxidativen Hauptverursachern vorzeitiger Hautalterung.\u00a0Stimuliert die Kollagenproduktion und baut die Hautstruktur auf, um sie zu festigen und zu straffen.\u00a0Verbessert die Festigkeit der Haut und versorgt sie mit Lipiden, um Falten zu reduzieren.\u00a0Sch\u00fctzt vor oxidativen Sch\u00e4den in den Hautzellen, die zu DNA-Mutationen bis hin zu Hautkrebs f\u00fchren k\u00f6nnen.\u00a0Kann nach dem Einziehen nicht mehr abgerieben oder abgewaschen werden und bewahrt seine Schutzwirkung.\u00a0Ideal als Erg\u00e4nzung zu einer Lichtschutzpflege.<\/p>\n","protected":false},"excerpt":{"rendered":"<p>Antioxidative, sch\u00fctzende 3-fach-Pflege mit 15 % L-Ascorbins\u00e4ure, 1 % Alpha-Tocopherol und 0,5 % Ferulas\u00e4ure.<\/p>\n","protected":false},"featured_media":9484,"comment_status":"open","ping_status":"closed","template":"","meta":[],"yoast_head":"<!-- This site is optimized with the Yoast SEO plugin v15.5 - https:\/\/yoast.com\/wordpress\/plugins\/seo\/ -->\n<title>SkinCeuticals \u2013 CE Ferulic 30 ml - Dermacenter AG<\/title>\n<meta name=\"robots\" content=\"index, follow, max-snippet:-1, max-image-preview:large, max-video-preview:-1\" \/>\n<link rel=\"canonical\" href=\"https:\/\/www.dermacenter.ch\/?product=skinceuticals-c-e-ferulic-30-ml\" \/>\n<meta property=\"og:locale\" content=\"de_DE\" \/>\n<meta property=\"og:type\" content=\"article\" \/>\n<meta property=\"og:title\" content=\"SkinCeuticals \u2013 CE Ferulic 30 ml - Dermacenter AG\" \/>\n<meta property=\"og:description\" content=\"Antioxidative, sch\u00fctzende 3-fach-Pflege mit 15 % L-Ascorbins\u00e4ure, 1 % Alpha-Tocopherol und 0,5 % Ferulas\u00e4ure.\" \/>\n<meta property=\"og:url\" content=\"https:\/\/www.dermacenter.ch\/?product=skinceuticals-c-e-ferulic-30-ml\" \/>\n<meta property=\"og:site_name\" content=\"Dermacenter AG\" \/>\n<meta property=\"article:modified_time\" content=\"2024-05-15T06:24:09+00:00\" \/>\n<meta property=\"og:image\" content=\"https:\/\/www.dermacenter.ch\/wp-content\/uploads\/2020\/04\/C_E_Ferulic.jpg\" \/>\n\t<meta property=\"og:image:width\" content=\"500\" \/>\n\t<meta property=\"og:image:height\" content=\"500\" \/>\n<meta name=\"twitter:card\" content=\"summary_large_image\" \/>\n<meta name=\"twitter:label1\" content=\"Gesch\u00e4tzte Lesezeit\">\n\t<meta name=\"twitter:data1\" content=\"1\u00a0Minute\">\n<script type=\"application\/ld+json\" class=\"yoast-schema-graph\">{\"@context\":\"https:\/\/schema.org\",\"@graph\":[{\"@type\":\"WebSite\",\"@id\":\"https:\/\/www.dermacenter.ch\/#website\",\"url\":\"https:\/\/www.dermacenter.ch\/\",\"name\":\"Dermacenter AG\",\"description\":\"\",\"potentialAction\":[{\"@type\":\"SearchAction\",\"target\":\"https:\/\/www.dermacenter.ch\/?s={search_term_string}\",\"query-input\":\"required name=search_term_string\"}],\"inLanguage\":\"de\"},{\"@type\":\"ImageObject\",\"@id\":\"https:\/\/www.dermacenter.ch\/?product=skinceuticals-c-e-ferulic-30-ml#primaryimage\",\"inLanguage\":\"de\",\"url\":\"https:\/\/www.dermacenter.ch\/wp-content\/uploads\/2020\/04\/C_E_Ferulic.jpg\",\"width\":500,\"height\":500},{\"@type\":\"WebPage\",\"@id\":\"https:\/\/www.dermacenter.ch\/?product=skinceuticals-c-e-ferulic-30-ml#webpage\",\"url\":\"https:\/\/www.dermacenter.ch\/?product=skinceuticals-c-e-ferulic-30-ml\",\"name\":\"SkinCeuticals \\u2013 CE Ferulic 30 ml - Dermacenter AG\",\"isPartOf\":{\"@id\":\"https:\/\/www.dermacenter.ch\/#website\"},\"primaryImageOfPage\":{\"@id\":\"https:\/\/www.dermacenter.ch\/?product=skinceuticals-c-e-ferulic-30-ml#primaryimage\"},\"datePublished\":\"2020-04-03T12:21:08+00:00\",\"dateModified\":\"2024-05-15T06:24:09+00:00\",\"inLanguage\":\"de\",\"potentialAction\":[{\"@type\":\"ReadAction\",\"target\":[\"https:\/\/www.dermacenter.ch\/?product=skinceuticals-c-e-ferulic-30-ml\"]}]}]}<\/script>\n<!-- \/ Yoast SEO plugin. -->","_links":{"self":[{"href":"https:\/\/www.dermacenter.ch\/index.php?rest_route=\/wp\/v2\/product\/10006"}],"collection":[{"href":"https:\/\/www.dermacenter.ch\/index.php?rest_route=\/wp\/v2\/product"}],"about":[{"href":"https:\/\/www.dermacenter.ch\/index.php?rest_route=\/wp\/v2\/types\/product"}],"replies":[{"embeddable":true,"href":"https:\/\/www.dermacenter.ch\/index.php?rest_route=%2Fwp%2Fv2%2Fcomments&post=10006"}],"wp:featuredmedia":[{"embeddable":true,"href":"https:\/\/www.dermacenter.ch\/index.php?rest_route=\/wp\/v2\/media\/9484"}],"wp:attachment":[{"href":"https:\/\/www.dermacenter.ch\/index.php?rest_route=%2Fwp%2Fv2%2Fmedia&parent=10006"}],"curies":[{"name":"wp","href":"https:\/\/api.w.org\/{rel}","templated":true}]}}