{"id":10001,"date":"2020-04-03T14:21:07","date_gmt":"2020-04-03T12:21:07","guid":{"rendered":"http:\/\/derm.dermacenter.ch\/produkt\/import-placeholder-for-1025\/"},"modified":"2024-08-29T09:08:17","modified_gmt":"2024-08-29T07:08:17","slug":"skinceuticals-phloretin-cf-30-ml","status":"publish","type":"product","link":"https:\/\/www.dermacenter.ch\/?product=skinceuticals-phloretin-cf-30-ml","title":{"rendered":"SkinCeuticals \u2013 Phloretin CF 30 ml"},"content":{"rendered":"<p>Hochkonzentriertes Serum mit antioxidativer Breitbandwirkung mit\u00a02 % Phloretin, 10 % L-Ascorbins\u00e4ure und 0,5 % Ferulas\u00e4ure.\u00a0Phloretin CF, das Serum mit antioxidativer Breitband-Wirkung, sch\u00fctzt die Haut vor hochreaktiven Molek\u00fclen (inkl. freien Radikalen), die zu Zellsch\u00e4den und DNA-Mutationen f\u00fchren k\u00f6nnen. Zus\u00e4tzlich hilft es, sichtbare Zeichen lichtbedingter Hautalterung von innen heraus zu korrigieren.<\/p>\n<p>&#8211; Sch\u00fctzt Tag f\u00fcr Tag vor den oxidativen\u00a0Hauptverursachern vorzeitiger Hautalterung<\/p>\n<p>&#8211; Stimuliert die Kollagenproduktion und baut die Hautstruktur auf, um sie zu festigen und zu straffen<\/p>\n<p>&#8211; Mildert bei langfristiger Anwendung Hyperpigmentierung und Altersflecken<\/p>\n<p>&#8211; Sch\u00fctzt vor oxidativen Sch\u00e4den in den Hautzellen, die zu DNA-Mutationen bis hin zu Hautkrebs<\/p>\n<p>f\u00fchren k\u00f6nnen<\/p>\n<p>&#8211; Kann nach dem Einziehen nicht mehr abgerieben oder abgewaschen werden und bewahrt seine<\/p>\n<p>Schutzwirkung.<\/p>\n<p>&#8211;\u00a0Ideal als Erg\u00e4nzung zu einer Lichtschutzpflege<\/p>\n","protected":false},"excerpt":{"rendered":"<p>Hochkonzentriertes Serum mit antioxidativer Breitbandwirkung mit\u00a02 % Phloretin, 10 % L-Ascorbins\u00e4ure und 0,5 % Ferulas\u00e4ure.\u00a0Phloretin CF, das Serum mit antioxidativer Breitband-Wirkung, sch\u00fctzt die Haut vor hochreaktiven Molek\u00fclen (inkl. freien Radikalen), die zu Zellsch\u00e4den und DNA-Mutationen f\u00fchren k\u00f6nnen. Zus\u00e4tzlich hilft es, sichtbare Zeichen lichtbedingter Hautalterung von innen heraus zu korrigieren. &#8211; Sch\u00fctzt Tag f\u00fcr Tag vor [&hellip;]\n","protected":false},"featured_media":9479,"comment_status":"open","ping_status":"closed","template":"","meta":[],"yoast_head":"<!-- This site is optimized with the Yoast SEO plugin v15.5 - https:\/\/yoast.com\/wordpress\/plugins\/seo\/ -->\n<title>SkinCeuticals \u2013 Phloretin CF 30 ml - Dermacenter AG<\/title>\n<meta name=\"robots\" content=\"index, follow, max-snippet:-1, max-image-preview:large, max-video-preview:-1\" \/>\n<link rel=\"canonical\" href=\"https:\/\/www.dermacenter.ch\/?product=skinceuticals-phloretin-cf-30-ml\" \/>\n<meta property=\"og:locale\" content=\"de_DE\" \/>\n<meta property=\"og:type\" content=\"article\" \/>\n<meta property=\"og:title\" content=\"SkinCeuticals \u2013 Phloretin CF 30 ml - Dermacenter AG\" \/>\n<meta property=\"og:description\" content=\"Hochkonzentriertes Serum mit antioxidativer Breitbandwirkung mit\u00a02 % Phloretin, 10 % L-Ascorbins\u00e4ure und 0,5 % Ferulas\u00e4ure.\u00a0Phloretin CF, das Serum mit antioxidativer Breitband-Wirkung, sch\u00fctzt die Haut vor hochreaktiven Molek\u00fclen (inkl. freien Radikalen), die zu Zellsch\u00e4den und DNA-Mutationen f\u00fchren k\u00f6nnen. Zus\u00e4tzlich hilft es, sichtbare Zeichen lichtbedingter Hautalterung von innen heraus zu korrigieren. &#8211; Sch\u00fctzt Tag f\u00fcr Tag vor [&hellip;]\" \/>\n<meta property=\"og:url\" content=\"https:\/\/www.dermacenter.ch\/?product=skinceuticals-phloretin-cf-30-ml\" \/>\n<meta property=\"og:site_name\" content=\"Dermacenter AG\" \/>\n<meta property=\"article:modified_time\" content=\"2024-08-29T07:08:17+00:00\" \/>\n<meta property=\"og:image\" content=\"https:\/\/www.dermacenter.ch\/wp-content\/uploads\/2020\/04\/product_20.png\" \/>\n\t<meta property=\"og:image:width\" content=\"500\" \/>\n\t<meta property=\"og:image:height\" content=\"500\" \/>\n<meta name=\"twitter:card\" content=\"summary_large_image\" \/>\n<meta name=\"twitter:label1\" content=\"Gesch\u00e4tzte Lesezeit\">\n\t<meta name=\"twitter:data1\" content=\"1\u00a0Minute\">\n<script type=\"application\/ld+json\" class=\"yoast-schema-graph\">{\"@context\":\"https:\/\/schema.org\",\"@graph\":[{\"@type\":\"WebSite\",\"@id\":\"https:\/\/www.dermacenter.ch\/#website\",\"url\":\"https:\/\/www.dermacenter.ch\/\",\"name\":\"Dermacenter AG\",\"description\":\"\",\"potentialAction\":[{\"@type\":\"SearchAction\",\"target\":\"https:\/\/www.dermacenter.ch\/?s={search_term_string}\",\"query-input\":\"required name=search_term_string\"}],\"inLanguage\":\"de\"},{\"@type\":\"ImageObject\",\"@id\":\"https:\/\/www.dermacenter.ch\/?product=skinceuticals-phloretin-cf-30-ml#primaryimage\",\"inLanguage\":\"de\",\"url\":\"https:\/\/www.dermacenter.ch\/wp-content\/uploads\/2020\/04\/product_20.png\",\"width\":500,\"height\":500},{\"@type\":\"WebPage\",\"@id\":\"https:\/\/www.dermacenter.ch\/?product=skinceuticals-phloretin-cf-30-ml#webpage\",\"url\":\"https:\/\/www.dermacenter.ch\/?product=skinceuticals-phloretin-cf-30-ml\",\"name\":\"SkinCeuticals \\u2013 Phloretin CF 30 ml - Dermacenter AG\",\"isPartOf\":{\"@id\":\"https:\/\/www.dermacenter.ch\/#website\"},\"primaryImageOfPage\":{\"@id\":\"https:\/\/www.dermacenter.ch\/?product=skinceuticals-phloretin-cf-30-ml#primaryimage\"},\"datePublished\":\"2020-04-03T12:21:07+00:00\",\"dateModified\":\"2024-08-29T07:08:17+00:00\",\"inLanguage\":\"de\",\"potentialAction\":[{\"@type\":\"ReadAction\",\"target\":[\"https:\/\/www.dermacenter.ch\/?product=skinceuticals-phloretin-cf-30-ml\"]}]}]}<\/script>\n<!-- \/ Yoast SEO plugin. -->","_links":{"self":[{"href":"https:\/\/www.dermacenter.ch\/index.php?rest_route=\/wp\/v2\/product\/10001"}],"collection":[{"href":"https:\/\/www.dermacenter.ch\/index.php?rest_route=\/wp\/v2\/product"}],"about":[{"href":"https:\/\/www.dermacenter.ch\/index.php?rest_route=\/wp\/v2\/types\/product"}],"replies":[{"embeddable":true,"href":"https:\/\/www.dermacenter.ch\/index.php?rest_route=%2Fwp%2Fv2%2Fcomments&post=10001"}],"wp:featuredmedia":[{"embeddable":true,"href":"https:\/\/www.dermacenter.ch\/index.php?rest_route=\/wp\/v2\/media\/9479"}],"wp:attachment":[{"href":"https:\/\/www.dermacenter.ch\/index.php?rest_route=%2Fwp%2Fv2%2Fmedia&parent=10001"}],"curies":[{"name":"wp","href":"https:\/\/api.w.org\/{rel}","templated":true}]}}