{"id":13130,"date":"2022-09-16T16:10:24","date_gmt":"2022-09-16T14:10:24","guid":{"rendered":"https:\/\/www.dermacenter.ch\/?page_id=13130"},"modified":"2022-09-30T14:13:53","modified_gmt":"2022-09-30T12:13:53","slug":"onlinetermin","status":"publish","type":"page","link":"https:\/\/www.dermacenter.ch\/?page_id=13130","title":{"rendered":"Onlinetermin"},"content":{"rendered":"  <section class=\"section\" id=\"section_862865737\">\n      <div class=\"bg section-bg fill bg-fill  \" >\n\n        \n        \n        \n        \n        \n        \n\t<div class=\"is-border\"\n\t\tstyle=\"border-color:rgb(235, 235, 235);border-width:1px 0px 0px 0px;\">\n\t<\/div>\n\n      <\/div><!-- .section-bg -->\n\n      <div class=\"section-content relative\">\n        \n      <\/div><!-- .section-content -->\n\n      \n<style scope=\"scope\">\n\n#section_862865737 {\n  padding-top: 60px;\n  padding-bottom: 60px;\n  min-height: 466px;\n  background-color: rgb(245, 245, 245);\n}\n#section_862865737 .section-bg.bg-loaded {\n  background-image: url(https:\/\/www.dermacenter.ch\/wp-content\/uploads\/2022\/09\/Banner_Online_Doctor-2.jpg);\n}\n#section_862865737 .section-bg {\n  background-position: 0% 14%;\n}\n<\/style>\n  <\/section>\n  \n<div class=\"row\"  id=\"row-737054039\">\n<div class=\"col small-12 large-12\"  ><div class=\"col-inner\"  >\n<h1 class=\"vc_custom_heading us_custom_5cd26a65\">Jetzt online in die Hautarztpraxis!<\/h1>\n<div class=\"wpb_text_column us_custom_8b3d6790 has_text_color\">\n<div class=\"wpb_wrapper\">\n<p class=\"p1\">Schnell und einfach fach\u00e4rztliche Hilfe bei Hautproblemen \u2013 in k\u00fcrzester Zeit und von \u00fcberall in der Schweiz zur Diagnose f\u00fcr nur CHF 55.-. <\/p>\n<\/div>\n<\/div>\n<h2 class=\"vc_custom_heading us_custom_d87c7e25\">So einfach funktioniert&#8217;s<\/h2>\n<div class=\"g-cols wpb_row via_flex valign_middle type_default stacking_default\">\n<div class=\"vc_col-sm-10 wpb_column vc_column_container\">\n<div class=\"vc_column-inner\">\n<div class=\"wpb_wrapper\">\n<div class=\"wpb_text_column us_custom_eb849559\">\n<div class=\"wpb_wrapper\">\n<h3 class=\"p1\">Sicherheit Ihrer Daten<\/h3>\n<p>Die Sicherheit Ihrer Daten hat f\u00fcr uns h\u00f6chste Priorit\u00e4t. Damit wir sicherstellen k\u00f6nnen, dass Ihre Anfrage und die damit verbundenen Daten nur f\u00fcr Sie zug\u00e4nglich sind, bitten wir Sie im ersten Schritt Ihre Handynummer zu verifizieren.<\/p>\n<\/div>\n<\/div>\n<\/div>\n<\/div>\n<\/div>\n<\/div>\n<div class=\"g-cols wpb_row via_flex valign_middle type_default stacking_default\">\n<div class=\"vc_col-sm-10 wpb_column vc_column_container\">\n<div class=\"vc_column-inner\">\n<div class=\"wpb_wrapper\">\n<div class=\"wpb_text_column us_custom_eb849559\">\n<div class=\"wpb_wrapper\">\n<h3 class=\"p1\">Arzt oder \u00c4rztin ausw\u00e4hlen<\/h3>\n<p>Sie bestimmen, wer sich Ihr Hautleiden online anschauen soll. W\u00e4hlen Sie die gew\u00fcnschte Haut\u00e4rztin oder Hautarzt aus.<\/p>\n<\/div>\n<\/div>\n<\/div>\n<\/div>\n<\/div>\n<\/div>\n<div class=\"g-cols wpb_row via_flex valign_middle type_default stacking_default\">\n<div class=\"vc_col-sm-10 wpb_column vc_column_container\">\n<div class=\"vc_column-inner\">\n<div class=\"wpb_wrapper\">\n<div class=\"wpb_text_column us_custom_eb849559\">\n<div class=\"wpb_wrapper\">\n<h3 class=\"p1\">Beschwerden beschreiben und Fotos des Hautproblems hochladen<\/h3>\n<p>Beschreiben Sie Ihr Hautleiden mithilfe unseres intelligenten Chat-Assistenten und fotografieren Sie die betroffene Hautstelle. Die Informationen sind f\u00fcr den Hautarzt bzw. die Haut\u00e4rztin zur Beurteilung sehr wichtig.<\/p>\n<\/div>\n<\/div>\n<\/div>\n<\/div>\n<\/div>\n<\/div>\n<div class=\"g-cols wpb_row via_flex valign_middle type_default stacking_default\">\n<div class=\"vc_col-sm-10 wpb_column vc_column_container\">\n<div class=\"vc_column-inner\">\n<div class=\"wpb_wrapper\">\n<div class=\"wpb_text_column us_custom_1f257949\">\n<div class=\"wpb_wrapper\">\n<h3 class=\"p1\">Fach\u00e4rztliche Diagnose erhalten<\/h3>\n<p class=\"p2\">Innerhalb kurzer Zeit erhalten Sie unsere fach\u00e4rztliche Einsch\u00e4tzung, eine konkrete Empfehlung, was Sie wegen Ihres Hautproblems tun k\u00f6nnen.<\/p>\n<\/div>\n<\/div>\n<\/div>\n<\/div>\n<\/div>\n<\/div>\n<a rel=\"noopener noreferrer\" href=\"https:\/\/doctors.onlinedoctor.cloud\/de\/t\/ch\/w\/dermacenter-ag\" target=\"_blank\" class=\"button primary\"  >\n    <span>Jetzt Anfrage stellen<\/span>\n  <\/a>\n\n<\/div><\/div>\n<\/div>\n","protected":false},"excerpt":{"rendered":"","protected":false},"author":1,"featured_media":0,"parent":24,"menu_order":0,"comment_status":"closed","ping_status":"closed","template":"page-blank.php","meta":[],"yoast_head":"<!-- This site is optimized with the Yoast SEO plugin v15.5 - https:\/\/yoast.com\/wordpress\/plugins\/seo\/ -->\n<title>Onlinetermin - Dermacenter AG<\/title>\n<meta name=\"robots\" content=\"index, follow, max-snippet:-1, max-image-preview:large, max-video-preview:-1\" \/>\n<link rel=\"canonical\" href=\"https:\/\/www.dermacenter.ch\/?page_id=13130\" \/>\n<meta property=\"og:locale\" content=\"de_DE\" \/>\n<meta property=\"og:type\" content=\"article\" \/>\n<meta property=\"og:title\" content=\"Onlinetermin - Dermacenter AG\" \/>\n<meta property=\"og:url\" content=\"https:\/\/www.dermacenter.ch\/?page_id=13130\" \/>\n<meta property=\"og:site_name\" content=\"Dermacenter AG\" \/>\n<meta property=\"article:modified_time\" content=\"2022-09-30T12:13:53+00:00\" \/>\n<meta name=\"twitter:card\" content=\"summary_large_image\" \/>\n<meta name=\"twitter:label1\" content=\"Gesch\u00e4tzte Lesezeit\">\n\t<meta name=\"twitter:data1\" content=\"1\u00a0Minute\">\n<script type=\"application\/ld+json\" class=\"yoast-schema-graph\">{\"@context\":\"https:\/\/schema.org\",\"@graph\":[{\"@type\":\"WebSite\",\"@id\":\"https:\/\/www.dermacenter.ch\/#website\",\"url\":\"https:\/\/www.dermacenter.ch\/\",\"name\":\"Dermacenter AG\",\"description\":\"\",\"potentialAction\":[{\"@type\":\"SearchAction\",\"target\":\"https:\/\/www.dermacenter.ch\/?s={search_term_string}\",\"query-input\":\"required name=search_term_string\"}],\"inLanguage\":\"de\"},{\"@type\":\"WebPage\",\"@id\":\"https:\/\/www.dermacenter.ch\/?page_id=13130#webpage\",\"url\":\"https:\/\/www.dermacenter.ch\/?page_id=13130\",\"name\":\"Onlinetermin - Dermacenter AG\",\"isPartOf\":{\"@id\":\"https:\/\/www.dermacenter.ch\/#website\"},\"datePublished\":\"2022-09-16T14:10:24+00:00\",\"dateModified\":\"2022-09-30T12:13:53+00:00\",\"inLanguage\":\"de\",\"potentialAction\":[{\"@type\":\"ReadAction\",\"target\":[\"https:\/\/www.dermacenter.ch\/?page_id=13130\"]}]}]}<\/script>\n<!-- \/ Yoast SEO plugin. -->","_links":{"self":[{"href":"https:\/\/www.dermacenter.ch\/index.php?rest_route=\/wp\/v2\/pages\/13130"}],"collection":[{"href":"https:\/\/www.dermacenter.ch\/index.php?rest_route=\/wp\/v2\/pages"}],"about":[{"href":"https:\/\/www.dermacenter.ch\/index.php?rest_route=\/wp\/v2\/types\/page"}],"author":[{"embeddable":true,"href":"https:\/\/www.dermacenter.ch\/index.php?rest_route=\/wp\/v2\/users\/1"}],"replies":[{"embeddable":true,"href":"https:\/\/www.dermacenter.ch\/index.php?rest_route=%2Fwp%2Fv2%2Fcomments&post=13130"}],"version-history":[{"count":5,"href":"https:\/\/www.dermacenter.ch\/index.php?rest_route=\/wp\/v2\/pages\/13130\/revisions"}],"predecessor-version":[{"id":13166,"href":"https:\/\/www.dermacenter.ch\/index.php?rest_route=\/wp\/v2\/pages\/13130\/revisions\/13166"}],"up":[{"embeddable":true,"href":"https:\/\/www.dermacenter.ch\/index.php?rest_route=\/wp\/v2\/pages\/24"}],"wp:attachment":[{"href":"https:\/\/www.dermacenter.ch\/index.php?rest_route=%2Fwp%2Fv2%2Fmedia&parent=13130"}],"curies":[{"name":"wp","href":"https:\/\/api.w.org\/{rel}","templated":true}]}}