{"id":12129,"date":"2021-06-18T10:47:20","date_gmt":"2021-06-18T08:47:20","guid":{"rendered":"https:\/\/www.dermacenter.ch\/?page_id=12129"},"modified":"2022-10-24T11:23:31","modified_gmt":"2022-10-24T09:23:31","slug":"hydrafacial","status":"publish","type":"page","link":"https:\/\/www.dermacenter.ch\/?page_id=12129","title":{"rendered":"HydraFacial"},"content":{"rendered":"  <section class=\"section\" id=\"section_2076605490\">\n      <div class=\"bg section-bg fill bg-fill  \" >\n\n        \n        \n        \n        \n        \n        \n\t<div class=\"is-border\"\n\t\tstyle=\"border-color:rgb(235, 235, 235);border-width:1px 0px 0px 0px;\">\n\t<\/div>\n\n      <\/div><!-- .section-bg -->\n\n      <div class=\"section-content relative\">\n        \n      <\/div><!-- .section-content -->\n\n      \n<style scope=\"scope\">\n\n#section_2076605490 {\n  padding-top: 60px;\n  padding-bottom: 60px;\n  min-height: 379px;\n  background-color: rgb(245, 245, 245);\n}\n#section_2076605490 .section-bg.bg-loaded {\n  background-image: url(https:\/\/www.dermacenter.ch\/wp-content\/uploads\/2022\/10\/IMG_2679-scaled.jpg);\n}\n#section_2076605490 .section-bg {\n  background-position: 1% 78%;\n}\n<\/style>\n  <\/section>\n  \n<div class=\"row\"  id=\"row-1595062218\">\n<div class=\"col small-12 large-12\"  ><div class=\"col-inner\"  >\n<h1><strong>HYDRAFACIAL<\/strong><\/h1>\n<p>Zusammengefasst wird in 4 aufeinander abgestimmten Schritten, unter Zuhilfenahme eines quasi Mini \u201cStaubsaugers\u201d, Ihre Haut auf schonende Art tiefengereinigt und anschliessend mit auf Ihren Hauttyp abgestimmten Feuchtigkeitsprodukten gepflegt. Dieses f\u00fchrt zu einem <strong>Super-Glow<\/strong> Ihrer Haut, die nun viel praller und j\u00fcnger wirkt.<\/p>\n<p>Wann kann meine Haut besonders von<strong> HydraFacial<\/strong> profitieren? Bei Neigung zu kleinen F\u00e4ltchen, verstopften und erweiterten Poren, fettiger Haut, Akne oder Hyperpigmentierungen f\u00fchrt die HydraFacial-Behandlung zu einer deutlichen Versch\u00f6nerung des Hautbildes.<\/p>\n<p>Die <strong>HydraFacial<\/strong> Behandlung ist einer der neuesten und fortschrittlichsten nicht-invasiven Behandlungsweisen in dem Gebiet der Hauterneuerung, die nat\u00fcrlich auch von zahlreichen Hollywood Stars rege eingesetzt wird.<\/p>\n<p><strong>HydraFacial<\/strong> ist das einzige <strong>Hydradermabrasionsverfahren<\/strong>, welches Reinigung und Peeling kombiniert und zugleich Extraktion, Hydration und antioxidativen Schutz bietet. Es verhilft zu einem klaren, sch\u00f6nen Hautbild ohne Irritationen. Die Behandlung wirkt hervorragend vitalisierend und einzigartig feuchtigkeitsspendend auf die Haut.<\/p>\n<p><strong>HydraFacial<\/strong> nutzt spezielle Behandlungsaufs\u00e4tze, die eine milde bis kontrolliert starke Dermabrasion erlauben. Der patentierte Vortexaufsatz schleust die hochwirksamen konzentrierten Seren in die Haut ein, w\u00e4hrend die Vortex Aufsatzkanten die abgestorbenen Hautzellen abtragen und absaugen.<\/p>\n<p>Mit dem <strong>HydraFacial<\/strong>-Verfahren sind Behandlungen aller Hauttypen und Hautfarben m\u00f6glich. Bei dermatologischen Behandlungen, wie IPL oder Laseranwendungen eignet sich <strong>HydraFacial<\/strong> hervorragend als Vorbehandlung.<\/p>\n<p><strong>HydraFacial<\/strong> ist als Baustein dermatologischer Anwendungen in Kombination mit kosmetischen Behandlungen nicht mehr wegzudenken.<\/p>\n<p>\u00a0<\/p>\n<\/div><\/div>\n<\/div>\n  <section class=\"section\" id=\"section_1425106838\">\n      <div class=\"bg section-bg fill bg-fill  bg-loaded\" >\n\n        \n        \n        \n        \n        \n        \n\t<div class=\"is-border\"\n\t\tstyle=\"border-color:rgb(235, 235, 235);border-width:1px 0px 0px 0px;\">\n\t<\/div>\n\n      <\/div><!-- .section-bg -->\n\n      <div class=\"section-content relative\">\n        \n<div class=\"row\"  id=\"row-123969129\">\n<div class=\"col medium-6 small-12 large-6\"  ><div class=\"col-inner\"  >\n<h2><span style=\"color: #777777;\">KEY FACTS<\/span><\/h2>\n<table style=\"border-collapse: collapse; width: 100%; height: 72px;\">\n<tbody>\n<tr style=\"border-style: hidden;\">\n<td style=\"width: 29.7583%; height: 21px;\"><span style=\"color: #777777;\">Preis pro Sitzung:<\/span><\/td>\n<td style=\"width: 70.2418%; height: 21px;\"><span style=\"color: #777777;\">ab CHF 190<br \/><\/span><\/td>\n<\/tr>\n<tr style=\"border-style: hidden;\">\n<td style=\"width: 29.7583%; height: 10px;\"><span style=\"color: #777777;\">Wiederholung:<\/span><\/td>\n<td style=\"width: 70.2418%; height: 10px;\"><span style=\"color: #777777;\">3 Sitzungen<\/span><\/td>\n<\/tr>\n<tr style=\"border-style: hidden;\">\n<td style=\"width: 29.7583%; height: 10px;\"><span style=\"color: #777777;\">Behandlungsdauer:<\/span><\/td>\n<td style=\"width: 70.2418%; height: 10px;\"><span style=\"color: #777777;\">ca. 45 Minuten<\/span><\/td>\n<\/tr>\n<tr style=\"border-style: hidden;\">\n<td style=\"width: 29.7583%; height: 10px;\"><span style=\"color: #777777;\">Verheildauer:<\/span><\/td>\n<td style=\"width: 70.2418%; height: 10px;\"><span style=\"color: #777777;\">Keinerlei Wunden, sofort wieder gesellschaftsf\u00e4hig<\/span><\/td>\n<\/tr>\n<tr style=\"border-style: hidden;\">\n<td style=\"width: 29.7583%; height: 21px;\"><span style=\"color: #777777;\">Dauer ohne Sport:<\/span><\/td>\n<td style=\"width: 70.2418%; height: 21px;\"><span style=\"color: #777777;\">Sofort<br \/><\/span><\/td>\n<\/tr>\n<\/tbody>\n<\/table>\n<p>\u00a0<\/p>\n<\/div><\/div>\n<div class=\"col medium-6 small-12 large-6\"  ><div class=\"col-inner\"  >\n<h2 class=\"uppercase\"><a id=\"termin\"><\/a><span style=\"color: #777777;\">JETZT TERMIN VEREINBAREN<\/span><\/h2>\n<p>Unsere SpezialistInnen helfen Ihnen im pers\u00f6nlichen Gespr\u00e4ch gerne weiter. Geben Sie uns im Formular gerne Ihre Anliegen oder Bemerkungen an. Ihre Daten werden streng vertraulich behandelt.<\/p>\n<div role=\"form\" class=\"wpcf7\" id=\"wpcf7-f11901-o1\" lang=\"de-DE\" dir=\"ltr\">\n<div class=\"screen-reader-response\"><p role=\"status\" aria-live=\"polite\" aria-atomic=\"true\"><\/p> <ul><\/ul><\/div>\n<form action=\"\/index.php?rest_route=%2Fwp%2Fv2%2Fpages%2F12129#wpcf7-f11901-o1\" method=\"post\" class=\"wpcf7-form init\" novalidate=\"novalidate\" data-status=\"init\">\n<div style=\"display: none;\">\n<input type=\"hidden\" name=\"_wpcf7\" value=\"11901\" \/>\n<input type=\"hidden\" name=\"_wpcf7_version\" value=\"5.4\" \/>\n<input type=\"hidden\" name=\"_wpcf7_locale\" value=\"de_DE\" \/>\n<input type=\"hidden\" name=\"_wpcf7_unit_tag\" value=\"wpcf7-f11901-o1\" \/>\n<input type=\"hidden\" name=\"_wpcf7_container_post\" value=\"0\" \/>\n<input type=\"hidden\" name=\"_wpcf7_posted_data_hash\" value=\"\" \/>\n<input type=\"hidden\" name=\"_wpcf7cf_hidden_group_fields\" value=\"[]\" \/>\n<input type=\"hidden\" name=\"_wpcf7cf_hidden_groups\" value=\"[]\" \/>\n<input type=\"hidden\" name=\"_wpcf7cf_visible_groups\" value=\"[]\" \/>\n<input type=\"hidden\" name=\"_wpcf7cf_repeaters\" value=\"[]\" \/>\n<input type=\"hidden\" name=\"_wpcf7cf_steps\" value=\"{}\" \/>\n<input type=\"hidden\" name=\"_wpcf7cf_options\" value=\"{&quot;form_id&quot;:11901,&quot;conditions&quot;:[{&quot;then_field&quot;:&quot;Geburtsdatum&quot;,&quot;and_rules&quot;:[{&quot;if_field&quot;:&quot;menu-946&quot;,&quot;operator&quot;:&quot;equals&quot;,&quot;if_value&quot;:&quot;Ja&quot;}]}],&quot;settings&quot;:{&quot;animation&quot;:&quot;yes&quot;,&quot;animation_intime&quot;:200,&quot;animation_outtime&quot;:200,&quot;conditions_ui&quot;:&quot;normal&quot;,&quot;notice_dismissed&quot;:false,&quot;notice_dismissed_update-cf7-5.4.1&quot;:true,&quot;notice_dismissed_update-cf7-5.6.3&quot;:true,&quot;notice_dismissed_update-cf7-5.7.5.1&quot;:true}}\" \/>\n<\/div>\n<p><label> Sind Sie bestehender Patient?<br \/>\n<span class=\"wpcf7-form-control-wrap menu-946\"><select name=\"menu-946\" class=\"wpcf7-form-control wpcf7-select wpcf7-validates-as-required\" aria-required=\"true\" aria-invalid=\"false\"><option value=\"Nein\">Nein<\/option><option value=\"Ja\">Ja<\/option><\/select><\/span><br \/>\n<\/label><br \/>\n<label> Ihr Name (*)<br \/>\n    <span class=\"wpcf7-form-control-wrap your-name\"><input type=\"text\" name=\"your-name\" value=\"\" size=\"40\" class=\"wpcf7-form-control wpcf7-text wpcf7-validates-as-required\" aria-required=\"true\" aria-invalid=\"false\" \/><\/span> <\/label><\/p>\n<p><label> Ihre E-Mail-Adresse (*)<br \/>\n    <span class=\"wpcf7-form-control-wrap your-email\"><input type=\"email\" name=\"your-email\" value=\"\" size=\"40\" class=\"wpcf7-form-control wpcf7-text wpcf7-email wpcf7-validates-as-required wpcf7-validates-as-email\" aria-required=\"true\" aria-invalid=\"false\" \/><\/span> <\/label><\/p>\n<div data-id=\"Geburtsdatum\" data-orig_data_id=\"Geburtsdatum\"  class=\"\" data-class=\"wpcf7cf_group\"><label>Ihr Geburtsdatum (bei bestehenden Patienten)<br \/>\n<span class=\"wpcf7-form-control-wrap Geburtsdatum\"><input type=\"date\" name=\"Geburtsdatum\" value=\"\" class=\"wpcf7-form-control wpcf7-date wpcf7-validates-as-required wpcf7-validates-as-date\" aria-required=\"true\" aria-invalid=\"false\" \/><\/span><\/label><\/div>\n<p><label> Betreff<br \/>\n    <span class=\"wpcf7-form-control-wrap your-subject\"><input type=\"text\" name=\"your-subject\" value=\"\" size=\"40\" class=\"wpcf7-form-control wpcf7-text\" aria-invalid=\"false\" \/><\/span> <\/label><\/p>\n<p><label> Ihre Nachricht<br \/>\n    <span class=\"wpcf7-form-control-wrap your-message\"><textarea name=\"your-message\" cols=\"40\" rows=\"10\" class=\"wpcf7-form-control wpcf7-textarea\" aria-invalid=\"false\"><\/textarea><\/span> <\/label><br \/>\n<span id=\"wpcf7-69f467d27d844-wrapper\" class=\"wpcf7-form-control-wrap honey-wrap\" style=\"display:none !important; visibility:hidden !important;\"><label for=\"wpcf7-69f467d27d844-field\" class=\"hp-message\">Bitte lasse dieses Feld leer.<\/label><input id=\"wpcf7-69f467d27d844-field\"  class=\"wpcf7-form-control wpcf7-text\" type=\"text\" name=\"honey\" value=\"\" size=\"40\" tabindex=\"-1\" autocomplete=\"new-password\" \/><\/span><\/p>\n<p><input type=\"submit\" value=\"Senden\" class=\"wpcf7-form-control wpcf7-submit\" \/><\/p>\n<p>* Pflichtfelder<\/p>\n<div class=\"wpcf7-response-output\" aria-hidden=\"true\"><\/div><\/form><\/div>\n<\/div><\/div>\n<\/div>\n      <\/div><!-- .section-content -->\n\n      \n<style scope=\"scope\">\n\n#section_1425106838 {\n  padding-top: 27px;\n  padding-bottom: 27px;\n  min-height: 300px;\n  background-color: #FFD194;\n}\n<\/style>\n  <\/section>\n  \n","protected":false},"excerpt":{"rendered":"","protected":false},"author":1,"featured_media":0,"parent":10292,"menu_order":0,"comment_status":"closed","ping_status":"closed","template":"page-blank.php","meta":[],"yoast_head":"<!-- This site is optimized with the Yoast SEO plugin v15.5 - https:\/\/yoast.com\/wordpress\/plugins\/seo\/ -->\n<title>HydraFacial - Dermacenter AG<\/title>\n<meta name=\"robots\" content=\"index, follow, max-snippet:-1, max-image-preview:large, max-video-preview:-1\" \/>\n<link rel=\"canonical\" href=\"https:\/\/www.dermacenter.ch\/?page_id=12129\" \/>\n<meta property=\"og:locale\" content=\"de_DE\" \/>\n<meta property=\"og:type\" content=\"article\" \/>\n<meta property=\"og:title\" content=\"HydraFacial - Dermacenter AG\" \/>\n<meta property=\"og:url\" content=\"https:\/\/www.dermacenter.ch\/?page_id=12129\" \/>\n<meta property=\"og:site_name\" content=\"Dermacenter AG\" \/>\n<meta property=\"article:modified_time\" content=\"2022-10-24T09:23:31+00:00\" \/>\n<meta name=\"twitter:card\" content=\"summary_large_image\" \/>\n<meta name=\"twitter:label1\" content=\"Gesch\u00e4tzte Lesezeit\">\n\t<meta name=\"twitter:data1\" content=\"1\u00a0Minute\">\n<script type=\"application\/ld+json\" class=\"yoast-schema-graph\">{\"@context\":\"https:\/\/schema.org\",\"@graph\":[{\"@type\":\"WebSite\",\"@id\":\"https:\/\/www.dermacenter.ch\/#website\",\"url\":\"https:\/\/www.dermacenter.ch\/\",\"name\":\"Dermacenter AG\",\"description\":\"\",\"potentialAction\":[{\"@type\":\"SearchAction\",\"target\":\"https:\/\/www.dermacenter.ch\/?s={search_term_string}\",\"query-input\":\"required name=search_term_string\"}],\"inLanguage\":\"de\"},{\"@type\":\"WebPage\",\"@id\":\"https:\/\/www.dermacenter.ch\/?page_id=12129#webpage\",\"url\":\"https:\/\/www.dermacenter.ch\/?page_id=12129\",\"name\":\"HydraFacial - Dermacenter AG\",\"isPartOf\":{\"@id\":\"https:\/\/www.dermacenter.ch\/#website\"},\"datePublished\":\"2021-06-18T08:47:20+00:00\",\"dateModified\":\"2022-10-24T09:23:31+00:00\",\"inLanguage\":\"de\",\"potentialAction\":[{\"@type\":\"ReadAction\",\"target\":[\"https:\/\/www.dermacenter.ch\/?page_id=12129\"]}]}]}<\/script>\n<!-- \/ Yoast SEO plugin. -->","_links":{"self":[{"href":"https:\/\/www.dermacenter.ch\/index.php?rest_route=\/wp\/v2\/pages\/12129"}],"collection":[{"href":"https:\/\/www.dermacenter.ch\/index.php?rest_route=\/wp\/v2\/pages"}],"about":[{"href":"https:\/\/www.dermacenter.ch\/index.php?rest_route=\/wp\/v2\/types\/page"}],"author":[{"embeddable":true,"href":"https:\/\/www.dermacenter.ch\/index.php?rest_route=\/wp\/v2\/users\/1"}],"replies":[{"embeddable":true,"href":"https:\/\/www.dermacenter.ch\/index.php?rest_route=%2Fwp%2Fv2%2Fcomments&post=12129"}],"version-history":[{"count":4,"href":"https:\/\/www.dermacenter.ch\/index.php?rest_route=\/wp\/v2\/pages\/12129\/revisions"}],"predecessor-version":[{"id":13214,"href":"https:\/\/www.dermacenter.ch\/index.php?rest_route=\/wp\/v2\/pages\/12129\/revisions\/13214"}],"up":[{"embeddable":true,"href":"https:\/\/www.dermacenter.ch\/index.php?rest_route=\/wp\/v2\/pages\/10292"}],"wp:attachment":[{"href":"https:\/\/www.dermacenter.ch\/index.php?rest_route=%2Fwp%2Fv2%2Fmedia&parent=12129"}],"curies":[{"name":"wp","href":"https:\/\/api.w.org\/{rel}","templated":true}]}}