{"id":12108,"date":"2021-06-18T10:07:11","date_gmt":"2021-06-18T08:07:11","guid":{"rendered":"https:\/\/www.dermacenter.ch\/?page_id=12108"},"modified":"2021-06-21T23:47:04","modified_gmt":"2021-06-21T21:47:04","slug":"hyperhidrose","status":"publish","type":"page","link":"https:\/\/www.dermacenter.ch\/?page_id=12108","title":{"rendered":"Hyperhidrose"},"content":{"rendered":"  <section class=\"section\" id=\"section_219999790\">\n      <div class=\"bg section-bg fill bg-fill  \" >\n\n        \n        \n        \n        \n        \n        \n\t<div class=\"is-border\"\n\t\tstyle=\"border-color:rgb(235, 235, 235);border-width:1px 0px 0px 0px;\">\n\t<\/div>\n\n      <\/div><!-- .section-bg -->\n\n      <div class=\"section-content relative\">\n        \n      <\/div><!-- .section-content -->\n\n      \n<style scope=\"scope\">\n\n#section_219999790 {\n  padding-top: 60px;\n  padding-bottom: 60px;\n  min-height: 379px;\n  background-color: rgb(245, 245, 245);\n}\n#section_219999790 .section-bg.bg-loaded {\n  background-image: url(https:\/\/www.dermacenter.ch\/wp-content\/uploads\/2020\/12\/shutterstock_1537384751-scaled.jpg);\n}\n#section_219999790 .section-bg {\n  background-position: 0% 53%;\n}\n<\/style>\n  <\/section>\n  \n<div class=\"row\"  id=\"row-106809209\">\n<div class=\"col small-12 large-12\"  ><div class=\"col-inner\"  >\n<h1><strong>HYPERHIDROSE<\/strong><\/h1>\n<p><strong>Hyperhidrose<\/strong> bedeutet \u201c<strong>\u00fcberm\u00e4ssiges Schwitzen<\/strong>\u201c. Schwitzen ist f\u00fcr unseren Organismus lebensnotwendig, da hierdurch die K\u00f6rpertemperatur reguliert wird. Hitze, k\u00f6rperliche Anstrengung aber auch Stress f\u00fchren zu einer vermehrten Schweissbildung in den unz\u00e4hligen Schweissdr\u00fcsen der Haut. Dieser Vorgang wird durch unser vegetatives Nervensystem reguliert. Unter gewissen Umst\u00e4nden kommt es jedoch zu einer \u00fcberm\u00e4ssigen Schweissproduktion, ohne dass o.g. Belastungssituationen bestehen. Man spricht dann von einer Hyperhidrose.<br \/>Bei der generalisierten, den gesamten K\u00f6rper betreffenden Hyperhidrose, k\u00f6nnen gelegentlich Grunderkrankungen wie Schilddr\u00fcsen\u00fcberfunktion, Zuckerkrankheit, hormonelle St\u00f6rungen und bestimmte <strong>internistische Krankheiten<\/strong> die Ursache sein. Behandelt man die Grunderkrankung, verliert sich damit auch meist die Hyperhidrose.<br \/>Ein h\u00e4ufiges Problem stellt die umschriebene, fokale Hyperhidrose dar. Sie ist meist erblich. Die typischen Lokalisationen sind Achselh\u00f6hlen, Handfl\u00e4chen und Fusssohlen. Die Schweissabsonderung ist hierbei in der Regel dauerhaft erh\u00f6ht, nimmt aber bei Belastung oder Nervosit\u00e4t oft noch massiv zu.<\/p>\n<p>Zur Behandlung der fokalen Hyperhidrose gibt es mehrere M\u00f6glichkeiten: Zun\u00e4chst versucht man die \u00f6rtliche Applikation von Pr\u00e4paraten, welche Aluminiumsalze enthalten. F\u00fcr H\u00e4nde und F\u00fcsse evtl. zus\u00e4tzlich Iontophorese, eine Behandlung mit schwachem elektrischem Gleichstrom. Weitere Erfolge lassen sich zum Teil mit chirurgischen Massnahmen, ev. auch Laser, erreichen.<\/p>\n<p>Eine moderne, l\u00e4ngerfristig wirksame Methode zur Reduktion von l\u00e4stigem Achselschweiss ist die Behandlung mit <strong>Botulinum <\/strong>(Medikament: <strong>BOTOX<sup>\u00ae<\/sup><\/strong><sup>)<\/sup><\/p>\n<p>Botulinumtoxin A ist ein von Bakterien gebildetes Eiweiss, welches \u00fcber eine Hemmung bestimmter Nervenimpulse wirkt. Wird die Substanz in den Muskel gespritzt, kommt es dort zu einer Schw\u00e4chung. Dies macht man sich zur Behandlung bestimmter krankhafter Muskelverkrampfungen, aber auch bei der Gl\u00e4ttung mimischer Falten im Gesicht zu Nutze. Die fokale Hyperhidrose wird durch Injektionen kleinster Mengen der Substanz in die Haut behandelt. Hierdurch werden Nervenimpulse, welche zu den Schweissdr\u00fcsen geleitet werden gehemmt und damit die <strong>Schweissbildung unterbunden.<\/strong> Die Wirkung ist zeitlich begrenzt und h\u00e4lt in der Regel bis zu einem knappen Jahr an.<\/p>\n<p>Leiden Sie unter l\u00e4stigem, verst\u00e4rktem <strong>Achselschweiss<\/strong>? Die schonende Botulinumbehandlung eignet sich hervorragend zur langfristigen und schonenden Bek\u00e4mpfung Ihrer \u00fcberm\u00e4ssigen Schweissneigung.<\/p>\n<\/div><\/div>\n<\/div>\n  <section class=\"section\" id=\"section_2060467297\">\n      <div class=\"bg section-bg fill bg-fill  bg-loaded\" >\n\n        \n        \n        \n        \n        \n        \n\t<div class=\"is-border\"\n\t\tstyle=\"border-color:rgb(235, 235, 235);border-width:1px 0px 0px 0px;\">\n\t<\/div>\n\n      <\/div><!-- .section-bg -->\n\n      <div class=\"section-content relative\">\n        \n<div class=\"row\"  id=\"row-593859192\">\n<div class=\"col medium-6 small-12 large-6\"  ><div class=\"col-inner\"  >\n<h2><span style=\"color: #777777;\">KEY FACTS<\/span><\/h2>\n<table style=\"border-collapse: collapse; width: 100%; height: 72px;\">\n<tbody>\n<tr style=\"border-style: hidden;\">\n<td style=\"width: 29.7583%; height: 21px;\"><span style=\"color: #777777;\">Preis pro Sitzung:<\/span><\/td>\n<td style=\"width: 70.2418%; height: 21px;\"><span style=\"color: #777777;\">ab CHF 700<\/span><\/td>\n<\/tr>\n<tr style=\"border-style: hidden;\">\n<td style=\"width: 29.7583%; height: 10px;\"><span style=\"color: #777777;\">Wiederholung:<\/span><\/td>\n<td style=\"width: 70.2418%; height: 10px;\"><span style=\"color: #777777;\">6 &#8211; 12 Monate<\/span><\/td>\n<\/tr>\n<tr style=\"border-style: hidden;\">\n<td style=\"width: 29.7583%; height: 10px;\"><span style=\"color: #777777;\">Behandlungsdauer:<\/span><\/td>\n<td style=\"width: 70.2418%; height: 10px;\"><span style=\"color: #777777;\">ca. 30 Minuten<\/span><\/td>\n<\/tr>\n<tr style=\"border-style: hidden;\">\n<td style=\"width: 29.7583%; height: 10px;\"><span style=\"color: #777777;\">Verheildauer:<\/span><\/td>\n<td style=\"width: 70.2418%; height: 10px;\"><span style=\"color: #777777;\">keinerlei Wunden, sofort wieder gesellschaftsf\u00e4hig<\/span><\/td>\n<\/tr>\n<tr style=\"border-style: hidden;\">\n<td style=\"width: 29.7583%; height: 21px;\"><span style=\"color: #777777;\">Dauer ohne Sport:<\/span><\/td>\n<td style=\"width: 70.2418%; height: 21px;\"><span style=\"color: #777777;\">1 Tage<\/span><\/td>\n<\/tr>\n<\/tbody>\n<\/table>\n<\/div><\/div>\n<div class=\"col medium-6 small-12 large-6\"  ><div class=\"col-inner\"  >\n<h2 class=\"uppercase\"><a id=\"termin\"><\/a><span style=\"color: #777777;\">JETZT TERMIN VEREINBAREN<\/span><\/h2>\n<p>Unsere SpezialistInnen helfen Ihnen im pers\u00f6nlichen Gespr\u00e4ch gerne weiter. Geben Sie uns im Formular gerne Ihre Anliegen oder Bemerkungen an. Ihre Daten werden streng vertraulich behandelt.<\/p>\n<div role=\"form\" class=\"wpcf7\" id=\"wpcf7-f11901-o1\" lang=\"de-DE\" dir=\"ltr\">\n<div class=\"screen-reader-response\"><p role=\"status\" aria-live=\"polite\" aria-atomic=\"true\"><\/p> <ul><\/ul><\/div>\n<form action=\"\/index.php?rest_route=%2Fwp%2Fv2%2Fpages%2F12108#wpcf7-f11901-o1\" method=\"post\" class=\"wpcf7-form init\" novalidate=\"novalidate\" data-status=\"init\">\n<div style=\"display: none;\">\n<input type=\"hidden\" name=\"_wpcf7\" value=\"11901\" \/>\n<input type=\"hidden\" name=\"_wpcf7_version\" value=\"5.4\" \/>\n<input type=\"hidden\" name=\"_wpcf7_locale\" value=\"de_DE\" \/>\n<input type=\"hidden\" name=\"_wpcf7_unit_tag\" value=\"wpcf7-f11901-o1\" \/>\n<input type=\"hidden\" name=\"_wpcf7_container_post\" value=\"0\" \/>\n<input type=\"hidden\" name=\"_wpcf7_posted_data_hash\" value=\"\" \/>\n<input type=\"hidden\" name=\"_wpcf7cf_hidden_group_fields\" value=\"[]\" \/>\n<input type=\"hidden\" name=\"_wpcf7cf_hidden_groups\" value=\"[]\" \/>\n<input type=\"hidden\" name=\"_wpcf7cf_visible_groups\" value=\"[]\" \/>\n<input type=\"hidden\" name=\"_wpcf7cf_repeaters\" value=\"[]\" \/>\n<input type=\"hidden\" name=\"_wpcf7cf_steps\" value=\"{}\" \/>\n<input type=\"hidden\" name=\"_wpcf7cf_options\" value=\"{&quot;form_id&quot;:11901,&quot;conditions&quot;:[{&quot;then_field&quot;:&quot;Geburtsdatum&quot;,&quot;and_rules&quot;:[{&quot;if_field&quot;:&quot;menu-946&quot;,&quot;operator&quot;:&quot;equals&quot;,&quot;if_value&quot;:&quot;Ja&quot;}]}],&quot;settings&quot;:{&quot;animation&quot;:&quot;yes&quot;,&quot;animation_intime&quot;:200,&quot;animation_outtime&quot;:200,&quot;conditions_ui&quot;:&quot;normal&quot;,&quot;notice_dismissed&quot;:false,&quot;notice_dismissed_update-cf7-5.4.1&quot;:true,&quot;notice_dismissed_update-cf7-5.6.3&quot;:true,&quot;notice_dismissed_update-cf7-5.7.5.1&quot;:true}}\" \/>\n<\/div>\n<p><label> Sind Sie bestehender Patient?<br \/>\n<span class=\"wpcf7-form-control-wrap menu-946\"><select name=\"menu-946\" class=\"wpcf7-form-control wpcf7-select wpcf7-validates-as-required\" aria-required=\"true\" aria-invalid=\"false\"><option value=\"Nein\">Nein<\/option><option value=\"Ja\">Ja<\/option><\/select><\/span><br \/>\n<\/label><br \/>\n<label> Ihr Name (*)<br \/>\n    <span class=\"wpcf7-form-control-wrap your-name\"><input type=\"text\" name=\"your-name\" value=\"\" size=\"40\" class=\"wpcf7-form-control wpcf7-text wpcf7-validates-as-required\" aria-required=\"true\" aria-invalid=\"false\" \/><\/span> <\/label><\/p>\n<p><label> Ihre E-Mail-Adresse (*)<br \/>\n    <span class=\"wpcf7-form-control-wrap your-email\"><input type=\"email\" name=\"your-email\" value=\"\" size=\"40\" class=\"wpcf7-form-control wpcf7-text wpcf7-email wpcf7-validates-as-required wpcf7-validates-as-email\" aria-required=\"true\" aria-invalid=\"false\" \/><\/span> <\/label><\/p>\n<div data-id=\"Geburtsdatum\" data-orig_data_id=\"Geburtsdatum\"  class=\"\" data-class=\"wpcf7cf_group\"><label>Ihr Geburtsdatum (bei bestehenden Patienten)<br \/>\n<span class=\"wpcf7-form-control-wrap Geburtsdatum\"><input type=\"date\" name=\"Geburtsdatum\" value=\"\" class=\"wpcf7-form-control wpcf7-date wpcf7-validates-as-required wpcf7-validates-as-date\" aria-required=\"true\" aria-invalid=\"false\" \/><\/span><\/label><\/div>\n<p><label> Betreff<br \/>\n    <span class=\"wpcf7-form-control-wrap your-subject\"><input type=\"text\" name=\"your-subject\" value=\"\" size=\"40\" class=\"wpcf7-form-control wpcf7-text\" aria-invalid=\"false\" \/><\/span> <\/label><\/p>\n<p><label> Ihre Nachricht<br \/>\n    <span class=\"wpcf7-form-control-wrap your-message\"><textarea name=\"your-message\" cols=\"40\" rows=\"10\" class=\"wpcf7-form-control wpcf7-textarea\" aria-invalid=\"false\"><\/textarea><\/span> <\/label><br \/>\n<span id=\"wpcf7-69f467c6b8245-wrapper\" class=\"wpcf7-form-control-wrap honey-wrap\" style=\"display:none !important; visibility:hidden !important;\"><label for=\"wpcf7-69f467c6b8245-field\" class=\"hp-message\">Bitte lasse dieses Feld leer.<\/label><input id=\"wpcf7-69f467c6b8245-field\"  class=\"wpcf7-form-control wpcf7-text\" type=\"text\" name=\"honey\" value=\"\" size=\"40\" tabindex=\"-1\" autocomplete=\"new-password\" \/><\/span><\/p>\n<p><input type=\"submit\" value=\"Senden\" class=\"wpcf7-form-control wpcf7-submit\" \/><\/p>\n<p>* Pflichtfelder<\/p>\n<div class=\"wpcf7-response-output\" aria-hidden=\"true\"><\/div><\/form><\/div>\n<\/div><\/div>\n<\/div>\n      <\/div><!-- .section-content -->\n\n      \n<style scope=\"scope\">\n\n#section_2060467297 {\n  padding-top: 27px;\n  padding-bottom: 27px;\n  min-height: 300px;\n  background-color: #FFD194;\n}\n<\/style>\n  <\/section>\n  \n","protected":false},"excerpt":{"rendered":"","protected":false},"author":1,"featured_media":0,"parent":10361,"menu_order":0,"comment_status":"closed","ping_status":"closed","template":"page-blank.php","meta":[],"yoast_head":"<!-- This site is optimized with the Yoast SEO plugin v15.5 - https:\/\/yoast.com\/wordpress\/plugins\/seo\/ -->\n<title>Hyperhidrose - Dermacenter AG<\/title>\n<meta name=\"robots\" content=\"index, follow, max-snippet:-1, max-image-preview:large, max-video-preview:-1\" \/>\n<link rel=\"canonical\" href=\"https:\/\/www.dermacenter.ch\/?page_id=12108\" \/>\n<meta property=\"og:locale\" content=\"de_DE\" \/>\n<meta property=\"og:type\" content=\"article\" \/>\n<meta property=\"og:title\" content=\"Hyperhidrose - Dermacenter AG\" \/>\n<meta property=\"og:url\" content=\"https:\/\/www.dermacenter.ch\/?page_id=12108\" \/>\n<meta property=\"og:site_name\" content=\"Dermacenter AG\" \/>\n<meta property=\"article:modified_time\" content=\"2021-06-21T21:47:04+00:00\" \/>\n<meta name=\"twitter:card\" content=\"summary_large_image\" \/>\n<meta name=\"twitter:label1\" content=\"Gesch\u00e4tzte Lesezeit\">\n\t<meta name=\"twitter:data1\" content=\"2\u00a0Minuten\">\n<script type=\"application\/ld+json\" class=\"yoast-schema-graph\">{\"@context\":\"https:\/\/schema.org\",\"@graph\":[{\"@type\":\"WebSite\",\"@id\":\"https:\/\/www.dermacenter.ch\/#website\",\"url\":\"https:\/\/www.dermacenter.ch\/\",\"name\":\"Dermacenter AG\",\"description\":\"\",\"potentialAction\":[{\"@type\":\"SearchAction\",\"target\":\"https:\/\/www.dermacenter.ch\/?s={search_term_string}\",\"query-input\":\"required name=search_term_string\"}],\"inLanguage\":\"de\"},{\"@type\":\"WebPage\",\"@id\":\"https:\/\/www.dermacenter.ch\/?page_id=12108#webpage\",\"url\":\"https:\/\/www.dermacenter.ch\/?page_id=12108\",\"name\":\"Hyperhidrose - Dermacenter AG\",\"isPartOf\":{\"@id\":\"https:\/\/www.dermacenter.ch\/#website\"},\"datePublished\":\"2021-06-18T08:07:11+00:00\",\"dateModified\":\"2021-06-21T21:47:04+00:00\",\"inLanguage\":\"de\",\"potentialAction\":[{\"@type\":\"ReadAction\",\"target\":[\"https:\/\/www.dermacenter.ch\/?page_id=12108\"]}]}]}<\/script>\n<!-- \/ Yoast SEO plugin. -->","_links":{"self":[{"href":"https:\/\/www.dermacenter.ch\/index.php?rest_route=\/wp\/v2\/pages\/12108"}],"collection":[{"href":"https:\/\/www.dermacenter.ch\/index.php?rest_route=\/wp\/v2\/pages"}],"about":[{"href":"https:\/\/www.dermacenter.ch\/index.php?rest_route=\/wp\/v2\/types\/page"}],"author":[{"embeddable":true,"href":"https:\/\/www.dermacenter.ch\/index.php?rest_route=\/wp\/v2\/users\/1"}],"replies":[{"embeddable":true,"href":"https:\/\/www.dermacenter.ch\/index.php?rest_route=%2Fwp%2Fv2%2Fcomments&post=12108"}],"version-history":[{"count":3,"href":"https:\/\/www.dermacenter.ch\/index.php?rest_route=\/wp\/v2\/pages\/12108\/revisions"}],"predecessor-version":[{"id":12215,"href":"https:\/\/www.dermacenter.ch\/index.php?rest_route=\/wp\/v2\/pages\/12108\/revisions\/12215"}],"up":[{"embeddable":true,"href":"https:\/\/www.dermacenter.ch\/index.php?rest_route=\/wp\/v2\/pages\/10361"}],"wp:attachment":[{"href":"https:\/\/www.dermacenter.ch\/index.php?rest_route=%2Fwp%2Fv2%2Fmedia&parent=12108"}],"curies":[{"name":"wp","href":"https:\/\/api.w.org\/{rel}","templated":true}]}}