{"id":12073,"date":"2021-06-18T08:57:36","date_gmt":"2021-06-18T06:57:36","guid":{"rendered":"https:\/\/www.dermacenter.ch\/?page_id=12073"},"modified":"2021-06-21T22:15:13","modified_gmt":"2021-06-21T20:15:13","slug":"schuppenflechte","status":"publish","type":"page","link":"https:\/\/www.dermacenter.ch\/?page_id=12073","title":{"rendered":"Schuppenflechte"},"content":{"rendered":"  <section class=\"section\" id=\"section_544503946\">\n      <div class=\"bg section-bg fill bg-fill  \" >\n\n        \n        \n        \n        \n        \n        \n\t<div class=\"is-border\"\n\t\tstyle=\"border-color:rgb(235, 235, 235);border-width:1px 0px 0px 0px;\">\n\t<\/div>\n\n      <\/div><!-- .section-bg -->\n\n      <div class=\"section-content relative\">\n        \n      <\/div><!-- .section-content -->\n\n      \n<style scope=\"scope\">\n\n#section_544503946 {\n  padding-top: 60px;\n  padding-bottom: 60px;\n  min-height: 379px;\n  background-color: rgb(245, 245, 245);\n}\n#section_544503946 .section-bg.bg-loaded {\n  background-image: url(https:\/\/www.dermacenter.ch\/wp-content\/uploads\/2020\/12\/Psoriasis-capitis-2.jpg);\n}\n#section_544503946 .section-bg {\n  background-position: 0% 66%;\n}\n<\/style>\n  <\/section>\n  \n<div class=\"row\"  id=\"row-1657670141\">\n<div class=\"col small-12 large-12\"  ><div class=\"col-inner\"  >\n<h1><strong>SCHUPPENFLECHTE<\/strong><\/h1>\n<p>Ca. 2% der Menschen leiden unter einer <strong>Schuppenflechte<\/strong>, in der medizinischen Fachsprache Psoriasis genannt. Sie kann in jedem Lebensalter neu auftreten und wird streng vererbt. Es gibt akute Verl\u00e4ufe, die meistens im Rahmen eines bakteriellen Infektes, z.B. durch Streptokokken, auftreten und rasch abklingen. Daneben kennen wir chronische Verl\u00e4ufe, welche lebensbegleitend sind. Typisch sind oft juckende, stark schuppende Hautausschl\u00e4ge im Bereich von Kopfhaut und Gelenkstreckseiten, bei 80% der Patienten sind auch die N\u00e4gel betroffen. Bei 30% der Patienten kann es zus\u00e4tzlich zu einem Gelenkbefall kommen, der sog. Psoriasisarthritis. In diesen F\u00e4llen ist eine Zusammenarbeit mit einem Rheumatologen sinnvoll. Dar\u00fcber hinaus ist der Patient mit Psoriasis gef\u00e4hrdet, im Verlaufe seines Lebens Herzkreislauferkrankungen zu entwickeln, weshalb ggf. mit dem Hausarzt eng zusammengearbeitet werden sollte. Dies auch deshalb, da bestimmte internistische Medikamente in manchen F\u00e4llen psoriasisausl\u00f6send wirken k\u00f6nnen.<\/p>\n<div class=\"gap-element\" style=\"display:block; height:auto; padding-top:30px\" class=\"clearfix\"><\/div>\n<a href=\"#termin\" target=\"_self\" class=\"button primary lowercase\"  >\n    <span>Jetzt Termin vereinbaren<\/span>\n  <\/a>\n\n<div class=\"gap-element\" style=\"display:block; height:auto; padding-top:30px\" class=\"clearfix\"><\/div>\n<h2>SCHUPPENFLECHTE THERAPIE<\/h2>\n<p>Heutzutage stehen uns hervorragende <strong>neue Medikamente<\/strong> zur Verf\u00fcgung, um eine Schuppenflechte stadiengerecht zu behandeln.<\/p>\n<p>Am Anfang kommen Salben zur Anwendung, welche Vitamin D, teils mit Kortisonzusatz, enthalten, ausserdem eine Basispflege mit r\u00fcckfettenden Cremes, Lotionen und Waschemulsionen. Als weitere Massnahme kann eine Lichttherapie eingesetzt werden. Diese wird bei uns im Dermacenter nach \u00e4rztlicher Verordnung angeboten und kann unkompliziert, in der Regel ohne Terminvereinbarung, genutzt werden. In schwereren F\u00e4llen sind hochwirksame innerliche Medikamente, z.B. die sogenannten Biologika, von Nutzen. In den letzten Jahren hat die medizinische Forschung mit diesen neuen Medikamenten grosse Fortschritte f\u00fcr Patienten mit ausgepr\u00e4gter Psoriasis und insbesondere auch mit Psoriasisarthritis gamacht. Bei uns im Dermacenter steht immer die eindeutige Diagnosefindung zu Beginn. Dann werden, gemeinsam mit dem Patienten, <strong>individuelle Behandlungskonzepte<\/strong> entwickelt.<\/p>\n<\/div><\/div>\n<\/div>\n  <section class=\"section\" id=\"section_1264974127\">\n      <div class=\"bg section-bg fill bg-fill  bg-loaded\" >\n\n        \n        \n        \n        \n        \n        \n\t<div class=\"is-border\"\n\t\tstyle=\"border-color:rgb(235, 235, 235);border-width:1px 0px 0px 0px;\">\n\t<\/div>\n\n      <\/div><!-- .section-bg -->\n\n      <div class=\"section-content relative\">\n        \n<div class=\"row\"  id=\"row-56791887\">\n<div class=\"col small-12 large-12\"  ><div class=\"col-inner\"  >\n<h2 class=\"uppercase\"><a id=\"termin\"><\/a><span style=\"color: #777777;\">JETZT TERMIN VEREINBAREN<\/span><\/h2>\n<p><span style=\"color: #777777;\">Unsere SpezialistInnen helfen Ihnen im pers\u00f6nlichen Gespr\u00e4ch gerne weiter. Geben Sie uns im Formular gerne Ihre Anliegen oder Bemerkungen an. Ihre Daten werden streng vertraulich behandelt.<\/span><\/p>\n<\/div><\/div>\n<\/div>\n<div class=\"row\"  id=\"row-61504843\">\n<div class=\"col medium-6 small-12 large-6\"  ><div class=\"col-inner\"  >\n<div role=\"form\" class=\"wpcf7\" id=\"wpcf7-f11901-o1\" lang=\"de-DE\" dir=\"ltr\">\n<div class=\"screen-reader-response\"><p role=\"status\" aria-live=\"polite\" aria-atomic=\"true\"><\/p> <ul><\/ul><\/div>\n<form action=\"\/index.php?rest_route=%2Fwp%2Fv2%2Fpages%2F12073#wpcf7-f11901-o1\" method=\"post\" class=\"wpcf7-form init\" novalidate=\"novalidate\" data-status=\"init\">\n<div style=\"display: none;\">\n<input type=\"hidden\" name=\"_wpcf7\" value=\"11901\" \/>\n<input type=\"hidden\" name=\"_wpcf7_version\" value=\"5.4\" \/>\n<input type=\"hidden\" name=\"_wpcf7_locale\" value=\"de_DE\" \/>\n<input type=\"hidden\" name=\"_wpcf7_unit_tag\" value=\"wpcf7-f11901-o1\" \/>\n<input type=\"hidden\" name=\"_wpcf7_container_post\" value=\"0\" \/>\n<input type=\"hidden\" name=\"_wpcf7_posted_data_hash\" value=\"\" \/>\n<input type=\"hidden\" name=\"_wpcf7cf_hidden_group_fields\" value=\"[]\" \/>\n<input type=\"hidden\" name=\"_wpcf7cf_hidden_groups\" value=\"[]\" \/>\n<input type=\"hidden\" name=\"_wpcf7cf_visible_groups\" value=\"[]\" \/>\n<input type=\"hidden\" name=\"_wpcf7cf_repeaters\" value=\"[]\" \/>\n<input type=\"hidden\" name=\"_wpcf7cf_steps\" value=\"{}\" \/>\n<input type=\"hidden\" name=\"_wpcf7cf_options\" value=\"{&quot;form_id&quot;:11901,&quot;conditions&quot;:[{&quot;then_field&quot;:&quot;Geburtsdatum&quot;,&quot;and_rules&quot;:[{&quot;if_field&quot;:&quot;menu-946&quot;,&quot;operator&quot;:&quot;equals&quot;,&quot;if_value&quot;:&quot;Ja&quot;}]}],&quot;settings&quot;:{&quot;animation&quot;:&quot;yes&quot;,&quot;animation_intime&quot;:200,&quot;animation_outtime&quot;:200,&quot;conditions_ui&quot;:&quot;normal&quot;,&quot;notice_dismissed&quot;:false,&quot;notice_dismissed_update-cf7-5.4.1&quot;:true,&quot;notice_dismissed_update-cf7-5.6.3&quot;:true,&quot;notice_dismissed_update-cf7-5.7.5.1&quot;:true}}\" \/>\n<\/div>\n<p><label> Sind Sie bestehender Patient?<br \/>\n<span class=\"wpcf7-form-control-wrap menu-946\"><select name=\"menu-946\" class=\"wpcf7-form-control wpcf7-select wpcf7-validates-as-required\" aria-required=\"true\" aria-invalid=\"false\"><option value=\"Nein\">Nein<\/option><option value=\"Ja\">Ja<\/option><\/select><\/span><br \/>\n<\/label><br \/>\n<label> Ihr Name (*)<br \/>\n    <span class=\"wpcf7-form-control-wrap your-name\"><input type=\"text\" name=\"your-name\" value=\"\" size=\"40\" class=\"wpcf7-form-control wpcf7-text wpcf7-validates-as-required\" aria-required=\"true\" aria-invalid=\"false\" \/><\/span> <\/label><\/p>\n<p><label> Ihre E-Mail-Adresse (*)<br \/>\n    <span class=\"wpcf7-form-control-wrap your-email\"><input type=\"email\" name=\"your-email\" value=\"\" size=\"40\" class=\"wpcf7-form-control wpcf7-text wpcf7-email wpcf7-validates-as-required wpcf7-validates-as-email\" aria-required=\"true\" aria-invalid=\"false\" \/><\/span> <\/label><\/p>\n<div data-id=\"Geburtsdatum\" data-orig_data_id=\"Geburtsdatum\"  class=\"\" data-class=\"wpcf7cf_group\"><label>Ihr Geburtsdatum (bei bestehenden Patienten)<br \/>\n<span class=\"wpcf7-form-control-wrap Geburtsdatum\"><input type=\"date\" name=\"Geburtsdatum\" value=\"\" class=\"wpcf7-form-control wpcf7-date wpcf7-validates-as-required wpcf7-validates-as-date\" aria-required=\"true\" aria-invalid=\"false\" \/><\/span><\/label><\/div>\n<p><label> Betreff<br \/>\n    <span class=\"wpcf7-form-control-wrap your-subject\"><input type=\"text\" name=\"your-subject\" value=\"\" size=\"40\" class=\"wpcf7-form-control wpcf7-text\" aria-invalid=\"false\" \/><\/span> <\/label><\/p>\n<p><label> Ihre Nachricht<br \/>\n    <span class=\"wpcf7-form-control-wrap your-message\"><textarea name=\"your-message\" cols=\"40\" rows=\"10\" class=\"wpcf7-form-control wpcf7-textarea\" aria-invalid=\"false\"><\/textarea><\/span> <\/label><br \/>\n<span id=\"wpcf7-69f467dc1c0e9-wrapper\" class=\"wpcf7-form-control-wrap honey-wrap\" style=\"display:none !important; visibility:hidden !important;\"><label for=\"wpcf7-69f467dc1c0e9-field\" class=\"hp-message\">Bitte lasse dieses Feld leer.<\/label><input id=\"wpcf7-69f467dc1c0e9-field\"  class=\"wpcf7-form-control wpcf7-text\" type=\"text\" name=\"honey\" value=\"\" size=\"40\" tabindex=\"-1\" autocomplete=\"new-password\" \/><\/span><\/p>\n<p><input type=\"submit\" value=\"Senden\" class=\"wpcf7-form-control wpcf7-submit\" \/><\/p>\n<p>* Pflichtfelder<\/p>\n<div class=\"wpcf7-response-output\" aria-hidden=\"true\"><\/div><\/form><\/div>\n<\/div><\/div>\n<div class=\"col medium-6 small-12 large-6\"  ><div class=\"col-inner\"  >\n<\/div><\/div>\n<\/div>\n      <\/div><!-- .section-content -->\n\n      \n<style scope=\"scope\">\n\n#section_1264974127 {\n  padding-top: 60px;\n  padding-bottom: 60px;\n  min-height: 300px;\n  background-color: #FFD194;\n}\n<\/style>\n  <\/section>\n  \n","protected":false},"excerpt":{"rendered":"","protected":false},"author":1,"featured_media":0,"parent":8169,"menu_order":0,"comment_status":"closed","ping_status":"closed","template":"page-blank.php","meta":[],"yoast_head":"<!-- This site is optimized with the Yoast SEO plugin v15.5 - https:\/\/yoast.com\/wordpress\/plugins\/seo\/ -->\n<title>Schuppenflechte - Dermacenter AG<\/title>\n<meta name=\"robots\" content=\"index, follow, max-snippet:-1, max-image-preview:large, max-video-preview:-1\" \/>\n<link rel=\"canonical\" href=\"https:\/\/www.dermacenter.ch\/?page_id=12073\" \/>\n<meta property=\"og:locale\" content=\"de_DE\" \/>\n<meta property=\"og:type\" content=\"article\" \/>\n<meta property=\"og:title\" content=\"Schuppenflechte - Dermacenter AG\" \/>\n<meta property=\"og:url\" content=\"https:\/\/www.dermacenter.ch\/?page_id=12073\" \/>\n<meta property=\"og:site_name\" content=\"Dermacenter AG\" \/>\n<meta property=\"article:modified_time\" content=\"2021-06-21T20:15:13+00:00\" \/>\n<meta name=\"twitter:card\" content=\"summary_large_image\" \/>\n<meta name=\"twitter:label1\" content=\"Gesch\u00e4tzte Lesezeit\">\n\t<meta name=\"twitter:data1\" content=\"2\u00a0Minuten\">\n<script type=\"application\/ld+json\" class=\"yoast-schema-graph\">{\"@context\":\"https:\/\/schema.org\",\"@graph\":[{\"@type\":\"WebSite\",\"@id\":\"https:\/\/www.dermacenter.ch\/#website\",\"url\":\"https:\/\/www.dermacenter.ch\/\",\"name\":\"Dermacenter AG\",\"description\":\"\",\"potentialAction\":[{\"@type\":\"SearchAction\",\"target\":\"https:\/\/www.dermacenter.ch\/?s={search_term_string}\",\"query-input\":\"required name=search_term_string\"}],\"inLanguage\":\"de\"},{\"@type\":\"WebPage\",\"@id\":\"https:\/\/www.dermacenter.ch\/?page_id=12073#webpage\",\"url\":\"https:\/\/www.dermacenter.ch\/?page_id=12073\",\"name\":\"Schuppenflechte - Dermacenter AG\",\"isPartOf\":{\"@id\":\"https:\/\/www.dermacenter.ch\/#website\"},\"datePublished\":\"2021-06-18T06:57:36+00:00\",\"dateModified\":\"2021-06-21T20:15:13+00:00\",\"inLanguage\":\"de\",\"potentialAction\":[{\"@type\":\"ReadAction\",\"target\":[\"https:\/\/www.dermacenter.ch\/?page_id=12073\"]}]}]}<\/script>\n<!-- \/ Yoast SEO plugin. -->","_links":{"self":[{"href":"https:\/\/www.dermacenter.ch\/index.php?rest_route=\/wp\/v2\/pages\/12073"}],"collection":[{"href":"https:\/\/www.dermacenter.ch\/index.php?rest_route=\/wp\/v2\/pages"}],"about":[{"href":"https:\/\/www.dermacenter.ch\/index.php?rest_route=\/wp\/v2\/types\/page"}],"author":[{"embeddable":true,"href":"https:\/\/www.dermacenter.ch\/index.php?rest_route=\/wp\/v2\/users\/1"}],"replies":[{"embeddable":true,"href":"https:\/\/www.dermacenter.ch\/index.php?rest_route=%2Fwp%2Fv2%2Fcomments&post=12073"}],"version-history":[{"count":4,"href":"https:\/\/www.dermacenter.ch\/index.php?rest_route=\/wp\/v2\/pages\/12073\/revisions"}],"predecessor-version":[{"id":12181,"href":"https:\/\/www.dermacenter.ch\/index.php?rest_route=\/wp\/v2\/pages\/12073\/revisions\/12181"}],"up":[{"embeddable":true,"href":"https:\/\/www.dermacenter.ch\/index.php?rest_route=\/wp\/v2\/pages\/8169"}],"wp:attachment":[{"href":"https:\/\/www.dermacenter.ch\/index.php?rest_route=%2Fwp%2Fv2%2Fmedia&parent=12073"}],"curies":[{"name":"wp","href":"https:\/\/api.w.org\/{rel}","templated":true}]}}